{"id":42296,"date":"2026-04-15T22:34:30","date_gmt":"2026-04-15T19:34:30","guid":{"rendered":"https:\/\/www.gasia.com.tr\/?post_type=product&#038;p=42296"},"modified":"2026-04-15T22:34:31","modified_gmt":"2026-04-15T19:34:31","slug":"istanbul-martilari-figurlu-bulut-tasarimli-altin-kolye","status":"publish","type":"product","link":"https:\/\/www.gasia.com.tr\/en\/collections\/istanbul-martilari-figurlu-bulut-tasarimli-altin-kolye\/","title":{"rendered":"\u0130stanbul mart\u0131lar\u0131 fig\u00fcrl\u00fc bulut tasar\u0131ml\u0131 alt\u0131n kolye"},"content":{"rendered":"<p data-start=\"70\" data-end=\"395\">\u0130stanbul\u2019un simgesi haline gelen mart\u0131lardan ilham alan bu \u00f6zel tasar\u0131m kolye, bulut formu i\u00e7erisinde \u00f6zg\u00fcrce s\u00fcz\u00fclen ku\u015f fig\u00fcr\u00fcyle \u015fehrin ruhunu zarif bir \u015fekilde yans\u0131t\u0131r. Siyah tonlu ta\u015flarla detayland\u0131r\u0131lm\u0131\u015f mart\u0131 fig\u00fcr\u00fc, alt\u0131n \u00e7er\u00e7evenin s\u0131cakl\u0131\u011f\u0131yla birle\u015ferek g\u00fc\u00e7l\u00fc ve sofistike bir g\u00f6r\u00fcn\u00fcm sunar.<\/p>\n<p data-start=\"397\" data-end=\"572\">Hafif ve ak\u0131c\u0131 tasar\u0131m\u0131 sayesinde boyunda zarif bir duru\u015f sergileyen bu kolye, g\u00fcnl\u00fck kullan\u0131mda \u015f\u0131k bir dokunu\u015f katarken \u00f6zel anlarda da anlaml\u0131 bir par\u00e7a olarak \u00f6ne \u00e7\u0131kar.<\/p>\n<p data-start=\"574\" data-end=\"700\">\u0130stanbul\u2019a duyulan ba\u011fl\u0131l\u0131\u011f\u0131 ve \u00f6zg\u00fcrl\u00fck hissini stiline yans\u0131tmak isteyenler i\u00e7in modern ve karakter sahibi bir tasar\u0131md\u0131r.<\/p>","protected":false},"excerpt":{"rendered":"<p>\u0130stanbul\u2019un simgesi haline gelen mart\u0131lardan ilham alan bu \u00f6zel tasar\u0131m kolye, bulut formu i\u00e7erisinde \u00f6zg\u00fcrce s\u00fcz\u00fclen ku\u015f fig\u00fcr\u00fcyle \u015fehrin ruhunu<\/p>","protected":false},"featured_media":42297,"comment_status":"open","ping_status":"closed","template":"","meta":[],"product_brand":[2718],"product_cat":[247,248,260,75],"product_tag":[278,629,3463,3466,3299,322,3461,3464,473,626,3462,3465,274],"class_list":{"0":"post-42296","1":"product","2":"type-product","3":"status-publish","4":"has-post-thumbnail","6":"product_brand-gasia-casuals","7":"product_cat-hediyelik","8":"product_cat-istanbul-koleksiyonu","9":"product_cat-kadin","10":"product_cat-kolye","11":"product_tag-altin-kolye","12":"product_tag-bird-necklace","13":"product_tag-bulut-kolye","14":"product_tag-cloud-necklace","15":"product_tag-designer-jewelry","16":"product_tag-gold-necklace","17":"product_tag-istanbul-kolye","18":"product_tag-istanbul-necklace","19":"product_tag-kadin-kolye","20":"product_tag-kus-kolye","21":"product_tag-marti-kolye","22":"product_tag-seagull-necklace","23":"product_tag-tasarim-kolye","24":"pa_cinsiyet-kadin","26":"first","27":"instock","28":"shipping-taxable","29":"product-type-simple"},"_links":{"self":[{"href":"https:\/\/www.gasia.com.tr\/en\/wp-json\/wp\/v2\/product\/42296","targetHints":{"allow":["GET"]}}],"collection":[{"href":"https:\/\/www.gasia.com.tr\/en\/wp-json\/wp\/v2\/product"}],"about":[{"href":"https:\/\/www.gasia.com.tr\/en\/wp-json\/wp\/v2\/types\/product"}],"replies":[{"embeddable":true,"href":"https:\/\/www.gasia.com.tr\/en\/wp-json\/wp\/v2\/comments?post=42296"}],"version-history":[{"count":1,"href":"https:\/\/www.gasia.com.tr\/en\/wp-json\/wp\/v2\/product\/42296\/revisions"}],"predecessor-version":[{"id":42298,"href":"https:\/\/www.gasia.com.tr\/en\/wp-json\/wp\/v2\/product\/42296\/revisions\/42298"}],"wp:featuredmedia":[{"embeddable":true,"href":"https:\/\/www.gasia.com.tr\/en\/wp-json\/wp\/v2\/media\/42297"}],"wp:attachment":[{"href":"https:\/\/www.gasia.com.tr\/en\/wp-json\/wp\/v2\/media?parent=42296"}],"wp:term":[{"taxonomy":"product_brand","embeddable":true,"href":"https:\/\/www.gasia.com.tr\/en\/wp-json\/wp\/v2\/product_brand?post=42296"},{"taxonomy":"product_cat","embeddable":true,"href":"https:\/\/www.gasia.com.tr\/en\/wp-json\/wp\/v2\/product_cat?post=42296"},{"taxonomy":"product_tag","embeddable":true,"href":"https:\/\/www.gasia.com.tr\/en\/wp-json\/wp\/v2\/product_tag?post=42296"}],"curies":[{"name":"wp","href":"https:\/\/api.w.org\/{rel}","templated":true}]}}