{"id":42299,"date":"2026-04-15T22:37:43","date_gmt":"2026-04-15T19:37:43","guid":{"rendered":"https:\/\/www.gasia.com.tr\/?post_type=product&#038;p=42299"},"modified":"2026-04-15T22:37:43","modified_gmt":"2026-04-15T19:37:43","slug":"kalp-form-tamtur-beyaz-altin-yuzuk","status":"publish","type":"product","link":"https:\/\/www.gasia.com.tr\/en\/collections\/kalp-form-tamtur-beyaz-altin-yuzuk\/","title":{"rendered":"Kalp form tamtur beyaz alt\u0131n y\u00fcz\u00fck"},"content":{"rendered":"<p data-start=\"70\" data-end=\"331\">Zarif kalp formlar\u0131n\u0131n ard\u0131\u015f\u0131k dizilimiyle tasarlanan bu y\u00fcz\u00fck, her bir kalbin i\u00e7erisinde yer alan \u00fc\u00e7 adet p\u0131rlanta ile \u0131\u015f\u0131lt\u0131s\u0131n\u0131 kat kat art\u0131r\u0131r. Detaylardaki bu \u00f6zel i\u015f\u00e7ilik, y\u00fcz\u00fc\u011fe hem derinlik hem de g\u00f6z al\u0131c\u0131 bir parlakl\u0131k kazand\u0131r\u0131r.<\/p>\n<p data-start=\"333\" data-end=\"562\">Tam tur formu sayesinde kesintisiz bir \u015f\u0131kl\u0131k sunan tasar\u0131m, beyaz alt\u0131n\u0131n modern ve sofistike g\u00f6r\u00fcn\u00fcm\u00fcyle tamamlan\u0131r. Tek ba\u015f\u0131na g\u00fc\u00e7l\u00fc bir stil ifadesi yarat\u0131rken, di\u011fer y\u00fcz\u00fcklerle kombinlenerek de farkl\u0131 tarzlara uyum sa\u011flar.<\/p>\n<p data-start=\"564\" data-end=\"660\">Romantik anlam\u0131 g\u00fc\u00e7l\u00fc, zarif ve dikkat \u00e7ekici bir m\u00fccevher arayanlar i\u00e7in \u00f6zel bir se\u00e7enektir.<\/p>","protected":false},"excerpt":{"rendered":"<p>Zarif kalp formlar\u0131n\u0131n ard\u0131\u015f\u0131k dizilimiyle tasarlanan bu y\u00fcz\u00fck, her bir kalbin i\u00e7erisinde yer alan \u00fc\u00e7 adet p\u0131rlanta ile \u0131\u015f\u0131lt\u0131s\u0131n\u0131 kat<\/p>","protected":false},"featured_media":42300,"comment_status":"open","ping_status":"closed","template":"","meta":[],"product_brand":[2718],"product_cat":[3467,76],"product_tag":[2328,654,2926,1015,3469,520,3468,335,3132,1013,3470,998,3285],"class_list":{"0":"post-42299","1":"product","2":"type-product","3":"status-publish","4":"has-post-thumbnail","6":"product_brand-gasia-casuals","7":"product_cat-evlilik","8":"product_cat-yuzuk-modelleri","9":"product_tag-beyaz-altin-yuzuk","10":"product_tag-diamond-ring","11":"product_tag-elegant-jewelry","12":"product_tag-eternity-ring","13":"product_tag-heart-ring","14":"product_tag-kadin-yuzuk","15":"product_tag-kalp-yuzuk","16":"product_tag-pirlanta-yuzuk","17":"product_tag-romantik-yuzuk","18":"product_tag-tam-tur-yuzuk","19":"product_tag-triple-diamond-ring","20":"product_tag-uc-tas-yuzuk","21":"product_tag-white-gold-ring","22":"pa_cinsiyet-kadin","24":"first","25":"instock","26":"shipping-taxable","27":"product-type-simple"},"_links":{"self":[{"href":"https:\/\/www.gasia.com.tr\/en\/wp-json\/wp\/v2\/product\/42299","targetHints":{"allow":["GET"]}}],"collection":[{"href":"https:\/\/www.gasia.com.tr\/en\/wp-json\/wp\/v2\/product"}],"about":[{"href":"https:\/\/www.gasia.com.tr\/en\/wp-json\/wp\/v2\/types\/product"}],"replies":[{"embeddable":true,"href":"https:\/\/www.gasia.com.tr\/en\/wp-json\/wp\/v2\/comments?post=42299"}],"version-history":[{"count":1,"href":"https:\/\/www.gasia.com.tr\/en\/wp-json\/wp\/v2\/product\/42299\/revisions"}],"predecessor-version":[{"id":42301,"href":"https:\/\/www.gasia.com.tr\/en\/wp-json\/wp\/v2\/product\/42299\/revisions\/42301"}],"wp:featuredmedia":[{"embeddable":true,"href":"https:\/\/www.gasia.com.tr\/en\/wp-json\/wp\/v2\/media\/42300"}],"wp:attachment":[{"href":"https:\/\/www.gasia.com.tr\/en\/wp-json\/wp\/v2\/media?parent=42299"}],"wp:term":[{"taxonomy":"product_brand","embeddable":true,"href":"https:\/\/www.gasia.com.tr\/en\/wp-json\/wp\/v2\/product_brand?post=42299"},{"taxonomy":"product_cat","embeddable":true,"href":"https:\/\/www.gasia.com.tr\/en\/wp-json\/wp\/v2\/product_cat?post=42299"},{"taxonomy":"product_tag","embeddable":true,"href":"https:\/\/www.gasia.com.tr\/en\/wp-json\/wp\/v2\/product_tag?post=42299"}],"curies":[{"name":"wp","href":"https:\/\/api.w.org\/{rel}","templated":true}]}}