{"id":42302,"date":"2026-04-15T22:39:26","date_gmt":"2026-04-15T19:39:26","guid":{"rendered":"https:\/\/www.gasia.com.tr\/?post_type=product&#038;p=42302"},"modified":"2026-04-15T22:39:26","modified_gmt":"2026-04-15T19:39:26","slug":"zumrut-tasli-pirlanta-detayli-bombeli-altin-yuzuk","status":"publish","type":"product","link":"https:\/\/www.gasia.com.tr\/en\/collections\/zumrut-tasli-pirlanta-detayli-bombeli-altin-yuzuk\/","title":{"rendered":"Z\u00fcmr\u00fct ta\u015fl\u0131 p\u0131rlanta detayl\u0131 bombeli alt\u0131n y\u00fcz\u00fck"},"content":{"rendered":"<p data-start=\"65\" data-end=\"379\">Canl\u0131 z\u00fcmr\u00fct ta\u015flar\u0131n bir araya gelerek olu\u015fturdu\u011fu etkileyici y\u00fczeyiyle \u00f6ne \u00e7\u0131kan bu y\u00fcz\u00fck, hacimli ve g\u00f6z al\u0131c\u0131 tasar\u0131m\u0131yla dikkat \u00e7eker. Oval kesim z\u00fcmr\u00fctler, bombeli form \u00fczerinde derinlik ve zenginlik hissi yarat\u0131rken \u00e7evresini saran p\u0131rlanta detaylar \u0131\u015f\u0131lt\u0131y\u0131 zarif bir \u015fekilde tamamlar.<\/p>\n<p data-start=\"381\" data-end=\"590\">Alt\u0131n\u0131n s\u0131cak tonu ile z\u00fcmr\u00fct\u00fcn g\u00fc\u00e7l\u00fc ye\u015fili aras\u0131nda olu\u015fan kontrast, y\u00fcz\u00fc\u011fe l\u00fcks ve sofistike bir karakter kazand\u0131r\u0131r. Geni\u015f y\u00fczeyli yap\u0131s\u0131 sayesinde tek ba\u015f\u0131na kullan\u0131ld\u0131\u011f\u0131nda dahi iddial\u0131 bir stil sunar.<\/p>\n<p data-start=\"592\" data-end=\"692\">Zamans\u0131z \u015f\u0131kl\u0131\u011f\u0131 ve g\u00fc\u00e7l\u00fc tasar\u0131m\u0131yla, dikkat \u00e7ekici m\u00fccevherleri sevenler i\u00e7in \u00f6zel bir par\u00e7ad\u0131r.<\/p>","protected":false},"excerpt":{"rendered":"<p>Canl\u0131 z\u00fcmr\u00fct ta\u015flar\u0131n bir araya gelerek olu\u015fturdu\u011fu etkileyici y\u00fczeyiyle \u00f6ne \u00e7\u0131kan bu y\u00fcz\u00fck, hacimli ve g\u00f6z al\u0131c\u0131 tasar\u0131m\u0131yla dikkat \u00e7eker.<\/p>","protected":false},"featured_media":42303,"comment_status":"open","ping_status":"closed","template":"","meta":[],"product_brand":[77],"product_cat":[76],"product_tag":[289,3255,2051,654,526,577,520,653,1668,335,450,530],"class_list":{"0":"post-42302","1":"product","2":"type-product","3":"status-publish","4":"has-post-thumbnail","6":"product_brand-gasia","7":"product_cat-yuzuk-modelleri","8":"product_tag-altin-yuzuk","9":"product_tag-bombeli-yuzuk","10":"product_tag-buyuk-yuzuk","11":"product_tag-diamond-ring","12":"product_tag-emerald-ring","13":"product_tag-gold-ring","14":"product_tag-kadin-yuzuk","15":"product_tag-luks-yuzuk","16":"product_tag-luxury-jewelry","17":"product_tag-pirlanta-yuzuk","18":"product_tag-statement-ring","19":"product_tag-zumrut-yuzuk","20":"pa_cinsiyet-kadin","22":"first","23":"instock","24":"shipping-taxable","25":"product-type-simple"},"_links":{"self":[{"href":"https:\/\/www.gasia.com.tr\/en\/wp-json\/wp\/v2\/product\/42302","targetHints":{"allow":["GET"]}}],"collection":[{"href":"https:\/\/www.gasia.com.tr\/en\/wp-json\/wp\/v2\/product"}],"about":[{"href":"https:\/\/www.gasia.com.tr\/en\/wp-json\/wp\/v2\/types\/product"}],"replies":[{"embeddable":true,"href":"https:\/\/www.gasia.com.tr\/en\/wp-json\/wp\/v2\/comments?post=42302"}],"version-history":[{"count":2,"href":"https:\/\/www.gasia.com.tr\/en\/wp-json\/wp\/v2\/product\/42302\/revisions"}],"predecessor-version":[{"id":42305,"href":"https:\/\/www.gasia.com.tr\/en\/wp-json\/wp\/v2\/product\/42302\/revisions\/42305"}],"wp:featuredmedia":[{"embeddable":true,"href":"https:\/\/www.gasia.com.tr\/en\/wp-json\/wp\/v2\/media\/42303"}],"wp:attachment":[{"href":"https:\/\/www.gasia.com.tr\/en\/wp-json\/wp\/v2\/media?parent=42302"}],"wp:term":[{"taxonomy":"product_brand","embeddable":true,"href":"https:\/\/www.gasia.com.tr\/en\/wp-json\/wp\/v2\/product_brand?post=42302"},{"taxonomy":"product_cat","embeddable":true,"href":"https:\/\/www.gasia.com.tr\/en\/wp-json\/wp\/v2\/product_cat?post=42302"},{"taxonomy":"product_tag","embeddable":true,"href":"https:\/\/www.gasia.com.tr\/en\/wp-json\/wp\/v2\/product_tag?post=42302"}],"curies":[{"name":"wp","href":"https:\/\/api.w.org\/{rel}","templated":true}]}}