{"id":42306,"date":"2026-04-15T22:40:46","date_gmt":"2026-04-15T19:40:46","guid":{"rendered":"https:\/\/www.gasia.com.tr\/?post_type=product&#038;p=42306"},"modified":"2026-04-15T22:40:47","modified_gmt":"2026-04-15T19:40:47","slug":"safir-tasli-pirlanta-detayli-bombeli-altin-yuzuk","status":"publish","type":"product","link":"https:\/\/www.gasia.com.tr\/en\/collections\/safir-tasli-pirlanta-detayli-bombeli-altin-yuzuk\/","title":{"rendered":"Safir ta\u015fl\u0131 p\u0131rlanta detayl\u0131 bombeli alt\u0131n y\u00fcz\u00fck"},"content":{"rendered":"<p data-start=\"64\" data-end=\"352\">Derin ve zengin mavi tonlara sahip safir ta\u015flar\u0131n yo\u011fun dizilimiyle tasarlanan bu y\u00fcz\u00fck, g\u00fc\u00e7l\u00fc ve etkileyici bir g\u00f6r\u00fcn\u00fcm sunar. Oval kesim safirler bombeli form \u00fczerinde hacimli bir yap\u0131 olu\u015ftururken, \u00e7evresini saran p\u0131rlanta detaylar tasar\u0131ma zarif bir \u0131\u015f\u0131lt\u0131 katar.<\/p>\n<p data-start=\"354\" data-end=\"584\">Alt\u0131n\u0131n s\u0131cak tonu ile safirin asil mavisi aras\u0131nda olu\u015fan kontrast, y\u00fcz\u00fc\u011fe l\u00fcks ve sofistike bir karakter kazand\u0131r\u0131r. Geni\u015f y\u00fczeyli tasar\u0131m\u0131 sayesinde tek ba\u015f\u0131na kullan\u0131ld\u0131\u011f\u0131nda bile dikkat \u00e7ekici ve iddial\u0131 bir stil olu\u015fturur.<\/p>\n<p data-start=\"586\" data-end=\"707\">Zamans\u0131z \u015f\u0131kl\u0131\u011f\u0131 modern bir yorumla sunan bu y\u00fcz\u00fck, g\u00fc\u00e7l\u00fc m\u00fccevher tasar\u0131mlar\u0131n\u0131 tercih edenler i\u00e7in \u00f6zel bir par\u00e7ad\u0131r.<\/p>","protected":false},"excerpt":{"rendered":"<p>Derin ve zengin mavi tonlara sahip safir ta\u015flar\u0131n yo\u011fun dizilimiyle tasarlanan bu y\u00fcz\u00fck, g\u00fc\u00e7l\u00fc ve etkileyici bir g\u00f6r\u00fcn\u00fcm sunar. Oval<\/p>","protected":false},"featured_media":42307,"comment_status":"open","ping_status":"closed","template":"","meta":[],"product_brand":[77],"product_cat":[76],"product_tag":[289,3255,2051,654,577,520,653,1668,335,494,786,450],"class_list":{"0":"post-42306","1":"product","2":"type-product","3":"status-publish","4":"has-post-thumbnail","6":"product_brand-gasia","7":"product_cat-yuzuk-modelleri","8":"product_tag-altin-yuzuk","9":"product_tag-bombeli-yuzuk","10":"product_tag-buyuk-yuzuk","11":"product_tag-diamond-ring","12":"product_tag-gold-ring","13":"product_tag-kadin-yuzuk","14":"product_tag-luks-yuzuk","15":"product_tag-luxury-jewelry","16":"product_tag-pirlanta-yuzuk","17":"product_tag-safir-yuzuk","18":"product_tag-sapphire-ring","19":"product_tag-statement-ring","20":"pa_cinsiyet-kadin","22":"first","23":"instock","24":"shipping-taxable","25":"product-type-simple"},"_links":{"self":[{"href":"https:\/\/www.gasia.com.tr\/en\/wp-json\/wp\/v2\/product\/42306","targetHints":{"allow":["GET"]}}],"collection":[{"href":"https:\/\/www.gasia.com.tr\/en\/wp-json\/wp\/v2\/product"}],"about":[{"href":"https:\/\/www.gasia.com.tr\/en\/wp-json\/wp\/v2\/types\/product"}],"replies":[{"embeddable":true,"href":"https:\/\/www.gasia.com.tr\/en\/wp-json\/wp\/v2\/comments?post=42306"}],"version-history":[{"count":3,"href":"https:\/\/www.gasia.com.tr\/en\/wp-json\/wp\/v2\/product\/42306\/revisions"}],"predecessor-version":[{"id":42409,"href":"https:\/\/www.gasia.com.tr\/en\/wp-json\/wp\/v2\/product\/42306\/revisions\/42409"}],"wp:featuredmedia":[{"embeddable":true,"href":"https:\/\/www.gasia.com.tr\/en\/wp-json\/wp\/v2\/media\/42307"}],"wp:attachment":[{"href":"https:\/\/www.gasia.com.tr\/en\/wp-json\/wp\/v2\/media?parent=42306"}],"wp:term":[{"taxonomy":"product_brand","embeddable":true,"href":"https:\/\/www.gasia.com.tr\/en\/wp-json\/wp\/v2\/product_brand?post=42306"},{"taxonomy":"product_cat","embeddable":true,"href":"https:\/\/www.gasia.com.tr\/en\/wp-json\/wp\/v2\/product_cat?post=42306"},{"taxonomy":"product_tag","embeddable":true,"href":"https:\/\/www.gasia.com.tr\/en\/wp-json\/wp\/v2\/product_tag?post=42306"}],"curies":[{"name":"wp","href":"https:\/\/api.w.org\/{rel}","templated":true}]}}