{"id":42312,"date":"2026-02-05T05:01:20","date_gmt":"2026-02-05T02:01:20","guid":{"rendered":"https:\/\/www.gasia.com.tr\/?post_type=product&#038;p=42312"},"modified":"2026-04-16T10:37:37","modified_gmt":"2026-04-16T07:37:37","slug":"zumrut-ve-pirlanta-tasli-cicek-form-yuzuk","status":"publish","type":"product","link":"https:\/\/www.gasia.com.tr\/en\/collections\/zumrut-ve-pirlanta-tasli-cicek-form-yuzuk\/","title":{"rendered":"Z\u00fcmr\u00fct ve P\u0131rlanta ta\u015fl\u0131 \u00e7i\u00e7ek form y\u00fcz\u00fck"},"content":{"rendered":"<p data-start=\"74\" data-end=\"366\">Do\u011fadan ilham alan \u00e7i\u00e7ek formu ile tasarlanan bu y\u00fcz\u00fck, merkezde yer alan z\u00fcmr\u00fct ta\u015f ve etraf\u0131na zarif \u015fekilde yerle\u015ftirilmi\u015f marquise kesim z\u00fcmr\u00fctlerle dikkat \u00e7eker. Yaprak formundaki detaylar p\u0131rlanta ta\u015flarla s\u00fcslenerek tasar\u0131ma yo\u011fun bir \u0131\u015f\u0131lt\u0131 ve hareket kazand\u0131r\u0131r.<\/p>\n<p data-start=\"368\" data-end=\"605\">Alt\u0131n\u0131n s\u0131cak tonu ile z\u00fcmr\u00fct\u00fcn canl\u0131 ye\u015fili birle\u015ferek g\u00fc\u00e7l\u00fc ve l\u00fcks bir g\u00f6r\u00fcn\u00fcm olu\u015fturur. Katmanl\u0131 ve hacimli yap\u0131s\u0131 sayesinde \u0131\u015f\u0131\u011f\u0131 farkl\u0131 a\u00e7\u0131lardan yans\u0131tan bu y\u00fcz\u00fck, tek ba\u015f\u0131na kullan\u0131ld\u0131\u011f\u0131nda bile olduk\u00e7a iddial\u0131 bir stil sunar.<\/p>\n<p data-start=\"607\" data-end=\"768\">Zarif detaylar\u0131yla do\u011fan\u0131n esteti\u011fini modern m\u00fccevher tasar\u0131m\u0131yla bulu\u015fturan bu par\u00e7a, \u00f6zel ve dikkat \u00e7ekici tak\u0131lar\u0131 tercih edenler i\u00e7in e\u015fsiz bir se\u00e7enektir.<\/p>\n<p data-start=\"568\" data-end=\"687\">","protected":false},"excerpt":{"rendered":"<ul>\n<li>18 Ayar Alt\u0131n<\/li>\n<li>0,77 ct P\u0131rlanta<\/li>\n<li>0,71 ct Z\u00fcmr\u00fct<\/li>\n<\/ul>","protected":false},"featured_media":42316,"comment_status":"open","ping_status":"closed","template":"","meta":[],"product_brand":[77],"product_cat":[76],"product_tag":[289,336,3299,654,526,2165,577,1250,520,1668,590,335,450,340,530],"class_list":{"0":"post-42312","1":"product","2":"type-product","3":"status-publish","4":"has-post-thumbnail","6":"product_brand-gasia","7":"product_cat-yuzuk-modelleri","8":"product_tag-altin-yuzuk","9":"product_tag-cicek-yuzuk","10":"product_tag-designer-jewelry","11":"product_tag-diamond-ring","12":"product_tag-emerald-ring","13":"product_tag-flower-ring","14":"product_tag-gold-ring","15":"product_tag-gosterisli-yuzuk","16":"product_tag-kadin-yuzuk","17":"product_tag-luxury-jewelry","18":"product_tag-luxury-ring","19":"product_tag-pirlanta-yuzuk","20":"product_tag-statement-ring","21":"product_tag-tasarim-yuzuk","22":"product_tag-zumrut-yuzuk","23":"pa_cinsiyet-kadin","25":"first","26":"instock","27":"shipping-taxable","28":"product-type-simple"},"_links":{"self":[{"href":"https:\/\/www.gasia.com.tr\/en\/wp-json\/wp\/v2\/product\/42312","targetHints":{"allow":["GET"]}}],"collection":[{"href":"https:\/\/www.gasia.com.tr\/en\/wp-json\/wp\/v2\/product"}],"about":[{"href":"https:\/\/www.gasia.com.tr\/en\/wp-json\/wp\/v2\/types\/product"}],"replies":[{"embeddable":true,"href":"https:\/\/www.gasia.com.tr\/en\/wp-json\/wp\/v2\/comments?post=42312"}],"version-history":[{"count":1,"href":"https:\/\/www.gasia.com.tr\/en\/wp-json\/wp\/v2\/product\/42312\/revisions"}],"predecessor-version":[{"id":42315,"href":"https:\/\/www.gasia.com.tr\/en\/wp-json\/wp\/v2\/product\/42312\/revisions\/42315"}],"wp:featuredmedia":[{"embeddable":true,"href":"https:\/\/www.gasia.com.tr\/en\/wp-json\/wp\/v2\/media\/42316"}],"wp:attachment":[{"href":"https:\/\/www.gasia.com.tr\/en\/wp-json\/wp\/v2\/media?parent=42312"}],"wp:term":[{"taxonomy":"product_brand","embeddable":true,"href":"https:\/\/www.gasia.com.tr\/en\/wp-json\/wp\/v2\/product_brand?post=42312"},{"taxonomy":"product_cat","embeddable":true,"href":"https:\/\/www.gasia.com.tr\/en\/wp-json\/wp\/v2\/product_cat?post=42312"},{"taxonomy":"product_tag","embeddable":true,"href":"https:\/\/www.gasia.com.tr\/en\/wp-json\/wp\/v2\/product_tag?post=42312"}],"curies":[{"name":"wp","href":"https:\/\/api.w.org\/{rel}","templated":true}]}}