{"id":42317,"date":"2026-02-05T05:02:54","date_gmt":"2026-02-05T02:02:54","guid":{"rendered":"https:\/\/www.gasia.com.tr\/?post_type=product&#038;p=42317"},"modified":"2026-04-16T10:40:38","modified_gmt":"2026-04-16T07:40:38","slug":"safir-ve-pirlanta-tasli-cicek-form-yuzuk","status":"publish","type":"product","link":"https:\/\/www.gasia.com.tr\/en\/collections\/safir-ve-pirlanta-tasli-cicek-form-yuzuk\/","title":{"rendered":"Safir ve P\u0131rlanta ta\u015fl\u0131 \u00e7i\u00e7ek form y\u00fcz\u00fck"},"content":{"rendered":"<p data-start=\"73\" data-end=\"350\">\u00c7i\u00e7ek formundan ilham alan bu zarif y\u00fcz\u00fck, merkezde yer alan p\u0131rlanta ta\u015f ve etraf\u0131na \u00f6zenle yerle\u015ftirilmi\u015f marquise kesim safir ta\u015flarla dikkat \u00e7eker. Yaprak formundaki detaylar p\u0131rlanta ta\u015flarla s\u00fcslenerek tasar\u0131ma yo\u011fun bir \u0131\u015f\u0131lt\u0131 ve hareket kazand\u0131r\u0131r.<\/p>\n<p data-start=\"352\" data-end=\"592\">Alt\u0131n\u0131n s\u0131cak tonu ile safirin derin mavi rengi birle\u015ferek g\u00fc\u00e7l\u00fc ve sofistike bir g\u00f6r\u00fcn\u00fcm olu\u015fturur. Katmanl\u0131 ve hacimli yap\u0131s\u0131 sayesinde \u0131\u015f\u0131\u011f\u0131 farkl\u0131 a\u00e7\u0131lardan yans\u0131tan bu y\u00fcz\u00fck, tek ba\u015f\u0131na kullan\u0131ld\u0131\u011f\u0131nda bile etkileyici bir stil sunar.<\/p>\n<p data-start=\"594\" data-end=\"711\">Do\u011fadan ilham alan estetik tasar\u0131m\u0131yla hem zarif hem de iddial\u0131 m\u00fccevherleri tercih edenler i\u00e7in \u00f6zel bir par\u00e7ad\u0131r.<\/p>","protected":false},"excerpt":{"rendered":"<ul>\n<li>18 Ayar Alt\u0131n<\/li>\n<li>0,87 ct P\u0131rlanta<\/li>\n<li>0,75 ct Safir<\/li>\n<\/ul>","protected":false},"featured_media":42318,"comment_status":"open","ping_status":"closed","template":"","meta":[],"product_brand":[77],"product_cat":[76],"product_tag":[289,336,3299,654,526,2165,577,1250,520,1668,590,335,450,340,530],"class_list":{"0":"post-42317","1":"product","2":"type-product","3":"status-publish","4":"has-post-thumbnail","6":"product_brand-gasia","7":"product_cat-yuzuk-modelleri","8":"product_tag-altin-yuzuk","9":"product_tag-cicek-yuzuk","10":"product_tag-designer-jewelry","11":"product_tag-diamond-ring","12":"product_tag-emerald-ring","13":"product_tag-flower-ring","14":"product_tag-gold-ring","15":"product_tag-gosterisli-yuzuk","16":"product_tag-kadin-yuzuk","17":"product_tag-luxury-jewelry","18":"product_tag-luxury-ring","19":"product_tag-pirlanta-yuzuk","20":"product_tag-statement-ring","21":"product_tag-tasarim-yuzuk","22":"product_tag-zumrut-yuzuk","23":"pa_cinsiyet-kadin","25":"first","26":"instock","27":"shipping-taxable","28":"product-type-simple"},"_links":{"self":[{"href":"https:\/\/www.gasia.com.tr\/en\/wp-json\/wp\/v2\/product\/42317","targetHints":{"allow":["GET"]}}],"collection":[{"href":"https:\/\/www.gasia.com.tr\/en\/wp-json\/wp\/v2\/product"}],"about":[{"href":"https:\/\/www.gasia.com.tr\/en\/wp-json\/wp\/v2\/types\/product"}],"replies":[{"embeddable":true,"href":"https:\/\/www.gasia.com.tr\/en\/wp-json\/wp\/v2\/comments?post=42317"}],"version-history":[{"count":1,"href":"https:\/\/www.gasia.com.tr\/en\/wp-json\/wp\/v2\/product\/42317\/revisions"}],"predecessor-version":[{"id":42319,"href":"https:\/\/www.gasia.com.tr\/en\/wp-json\/wp\/v2\/product\/42317\/revisions\/42319"}],"wp:featuredmedia":[{"embeddable":true,"href":"https:\/\/www.gasia.com.tr\/en\/wp-json\/wp\/v2\/media\/42318"}],"wp:attachment":[{"href":"https:\/\/www.gasia.com.tr\/en\/wp-json\/wp\/v2\/media?parent=42317"}],"wp:term":[{"taxonomy":"product_brand","embeddable":true,"href":"https:\/\/www.gasia.com.tr\/en\/wp-json\/wp\/v2\/product_brand?post=42317"},{"taxonomy":"product_cat","embeddable":true,"href":"https:\/\/www.gasia.com.tr\/en\/wp-json\/wp\/v2\/product_cat?post=42317"},{"taxonomy":"product_tag","embeddable":true,"href":"https:\/\/www.gasia.com.tr\/en\/wp-json\/wp\/v2\/product_tag?post=42317"}],"curies":[{"name":"wp","href":"https:\/\/api.w.org\/{rel}","templated":true}]}}