{"id":42368,"date":"2026-04-16T17:53:05","date_gmt":"2026-04-16T14:53:05","guid":{"rendered":"https:\/\/www.gasia.com.tr\/?post_type=product&#038;p=42368"},"modified":"2026-04-16T17:53:05","modified_gmt":"2026-04-16T14:53:05","slug":"fleur-de-lis-motifli-garnet-tasli-pirlanta-detayli-kolye","status":"publish","type":"product","link":"https:\/\/www.gasia.com.tr\/en\/collections\/fleur-de-lis-motifli-garnet-tasli-pirlanta-detayli-kolye\/","title":{"rendered":"Fleur de lis motifli garnet ta\u015fl\u0131 p\u0131rlanta detayl\u0131 kolye"},"content":{"rendered":"<p data-start=\"72\" data-end=\"320\">Asaletin ve zamans\u0131z stilin simgesi olan fleur de lis motifi, bu \u00f6zel tasar\u0131m kolyede modern bir yorumla hayat buluyor. Oksitli g\u00fcm\u00fc\u015f y\u00fczeyin g\u00fc\u00e7l\u00fc duru\u015fu, alt\u0131n tonlu detaylar ve p\u0131rlanta ta\u015flarla zarif bir \u0131\u015f\u0131lt\u0131ya kavu\u015fuyor.<\/p>\n<p data-start=\"322\" data-end=\"552\">Alt k\u0131sm\u0131nda yer alan damla kesim garnet ta\u015f\u0131, derin bordo tonuyla tasar\u0131ma sofistike ve dikkat \u00e7ekici bir karakter kazand\u0131r\u0131r. Merkezdeki p\u0131rlanta detaylar ise \u0131\u015f\u0131\u011f\u0131 zarif \u015fekilde yans\u0131tarak kolyenin odak noktas\u0131n\u0131 g\u00fc\u00e7lendirir.<\/p>\n<p data-start=\"554\" data-end=\"690\">Vintage ve gotik esteti\u011fi bir araya getiren bu kolye, stiline g\u00fc\u00e7l\u00fc bir ifade katmak isteyenler i\u00e7in \u00f6zg\u00fcn ve etkileyici bir par\u00e7ad\u0131r.<\/p>","protected":false},"excerpt":{"rendered":"<p>Asaletin ve zamans\u0131z stilin simgesi olan fleur de lis motifi, bu \u00f6zel tasar\u0131m kolyede modern bir yorumla hayat buluyor. Oksitli<\/p>","protected":false},"featured_media":42369,"comment_status":"open","ping_status":"closed","template":"","meta":[],"product_brand":[2718],"product_cat":[249,75],"product_tag":[2647,294,3472,3476,3473,3475,3474,3477,1405,489,274],"class_list":{"0":"post-42368","1":"product","2":"type-product","3":"status-publish","4":"has-post-thumbnail","6":"product_brand-gasia-casuals","7":"product_cat-fleur-de-lis-koleksiyonu","8":"product_cat-kolye","9":"product_tag-damla-tas-kolye","10":"product_tag-diamond-necklace","11":"product_tag-fleur-de-lis-kolye","12":"product_tag-fleur-de-lis-necklace","13":"product_tag-garnet-kolye","14":"product_tag-garnet-necklace","15":"product_tag-oksitli-gumus-kolye","16":"product_tag-oxidized-silver-jewelry","17":"product_tag-pirlantali-kolye","18":"product_tag-statement-necklace","19":"product_tag-tasarim-kolye","20":"pa_cinsiyet-kadin","22":"first","23":"instock","24":"shipping-taxable","25":"purchasable","26":"product-type-simple"},"_links":{"self":[{"href":"https:\/\/www.gasia.com.tr\/en\/wp-json\/wp\/v2\/product\/42368","targetHints":{"allow":["GET"]}}],"collection":[{"href":"https:\/\/www.gasia.com.tr\/en\/wp-json\/wp\/v2\/product"}],"about":[{"href":"https:\/\/www.gasia.com.tr\/en\/wp-json\/wp\/v2\/types\/product"}],"replies":[{"embeddable":true,"href":"https:\/\/www.gasia.com.tr\/en\/wp-json\/wp\/v2\/comments?post=42368"}],"version-history":[{"count":1,"href":"https:\/\/www.gasia.com.tr\/en\/wp-json\/wp\/v2\/product\/42368\/revisions"}],"predecessor-version":[{"id":42370,"href":"https:\/\/www.gasia.com.tr\/en\/wp-json\/wp\/v2\/product\/42368\/revisions\/42370"}],"wp:featuredmedia":[{"embeddable":true,"href":"https:\/\/www.gasia.com.tr\/en\/wp-json\/wp\/v2\/media\/42369"}],"wp:attachment":[{"href":"https:\/\/www.gasia.com.tr\/en\/wp-json\/wp\/v2\/media?parent=42368"}],"wp:term":[{"taxonomy":"product_brand","embeddable":true,"href":"https:\/\/www.gasia.com.tr\/en\/wp-json\/wp\/v2\/product_brand?post=42368"},{"taxonomy":"product_cat","embeddable":true,"href":"https:\/\/www.gasia.com.tr\/en\/wp-json\/wp\/v2\/product_cat?post=42368"},{"taxonomy":"product_tag","embeddable":true,"href":"https:\/\/www.gasia.com.tr\/en\/wp-json\/wp\/v2\/product_tag?post=42368"}],"curies":[{"name":"wp","href":"https:\/\/api.w.org\/{rel}","templated":true}]}}