{"id":42371,"date":"2026-04-16T17:55:40","date_gmt":"2026-04-16T14:55:40","guid":{"rendered":"https:\/\/www.gasia.com.tr\/?post_type=product&#038;p=42371"},"modified":"2026-04-16T18:09:07","modified_gmt":"2026-04-16T15:09:07","slug":"fleur-de-lis-motifli-inci-damla-tasli-pirlanta-detayli-kolye","status":"publish","type":"product","link":"https:\/\/www.gasia.com.tr\/en\/collections\/fleur-de-lis-motifli-inci-damla-tasli-pirlanta-detayli-kolye\/","title":{"rendered":"Fleur de lis motifli inci damla ta\u015fl\u0131 p\u0131rlanta detayl\u0131 kolye"},"content":{"rendered":"<p data-start=\"76\" data-end=\"341\">Zamans\u0131z \u015f\u0131kl\u0131\u011f\u0131n simgesi fleur de lis motifi, bu zarif kolyede modern ve sofistike bir yorumla sunuluyor. Parlak siyah y\u00fczey detay\u0131, alt\u0131n zincir ile g\u00fc\u00e7l\u00fc bir kontrast olu\u015ftururken merkezdeki p\u0131rlanta dokunu\u015f tasar\u0131ma ince bir \u0131\u015f\u0131lt\u0131 kat\u0131yor.<\/p>\n<p data-start=\"343\" data-end=\"592\">Alt k\u0131sm\u0131nda yer alan damla formundaki inci, kolyeye yumu\u015fak ve feminen bir hareket kazand\u0131rarak klasik zarafeti \u00f6n plana \u00e7\u0131kar\u0131r. Minimal ama etkileyici tasar\u0131m\u0131 sayesinde hem g\u00fcnl\u00fck kullan\u0131mda hem de \u00f6zel anlarda \u015f\u0131kl\u0131\u011f\u0131 tamamlayan bir par\u00e7ad\u0131r.<\/p>\n<p data-start=\"594\" data-end=\"715\">Geleneksel motifleri modern \u00e7izgilerle bulu\u015fturan bu kolye, sade ama karakterli stil arayanlar i\u00e7in ideal bir se\u00e7imdir.<\/p>","protected":false},"excerpt":{"rendered":"<p>Zamans\u0131z \u015f\u0131kl\u0131\u011f\u0131n simgesi fleur de lis motifi, bu zarif kolyede modern ve sofistike bir yorumla sunuluyor. Parlak siyah y\u00fczey detay\u0131,<\/p>","protected":false},"featured_media":42376,"comment_status":"open","ping_status":"closed","template":"","meta":[],"product_brand":[2718],"product_cat":[249,75],"product_tag":[3478,633,294,2926,3472,3476,2102,2105,1405,3479,476],"class_list":{"0":"post-42371","1":"product","2":"type-product","3":"status-publish","4":"has-post-thumbnail","6":"product_brand-gasia-casuals","7":"product_cat-fleur-de-lis-koleksiyonu","8":"product_cat-kolye","9":"product_tag-damla-inci-kolye","10":"product_tag-designer-necklace","11":"product_tag-diamond-necklace","12":"product_tag-elegant-jewelry","13":"product_tag-fleur-de-lis-kolye","14":"product_tag-fleur-de-lis-necklace","15":"product_tag-inci-kolye","16":"product_tag-pearl-necklace","17":"product_tag-pirlantali-kolye","18":"product_tag-siyah-detayli-kolye","19":"product_tag-zarif-kolye","20":"pa_cinsiyet-kadin","22":"first","23":"instock","24":"shipping-taxable","25":"purchasable","26":"product-type-simple"},"_links":{"self":[{"href":"https:\/\/www.gasia.com.tr\/en\/wp-json\/wp\/v2\/product\/42371","targetHints":{"allow":["GET"]}}],"collection":[{"href":"https:\/\/www.gasia.com.tr\/en\/wp-json\/wp\/v2\/product"}],"about":[{"href":"https:\/\/www.gasia.com.tr\/en\/wp-json\/wp\/v2\/types\/product"}],"replies":[{"embeddable":true,"href":"https:\/\/www.gasia.com.tr\/en\/wp-json\/wp\/v2\/comments?post=42371"}],"version-history":[{"count":2,"href":"https:\/\/www.gasia.com.tr\/en\/wp-json\/wp\/v2\/product\/42371\/revisions"}],"predecessor-version":[{"id":42377,"href":"https:\/\/www.gasia.com.tr\/en\/wp-json\/wp\/v2\/product\/42371\/revisions\/42377"}],"wp:featuredmedia":[{"embeddable":true,"href":"https:\/\/www.gasia.com.tr\/en\/wp-json\/wp\/v2\/media\/42376"}],"wp:attachment":[{"href":"https:\/\/www.gasia.com.tr\/en\/wp-json\/wp\/v2\/media?parent=42371"}],"wp:term":[{"taxonomy":"product_brand","embeddable":true,"href":"https:\/\/www.gasia.com.tr\/en\/wp-json\/wp\/v2\/product_brand?post=42371"},{"taxonomy":"product_cat","embeddable":true,"href":"https:\/\/www.gasia.com.tr\/en\/wp-json\/wp\/v2\/product_cat?post=42371"},{"taxonomy":"product_tag","embeddable":true,"href":"https:\/\/www.gasia.com.tr\/en\/wp-json\/wp\/v2\/product_tag?post=42371"}],"curies":[{"name":"wp","href":"https:\/\/api.w.org\/{rel}","templated":true}]}}