{"id":42405,"date":"2026-03-02T04:00:00","date_gmt":"2026-03-02T01:00:00","guid":{"rendered":"https:\/\/www.gasia.com.tr\/?post_type=product&#038;p=42405"},"modified":"2026-04-20T21:56:39","modified_gmt":"2026-04-20T18:56:39","slug":"baget-kesim-zumrut-tasli-altin-yuzuk","status":"publish","type":"product","link":"https:\/\/www.gasia.com.tr\/en\/collections\/baget-kesim-zumrut-tasli-altin-yuzuk\/","title":{"rendered":"Baget kesim z\u00fcmr\u00fct ta\u015fl\u0131 alt\u0131n y\u00fcz\u00fck"},"content":{"rendered":"<p data-start=\"52\" data-end=\"245\">Merkezde yer alan baget kesim z\u00fcmr\u00fct ta\u015f, canl\u0131 ye\u015fil tonu ve net geometrik formuyla dikkat \u00e7eker. Ta\u015f\u0131n uzun dikd\u00f6rtgen kesimi, y\u00fcz\u00fc\u011fe sade ama g\u00fc\u00e7l\u00fc bir ifade kazand\u0131r\u0131r.<\/p>\n<p data-start=\"247\" data-end=\"480\">Alt\u0131n \u00e7er\u00e7eve, z\u00fcmr\u00fct ta\u015f\u0131n rengini belirgin hale getirirken ince ve zarif y\u00fcz\u00fck formu tasar\u0131m\u0131n dengeli g\u00f6r\u00fcnmesini sa\u011flar. Minimal hatlara sahip bu model, ta\u015f\u0131n do\u011fal g\u00fczelli\u011fini \u00f6n plana \u00e7\u0131karan temiz bir tasar\u0131m anlay\u0131\u015f\u0131 sunar.<\/p>\n<p data-start=\"482\" data-end=\"643\">G\u00fcnl\u00fck kullan\u0131mda tek ba\u015f\u0131na \u015f\u0131k bir tamamlay\u0131c\u0131 olarak tercih edilebilece\u011fi gibi, farkl\u0131 y\u00fcz\u00fcklerle birlikte kombinlenerek katmanl\u0131 bir stil de olu\u015fturabilir.<\/p>","protected":false},"excerpt":{"rendered":"<ul>\n<li>14 Ayar Alt\u0131n<\/li>\n<li>0,43 ct Baget Kesim Kolombiya Z\u00fcmr\u00fct<\/li>\n<\/ul>","protected":false},"featured_media":42406,"comment_status":"open","ping_status":"closed","template":"","meta":[],"product_brand":[2718],"product_cat":[76],"product_tag":[289,999,522,526,577,1692,574,518,579,291,530],"class_list":{"0":"post-42405","1":"product","2":"type-product","3":"status-publish","4":"has-post-thumbnail","6":"product_brand-gasia-casuals","7":"product_cat-yuzuk-modelleri","8":"product_tag-altin-yuzuk","9":"product_tag-baget-kesim-yuzuk","10":"product_tag-baguette-ring","11":"product_tag-emerald-ring","12":"product_tag-gold-ring","13":"product_tag-green-stone-ring","14":"product_tag-ince-yuzuk","15":"product_tag-minimal-yuzuk","16":"product_tag-stackable-ring","17":"product_tag-yesil-tas-yuzuk","18":"product_tag-zumrut-yuzuk","19":"pa_cinsiyet-kadin","21":"first","22":"instock","23":"shipping-taxable","24":"purchasable","25":"product-type-simple"},"_links":{"self":[{"href":"https:\/\/www.gasia.com.tr\/en\/wp-json\/wp\/v2\/product\/42405","targetHints":{"allow":["GET"]}}],"collection":[{"href":"https:\/\/www.gasia.com.tr\/en\/wp-json\/wp\/v2\/product"}],"about":[{"href":"https:\/\/www.gasia.com.tr\/en\/wp-json\/wp\/v2\/types\/product"}],"replies":[{"embeddable":true,"href":"https:\/\/www.gasia.com.tr\/en\/wp-json\/wp\/v2\/comments?post=42405"}],"version-history":[{"count":3,"href":"https:\/\/www.gasia.com.tr\/en\/wp-json\/wp\/v2\/product\/42405\/revisions"}],"predecessor-version":[{"id":42432,"href":"https:\/\/www.gasia.com.tr\/en\/wp-json\/wp\/v2\/product\/42405\/revisions\/42432"}],"wp:featuredmedia":[{"embeddable":true,"href":"https:\/\/www.gasia.com.tr\/en\/wp-json\/wp\/v2\/media\/42406"}],"wp:attachment":[{"href":"https:\/\/www.gasia.com.tr\/en\/wp-json\/wp\/v2\/media?parent=42405"}],"wp:term":[{"taxonomy":"product_brand","embeddable":true,"href":"https:\/\/www.gasia.com.tr\/en\/wp-json\/wp\/v2\/product_brand?post=42405"},{"taxonomy":"product_cat","embeddable":true,"href":"https:\/\/www.gasia.com.tr\/en\/wp-json\/wp\/v2\/product_cat?post=42405"},{"taxonomy":"product_tag","embeddable":true,"href":"https:\/\/www.gasia.com.tr\/en\/wp-json\/wp\/v2\/product_tag?post=42405"}],"curies":[{"name":"wp","href":"https:\/\/api.w.org\/{rel}","templated":true}]}}