{"id":42435,"date":"2026-04-21T16:37:48","date_gmt":"2026-04-21T13:37:48","guid":{"rendered":"https:\/\/www.gasia.com.tr\/?post_type=product&#038;p=42435"},"modified":"2026-04-21T16:50:59","modified_gmt":"2026-04-21T13:50:59","slug":"pirlanta-tasli-ay-ve-yildiz-detayli-sallantili-altin-kupe","status":"publish","type":"product","link":"https:\/\/www.gasia.com.tr\/en\/collections\/pirlanta-tasli-ay-ve-yildiz-detayli-sallantili-altin-kupe\/","title":{"rendered":"P\u0131rlanta ta\u015fl\u0131 ay ve y\u0131ld\u0131z detayl\u0131 sallant\u0131l\u0131 alt\u0131n k\u00fcpe"},"content":{"rendered":"<p data-start=\"646\" data-end=\"848\">Ay formundan ilham alan bu \u00f6zel tasar\u0131m k\u00fcpe, p\u0131rlanta ta\u015flarla bezeli y\u00fczeyi sayesinde g\u00fc\u00e7l\u00fc bir \u0131\u015f\u0131lt\u0131 sunar. Her bir detay \u00f6zenle i\u015flenmi\u015f olup, zarif formu ile dikkat \u00e7eker.<\/p>\n<p data-start=\"850\" data-end=\"1030\">Alt\u0131n zincir u\u00e7lar\u0131nda yer alan y\u0131ld\u0131z fig\u00fcrleri hareket ettik\u00e7e parlayarak tasar\u0131ma dinamik bir g\u00f6r\u00fcn\u00fcm kazand\u0131r\u0131r. Hafif yap\u0131s\u0131 sayesinde g\u00fcn boyu konforlu bir kullan\u0131m sa\u011flar.<\/p>\n<p data-start=\"1032\" data-end=\"1201\" data-is-last-node=\"\" data-is-only-node=\"\">Gece temal\u0131 estetikten ilham alan bu k\u00fcpe, hem g\u00fcnl\u00fck kombinlere farkl\u0131 bir dokunu\u015f katmak hem de \u00f6zel anlarda dikkat \u00e7ekici bir stil olu\u015fturmak i\u00e7in ideal bir par\u00e7ad\u0131r.<\/p>","protected":false},"excerpt":{"rendered":"<p>Ay formundan ilham alan bu \u00f6zel tasar\u0131m k\u00fcpe, p\u0131rlanta ta\u015flarla bezeli y\u00fczeyi sayesinde g\u00fc\u00e7l\u00fc bir \u0131\u015f\u0131lt\u0131 sunar. Her bir detay<\/p>","protected":false},"featured_media":42436,"comment_status":"open","ping_status":"closed","template":"","meta":[],"product_brand":[2718],"product_cat":[74],"product_tag":[1713,3529,3527,3534,2661,3530,1684,1574,1715,3535,1595,3533,1714,395,2059,1583,392,3528,2666,374,2336,814,375,3532,815,2033,2034,2027,2058,1596,3531,2024],"class_list":{"0":"post-42435","1":"product","2":"type-product","3":"status-publish","4":"has-post-thumbnail","6":"product_brand-gasia-casuals","7":"product_cat-kupe-modelleri","8":"product_tag-altin-kupe","9":"product_tag-ay-form-kupe","10":"product_tag-ay-yildiz-kupe","11":"product_tag-celestial-jewelry","12":"product_tag-chain-earrings","13":"product_tag-crescent-earrings","14":"product_tag-dangle-earrings","15":"product_tag-designer-earrings","16":"product_tag-diamond-earrings","17":"product_tag-diamond-studded-earrings","18":"product_tag-elegant-earrings","19":"product_tag-gece-temali-taki","20":"product_tag-gold-earrings","21":"product_tag-kadin-kupe","22":"product_tag-long-earrings","23":"product_tag-modern-earrings","24":"product_tag-modern-kupe","25":"product_tag-moon-star-earrings","26":"product_tag-ozel-tasarim-kupe","27":"product_tag-pirlanta-kupe","28":"product_tag-pirlanta-tasli-kupe","29":"product_tag-sallantili-kupe","30":"product_tag-sik-kupe","31":"product_tag-star-detail-earrings","32":"product_tag-tasarim-kupe","33":"product_tag-trend-kupe","34":"product_tag-trendy-earrings","35":"product_tag-unique-earrings","36":"product_tag-uzun-kupe","37":"product_tag-women-earrings","38":"product_tag-yildiz-detay-kupe","39":"product_tag-zincirli-kupe","40":"pa_cinsiyet-kadin","42":"first","43":"instock","44":"shipping-taxable","45":"purchasable","46":"product-type-simple"},"_links":{"self":[{"href":"https:\/\/www.gasia.com.tr\/en\/wp-json\/wp\/v2\/product\/42435","targetHints":{"allow":["GET"]}}],"collection":[{"href":"https:\/\/www.gasia.com.tr\/en\/wp-json\/wp\/v2\/product"}],"about":[{"href":"https:\/\/www.gasia.com.tr\/en\/wp-json\/wp\/v2\/types\/product"}],"replies":[{"embeddable":true,"href":"https:\/\/www.gasia.com.tr\/en\/wp-json\/wp\/v2\/comments?post=42435"}],"version-history":[{"count":1,"href":"https:\/\/www.gasia.com.tr\/en\/wp-json\/wp\/v2\/product\/42435\/revisions"}],"predecessor-version":[{"id":42437,"href":"https:\/\/www.gasia.com.tr\/en\/wp-json\/wp\/v2\/product\/42435\/revisions\/42437"}],"wp:featuredmedia":[{"embeddable":true,"href":"https:\/\/www.gasia.com.tr\/en\/wp-json\/wp\/v2\/media\/42436"}],"wp:attachment":[{"href":"https:\/\/www.gasia.com.tr\/en\/wp-json\/wp\/v2\/media?parent=42435"}],"wp:term":[{"taxonomy":"product_brand","embeddable":true,"href":"https:\/\/www.gasia.com.tr\/en\/wp-json\/wp\/v2\/product_brand?post=42435"},{"taxonomy":"product_cat","embeddable":true,"href":"https:\/\/www.gasia.com.tr\/en\/wp-json\/wp\/v2\/product_cat?post=42435"},{"taxonomy":"product_tag","embeddable":true,"href":"https:\/\/www.gasia.com.tr\/en\/wp-json\/wp\/v2\/product_tag?post=42435"}],"curies":[{"name":"wp","href":"https:\/\/api.w.org\/{rel}","templated":true}]}}