{"id":42440,"date":"2026-04-20T16:54:22","date_gmt":"2026-04-20T13:54:22","guid":{"rendered":"https:\/\/www.gasia.com.tr\/?post_type=product&#038;p=42440"},"modified":"2026-04-21T16:59:45","modified_gmt":"2026-04-21T13:59:45","slug":"green-garnet-tasli-dort-yaprak-yonca-altin-kolye","status":"publish","type":"product","link":"https:\/\/www.gasia.com.tr\/en\/collections\/green-garnet-tasli-dort-yaprak-yonca-altin-kolye\/","title":{"rendered":"Green Garnet Ta\u015fl\u0131 D\u00f6rt Yaprak Yonca Alt\u0131n Kolye"},"content":{"rendered":"<p data-start=\"698\" data-end=\"960\">D\u00f6rt yaprak yonca formuyla tasarlanan bu alt\u0131n kolye, merkezinde yer alan green garnet ta\u015f\u0131 ile g\u00fc\u00e7l\u00fc ve dikkat \u00e7ekici bir g\u00f6r\u00fcn\u00fcm sunar. Ye\u015filin derin tonunu yans\u0131tan ta\u015f detay\u0131, tasar\u0131ma canl\u0131l\u0131k katarken anlaml\u0131 bir sembolle birle\u015fir.<\/p>\n<p data-start=\"962\" data-end=\"1133\">P\u00fcr\u00fczs\u00fcz alt\u0131n y\u00fczeyi ve dengeli formu sayesinde sade ama etkili bir duru\u015f sergiler. \u0130nce zinciri ile boyunda hafif bir his b\u0131rak\u0131r ve g\u00fcn boyu konforlu kullan\u0131m sa\u011flar.<\/p>\n<p data-start=\"1135\" data-end=\"1277\" data-is-last-node=\"\" data-is-only-node=\"\">\u015eans\u0131 simgeleyen bu \u00f6zel tasar\u0131m, hem g\u00fcnl\u00fck stilinize karakter kazand\u0131rmak hem de anlaml\u0131 bir hediye se\u00e7ene\u011fi sunmak i\u00e7in ideal bir par\u00e7ad\u0131r.<\/p>","protected":false},"excerpt":{"rendered":"<ul>\n<li>14 Ayar Alt\u0131n<\/li>\n<li>0,08 ct Green Granat<\/li>\n<li>42 cm Zincir uzunlu\u011fu<\/li>\n<\/ul>","protected":false},"featured_media":42441,"comment_status":"open","ping_status":"closed","template":"","meta":[],"product_brand":[2718],"product_cat":[247,75],"product_tag":[278,1673,3537,2168,1623,3536,1996,1677,3473,3475,811,1641,322,3538,3539,1764,1995,1640,1170,473,1675,273,323,277,1993,483,284,2724,2728,2073,1632,1763,271,476],"class_list":{"0":"post-42440","1":"product","2":"type-product","3":"status-publish","4":"has-post-thumbnail","6":"product_brand-gasia-casuals","7":"product_cat-hediyelik","8":"product_cat-kolye","9":"product_tag-altin-kolye","10":"product_tag-clover-necklace","11":"product_tag-dainty-chain-necklace","12":"product_tag-delicate-necklace","13":"product_tag-dogal-tas-kolye","14":"product_tag-dort-yaprak-yonca-kolye","15":"product_tag-everyday-necklace","16":"product_tag-four-leaf-clover-necklace","17":"product_tag-garnet-kolye","18":"product_tag-garnet-necklace","19":"product_tag-gemstone-necklace","20":"product_tag-gift-necklace","21":"product_tag-gold-necklace","22":"product_tag-green-garnet-kolye","23":"product_tag-green-garnet-necklace","24":"product_tag-green-stone-necklace","25":"product_tag-gunluk-kolye","26":"product_tag-hediye-kolye","27":"product_tag-ince-zincir-kolye","28":"product_tag-kadin-kolye","29":"product_tag-lucky-necklace","30":"product_tag-minimal-kolye","31":"product_tag-minimal-necklace","32":"product_tag-modern-kolye","33":"product_tag-modern-necklace","34":"product_tag-ozel-tasarim-kolye","35":"product_tag-sans-kolyesi","36":"product_tag-sembol-kolye","37":"product_tag-symbolic-necklace","38":"product_tag-unique-necklace","39":"product_tag-women-necklace","40":"product_tag-yesil-tasli-kolye","41":"product_tag-yonca-kolye","42":"product_tag-zarif-kolye","43":"pa_cinsiyet-kadin","45":"first","46":"instock","47":"shipping-taxable","48":"purchasable","49":"product-type-simple"},"_links":{"self":[{"href":"https:\/\/www.gasia.com.tr\/en\/wp-json\/wp\/v2\/product\/42440","targetHints":{"allow":["GET"]}}],"collection":[{"href":"https:\/\/www.gasia.com.tr\/en\/wp-json\/wp\/v2\/product"}],"about":[{"href":"https:\/\/www.gasia.com.tr\/en\/wp-json\/wp\/v2\/types\/product"}],"replies":[{"embeddable":true,"href":"https:\/\/www.gasia.com.tr\/en\/wp-json\/wp\/v2\/comments?post=42440"}],"version-history":[{"count":3,"href":"https:\/\/www.gasia.com.tr\/en\/wp-json\/wp\/v2\/product\/42440\/revisions"}],"predecessor-version":[{"id":42444,"href":"https:\/\/www.gasia.com.tr\/en\/wp-json\/wp\/v2\/product\/42440\/revisions\/42444"}],"wp:featuredmedia":[{"embeddable":true,"href":"https:\/\/www.gasia.com.tr\/en\/wp-json\/wp\/v2\/media\/42441"}],"wp:attachment":[{"href":"https:\/\/www.gasia.com.tr\/en\/wp-json\/wp\/v2\/media?parent=42440"}],"wp:term":[{"taxonomy":"product_brand","embeddable":true,"href":"https:\/\/www.gasia.com.tr\/en\/wp-json\/wp\/v2\/product_brand?post=42440"},{"taxonomy":"product_cat","embeddable":true,"href":"https:\/\/www.gasia.com.tr\/en\/wp-json\/wp\/v2\/product_cat?post=42440"},{"taxonomy":"product_tag","embeddable":true,"href":"https:\/\/www.gasia.com.tr\/en\/wp-json\/wp\/v2\/product_tag?post=42440"}],"curies":[{"name":"wp","href":"https:\/\/api.w.org\/{rel}","templated":true}]}}