{"id":42445,"date":"2026-04-21T22:04:52","date_gmt":"2026-04-21T19:04:52","guid":{"rendered":"https:\/\/www.gasia.com.tr\/?post_type=product&#038;p=42445"},"modified":"2026-04-21T22:09:41","modified_gmt":"2026-04-21T19:09:41","slug":"konyak-renkli-pirlanta-yildiz-detayli-zincirli-tek-kupe","status":"publish","type":"product","link":"https:\/\/www.gasia.com.tr\/en\/collections\/konyak-renkli-pirlanta-yildiz-detayli-zincirli-tek-kupe\/","title":{"rendered":"Konyak Renkli P\u0131rlanta Y\u0131ld\u0131z Detayl\u0131 Zincirli Tek K\u00fcpe"},"content":{"rendered":"<p data-start=\"642\" data-end=\"920\">Y\u0131ld\u0131z formu ve zarif zincir detaylar\u0131yla tasarlanan bu tek k\u00fcpe, konyak renkli p\u0131rlantalar\u0131n s\u0131cak \u0131\u015f\u0131lt\u0131s\u0131n\u0131 modern bir \u00e7izgide sunar. Derin kahverengi tonlara sahip p\u0131rlantalar, siyah zeminle kontrast olu\u015fturarak dikkat \u00e7ekici bir g\u00f6r\u00fcn\u00fcm kazand\u0131r\u0131r.<\/p>\n<p data-start=\"922\" data-end=\"1143\">Alt\u0131n zincir boyunca s\u0131ralanan y\u0131ld\u0131z fig\u00fcrleri hareket ettik\u00e7e \u0131\u015f\u0131\u011f\u0131 farkl\u0131 a\u00e7\u0131lardan yans\u0131tarak canl\u0131 bir etki yarat\u0131r. Tekli kullan\u0131m i\u00e7in tasarlanan bu model, asimetrik stil sevenler i\u00e7in g\u00fc\u00e7l\u00fc bir alternatif sunar.<\/p>\n<p data-start=\"1145\" data-end=\"1298\" data-is-last-node=\"\" data-is-only-node=\"\">G\u00fcnl\u00fck kombinlere farkl\u0131 bir karakter katarken, \u00f6zel anlarda da stilinizi \u00f6n plana \u00e7\u0131karacak bu k\u00fcpe, detaylara \u00f6nem verenler i\u00e7in \u00f6zenle haz\u0131rlanm\u0131\u015ft\u0131r.<\/p>","protected":false},"excerpt":{"rendered":"<ul>\n<li>18 Ayar Alt\u0131n<\/li>\n<li>925 Ayar Okside G\u00fcm\u00fc\u015f<\/li>\n<li>0,24 ct P\u0131rlanta<\/li>\n<li>K\u00fcpemiz tek olarak sat\u0131lmaktad\u0131r<\/li>\n<\/ul>","protected":false},"featured_media":42446,"comment_status":"open","ping_status":"closed","template":"","meta":[],"product_brand":[2718],"product_cat":[74],"product_tag":[1713,3545,2025,3542,3547,1751,3551,1752,2158,3550,395,3544,3546,3541,3540,2159,2172,392,2666,814,1747,3549,3543,815,1746,2033,3548,2130,2058,1753,3531,1987,2024],"class_list":{"0":"post-42445","1":"product","2":"type-product","3":"status-publish","4":"has-post-thumbnail","6":"product_brand-gasia-casuals","7":"product_cat-kupe-modelleri","8":"product_tag-altin-kupe","9":"product_tag-brown-diamond","10":"product_tag-chain-earring","11":"product_tag-cognac-diamond-earring","12":"product_tag-cognac-diamond-jewelry","13":"product_tag-dangle-earring","14":"product_tag-delicate-chain-earring","15":"product_tag-designer-earring","16":"product_tag-gold-earring","17":"product_tag-ince-zincir-kupe","18":"product_tag-kadin-kupe","19":"product_tag-kahverengi-pirlanta","20":"product_tag-konyak-diamond-kupe","21":"product_tag-konyak-pirlanta-kupe","22":"product_tag-konyak-renkli-pirlanta-yildiz-detayli-zincirli-tek-kupe","23":"product_tag-long-earring","24":"product_tag-modern-earring","25":"product_tag-modern-kupe","26":"product_tag-ozel-tasarim-kupe","27":"product_tag-sallantili-kupe","28":"product_tag-single-earring","29":"product_tag-star-detail-earring","30":"product_tag-star-earring","31":"product_tag-tasarim-kupe","32":"product_tag-tek-kupe","33":"product_tag-trend-kupe","34":"product_tag-trendy-earring","35":"product_tag-unique-earring","36":"product_tag-uzun-kupe","37":"product_tag-women-earring","38":"product_tag-yildiz-detay-kupe","39":"product_tag-yildiz-kupe","40":"product_tag-zincirli-kupe","41":"pa_cinsiyet-kadin","43":"first","44":"instock","45":"sale","46":"shipping-taxable","47":"purchasable","48":"product-type-simple"},"_links":{"self":[{"href":"https:\/\/www.gasia.com.tr\/en\/wp-json\/wp\/v2\/product\/42445","targetHints":{"allow":["GET"]}}],"collection":[{"href":"https:\/\/www.gasia.com.tr\/en\/wp-json\/wp\/v2\/product"}],"about":[{"href":"https:\/\/www.gasia.com.tr\/en\/wp-json\/wp\/v2\/types\/product"}],"replies":[{"embeddable":true,"href":"https:\/\/www.gasia.com.tr\/en\/wp-json\/wp\/v2\/comments?post=42445"}],"version-history":[{"count":2,"href":"https:\/\/www.gasia.com.tr\/en\/wp-json\/wp\/v2\/product\/42445\/revisions"}],"predecessor-version":[{"id":42448,"href":"https:\/\/www.gasia.com.tr\/en\/wp-json\/wp\/v2\/product\/42445\/revisions\/42448"}],"wp:featuredmedia":[{"embeddable":true,"href":"https:\/\/www.gasia.com.tr\/en\/wp-json\/wp\/v2\/media\/42446"}],"wp:attachment":[{"href":"https:\/\/www.gasia.com.tr\/en\/wp-json\/wp\/v2\/media?parent=42445"}],"wp:term":[{"taxonomy":"product_brand","embeddable":true,"href":"https:\/\/www.gasia.com.tr\/en\/wp-json\/wp\/v2\/product_brand?post=42445"},{"taxonomy":"product_cat","embeddable":true,"href":"https:\/\/www.gasia.com.tr\/en\/wp-json\/wp\/v2\/product_cat?post=42445"},{"taxonomy":"product_tag","embeddable":true,"href":"https:\/\/www.gasia.com.tr\/en\/wp-json\/wp\/v2\/product_tag?post=42445"}],"curies":[{"name":"wp","href":"https:\/\/api.w.org\/{rel}","templated":true}]}}