{"id":42463,"date":"2026-04-07T00:59:00","date_gmt":"2026-04-06T21:59:00","guid":{"rendered":"https:\/\/www.gasia.com.tr\/?post_type=product&#038;p=42463"},"modified":"2026-05-04T13:32:36","modified_gmt":"2026-05-04T10:32:36","slug":"safir-tasli-pirlanta-detayli-beyaz-altin-kolye","status":"publish","type":"product","link":"https:\/\/www.gasia.com.tr\/en\/collections\/safir-tasli-pirlanta-detayli-beyaz-altin-kolye\/","title":{"rendered":"Safir Ta\u015fl\u0131 P\u0131rlanta Detayl\u0131 Beyaz Alt\u0131n Kolye"},"content":{"rendered":"<p data-start=\"546\" data-end=\"814\">Derin mavi safir ta\u015flar\u0131n g\u00f6z al\u0131c\u0131 parlakl\u0131\u011f\u0131yla tasarlanan bu beyaz alt\u0131n kolye, p\u0131rlanta detaylarla \u0131\u015f\u0131\u011f\u0131n\u0131 art\u0131ran \u00f6zel bir par\u00e7ad\u0131r. \u00dc\u00e7 damla formunda yerle\u015ftirilen safir ta\u015flar, merkezde birle\u015ferek g\u00fc\u00e7l\u00fc ve dengeli bir g\u00f6r\u00fcn\u00fcm olu\u015fturur.<\/p>\n<p data-start=\"816\" data-end=\"1083\">Zincire ba\u011flanan ince p\u0131rlanta dizilimleri, kolyeye zarif bir \u0131\u015f\u0131lt\u0131 katarken boyun hatt\u0131nda estetik bir duru\u015f sa\u011flar. G\u00fcnl\u00fck kullan\u0131mdan \u00f6zel davetlere kadar geni\u015f bir kullan\u0131m alan\u0131 sunan bu tasar\u0131m, sade ama etkileyici bir stil arayanlar i\u00e7in ideal bir se\u00e7imdir.<\/p>\n<p data-start=\"1085\" data-end=\"1235\" data-is-last-node=\"\" data-is-only-node=\"\">Renkli ta\u015f ve p\u0131rlantan\u0131n uyumunu modern bir \u00e7izgide bulu\u015fturan bu kolye, hem kendiniz hem de sevdikleriniz i\u00e7in anlaml\u0131 bir hediye alternatifi sunar.<\/p>","protected":false},"excerpt":{"rendered":"<ul>\n<li>18 Ayar Alt\u0131n<\/li>\n<li>0,09 ct P\u0131rlanta<\/li>\n<li>0,68 ct 3 adet Damla kesim Do\u011fal Safir<\/li>\n<li>42 cm zincir uzunlu\u011fu<\/li>\n<\/ul>","protected":false},"featured_media":42465,"comment_status":"open","ping_status":"closed","template":"","meta":[],"product_brand":[2718],"product_cat":[75],"product_tag":[2353,1607,294,1637,1996,811,1641,1995,1640,473,2732,277,1993,483,276,1794,1485,1795,3552,474,2678,329,2073,2938,1632,476],"class_list":{"0":"post-42463","1":"product","2":"type-product","3":"status-publish","4":"has-post-thumbnail","6":"product_brand-gasia-casuals","7":"product_cat-kolye","8":"product_tag-beyaz-altin-kolye","9":"product_tag-blue-stone-necklace","10":"product_tag-diamond-necklace","11":"product_tag-elegant-necklace","12":"product_tag-everyday-necklace","13":"product_tag-gemstone-necklace","14":"product_tag-gift-necklace","15":"product_tag-gunluk-kolye","16":"product_tag-hediye-kolye","17":"product_tag-kadin-kolye","18":"product_tag-mavi-tasli-kolye","19":"product_tag-modern-kolye","20":"product_tag-modern-necklace","21":"product_tag-ozel-tasarim-kolye","22":"product_tag-pirlanta-kolye","23":"product_tag-safir-kolye","24":"product_tag-safir-tasli-kolye","25":"product_tag-sapphire-necklace","26":"product_tag-sapphire-stone-necklace","27":"product_tag-sik-kolye","28":"product_tag-stylish-necklace","29":"product_tag-tasli-kolye","30":"product_tag-unique-necklace","31":"product_tag-white-gold-necklace","32":"product_tag-women-necklace","33":"product_tag-zarif-kolye","34":"pa_cinsiyet-kadin","36":"first","37":"instock","38":"shipping-taxable","39":"purchasable","40":"product-type-simple"},"_links":{"self":[{"href":"https:\/\/www.gasia.com.tr\/en\/wp-json\/wp\/v2\/product\/42463","targetHints":{"allow":["GET"]}}],"collection":[{"href":"https:\/\/www.gasia.com.tr\/en\/wp-json\/wp\/v2\/product"}],"about":[{"href":"https:\/\/www.gasia.com.tr\/en\/wp-json\/wp\/v2\/types\/product"}],"replies":[{"embeddable":true,"href":"https:\/\/www.gasia.com.tr\/en\/wp-json\/wp\/v2\/comments?post=42463"}],"version-history":[{"count":1,"href":"https:\/\/www.gasia.com.tr\/en\/wp-json\/wp\/v2\/product\/42463\/revisions"}],"predecessor-version":[{"id":42466,"href":"https:\/\/www.gasia.com.tr\/en\/wp-json\/wp\/v2\/product\/42463\/revisions\/42466"}],"wp:featuredmedia":[{"embeddable":true,"href":"https:\/\/www.gasia.com.tr\/en\/wp-json\/wp\/v2\/media\/42465"}],"wp:attachment":[{"href":"https:\/\/www.gasia.com.tr\/en\/wp-json\/wp\/v2\/media?parent=42463"}],"wp:term":[{"taxonomy":"product_brand","embeddable":true,"href":"https:\/\/www.gasia.com.tr\/en\/wp-json\/wp\/v2\/product_brand?post=42463"},{"taxonomy":"product_cat","embeddable":true,"href":"https:\/\/www.gasia.com.tr\/en\/wp-json\/wp\/v2\/product_cat?post=42463"},{"taxonomy":"product_tag","embeddable":true,"href":"https:\/\/www.gasia.com.tr\/en\/wp-json\/wp\/v2\/product_tag?post=42463"}],"curies":[{"name":"wp","href":"https:\/\/api.w.org\/{rel}","templated":true}]}}