{"id":42471,"date":"2026-04-07T01:01:45","date_gmt":"2026-04-06T22:01:45","guid":{"rendered":"https:\/\/www.gasia.com.tr\/?post_type=product&#038;p=42471"},"modified":"2026-05-04T13:37:30","modified_gmt":"2026-05-04T10:37:30","slug":"safir-tasli-pirlanta-goz-form-beyaz-altin-kolye","status":"publish","type":"product","link":"https:\/\/www.gasia.com.tr\/en\/collections\/safir-tasli-pirlanta-goz-form-beyaz-altin-kolye\/","title":{"rendered":"Safir Ta\u015fl\u0131 P\u0131rlanta G\u00f6z Form Beyaz Alt\u0131n Kolye"},"content":{"rendered":"<p data-start=\"534\" data-end=\"788\">G\u00f6z formundan ilham alan bu beyaz alt\u0131n kolye, merkezde yer alan canl\u0131 mavi safir ta\u015f ile dikkat \u00e7ekici bir odak noktas\u0131 olu\u015fturur. Etraf\u0131n\u0131 saran p\u0131rlanta ta\u015flar, tasar\u0131ma yo\u011fun bir \u0131\u015f\u0131lt\u0131 kazand\u0131rarak \u0131\u015f\u0131\u011f\u0131 her a\u00e7\u0131dan yans\u0131t\u0131r.<\/p>\n<p data-start=\"790\" data-end=\"1024\">\u0130nce detaylarla i\u015flenmi\u015f formu sayesinde hem g\u00fc\u00e7l\u00fc bir sembol anlam\u0131 ta\u015f\u0131r hem de estetik bir g\u00f6r\u00fcn\u00fcm sunar. G\u00fcnl\u00fck kullan\u0131ma uyum sa\u011flayan hafif yap\u0131s\u0131, \u00f6zel anlarda ise stilinizi tamamlayan dikkat \u00e7ekici bir aksesuar haline gelir.<\/p>\n<p data-start=\"1026\" data-end=\"1177\" data-is-last-node=\"\" data-is-only-node=\"\">Safir ve p\u0131rlantan\u0131n uyumunu modern bir yorumla sunan bu kolye, hem kendiniz hem de sevdikleriniz i\u00e7in anlaml\u0131 ve etkileyici bir hediye se\u00e7ene\u011fi sunar.<\/p>","protected":false},"excerpt":{"rendered":"<ul>\n<li>14 Ayar Alt\u0131n<\/li>\n<li>0,32 ct P\u0131rlanta<\/li>\n<li>0,45 ct Do\u011fal Safir<\/li>\n<li>45 cm uzunlu\u011funda zincir<\/li>\n<\/ul>","protected":false},"featured_media":42472,"comment_status":"open","ping_status":"closed","template":"","meta":[],"product_brand":[2718],"product_cat":[198,75],"product_tag":[2353,1607,294,1637,726,3052,811,1641,2673,1640,473,2732,277,1993,280,276,1794,1485,1795,3552,474,2678,329,2938,1632,476],"class_list":{"0":"post-42471","1":"product","2":"type-product","3":"status-publish","4":"has-post-thumbnail","6":"product_brand-gasia-casuals","7":"product_cat-eye-collection","8":"product_cat-kolye","9":"product_tag-beyaz-altin-kolye","10":"product_tag-blue-stone-necklace","11":"product_tag-diamond-necklace","12":"product_tag-elegant-necklace","13":"product_tag-evil-eye-necklace","14":"product_tag-eye-necklace","15":"product_tag-gemstone-necklace","16":"product_tag-gift-necklace","17":"product_tag-goz-kolye","18":"product_tag-hediye-kolye","19":"product_tag-kadin-kolye","20":"product_tag-mavi-tasli-kolye","21":"product_tag-modern-kolye","22":"product_tag-modern-necklace","23":"product_tag-nazar-kolye","24":"product_tag-pirlanta-kolye","25":"product_tag-safir-kolye","26":"product_tag-safir-tasli-kolye","27":"product_tag-sapphire-necklace","28":"product_tag-sapphire-stone-necklace","29":"product_tag-sik-kolye","30":"product_tag-stylish-necklace","31":"product_tag-tasli-kolye","32":"product_tag-white-gold-necklace","33":"product_tag-women-necklace","34":"product_tag-zarif-kolye","35":"pa_cinsiyet-kadin","37":"first","38":"instock","39":"shipping-taxable","40":"purchasable","41":"product-type-simple"},"_links":{"self":[{"href":"https:\/\/www.gasia.com.tr\/en\/wp-json\/wp\/v2\/product\/42471","targetHints":{"allow":["GET"]}}],"collection":[{"href":"https:\/\/www.gasia.com.tr\/en\/wp-json\/wp\/v2\/product"}],"about":[{"href":"https:\/\/www.gasia.com.tr\/en\/wp-json\/wp\/v2\/types\/product"}],"replies":[{"embeddable":true,"href":"https:\/\/www.gasia.com.tr\/en\/wp-json\/wp\/v2\/comments?post=42471"}],"version-history":[{"count":2,"href":"https:\/\/www.gasia.com.tr\/en\/wp-json\/wp\/v2\/product\/42471\/revisions"}],"predecessor-version":[{"id":42474,"href":"https:\/\/www.gasia.com.tr\/en\/wp-json\/wp\/v2\/product\/42471\/revisions\/42474"}],"wp:featuredmedia":[{"embeddable":true,"href":"https:\/\/www.gasia.com.tr\/en\/wp-json\/wp\/v2\/media\/42472"}],"wp:attachment":[{"href":"https:\/\/www.gasia.com.tr\/en\/wp-json\/wp\/v2\/media?parent=42471"}],"wp:term":[{"taxonomy":"product_brand","embeddable":true,"href":"https:\/\/www.gasia.com.tr\/en\/wp-json\/wp\/v2\/product_brand?post=42471"},{"taxonomy":"product_cat","embeddable":true,"href":"https:\/\/www.gasia.com.tr\/en\/wp-json\/wp\/v2\/product_cat?post=42471"},{"taxonomy":"product_tag","embeddable":true,"href":"https:\/\/www.gasia.com.tr\/en\/wp-json\/wp\/v2\/product_tag?post=42471"}],"curies":[{"name":"wp","href":"https:\/\/api.w.org\/{rel}","templated":true}]}}