{"id":42476,"date":"2026-03-22T11:41:50","date_gmt":"2026-03-22T08:41:50","guid":{"rendered":"https:\/\/www.gasia.com.tr\/?post_type=product&#038;p=42476"},"modified":"2026-04-22T12:28:41","modified_gmt":"2026-04-22T09:28:41","slug":"kok-safir-ve-pirlanta-detayli-altin-kolye","status":"publish","type":"product","link":"https:\/\/www.gasia.com.tr\/en\/collections\/kok-safir-ve-pirlanta-detayli-altin-kolye\/","title":{"rendered":"K\u00f6k Safir ve P\u0131rlanta Detayl\u0131 Alt\u0131n Kolye"},"content":{"rendered":"<p data-start=\"551\" data-end=\"839\">Do\u011fal dokusunu koruyan k\u00f6k safir ta\u015f\u0131n g\u00fc\u00e7l\u00fc g\u00f6r\u00fcn\u00fcm\u00fcyle \u00f6ne \u00e7\u0131kan bu kolye, \u00e7evresini saran p\u0131rlanta detaylarla dengeli bir \u0131\u015f\u0131lt\u0131 sunar. Uzun formdaki kesimi sayesinde ta\u015f\u0131n do\u011fal y\u00fczeyi ve renk ge\u00e7i\u015fleri net \u015fekilde g\u00f6r\u00fcn\u00fcr, bu da tasar\u0131ma karakter kazand\u0131r\u0131r.<\/p>\n<p data-start=\"841\" data-end=\"1092\">Koyu tonlu \u00e7er\u00e7eve, safirin \u00f6zg\u00fcn yap\u0131s\u0131n\u0131 daha belirgin hale getirirken alt\u0131n zincir ile kontrast olu\u015fturarak dikkat \u00e7ekici bir b\u00fct\u00fcnl\u00fck sa\u011flar. Hem g\u00fcnl\u00fck kullan\u0131mda fark yaratmak hem de \u00f6zel anlarda stilinizi \u00f6ne \u00e7\u0131karmak i\u00e7in ideal bir par\u00e7ad\u0131r.<\/p>\n<p data-start=\"1094\" data-end=\"1260\" data-is-last-node=\"\" data-is-only-node=\"\">Do\u011fal ta\u015f\u0131n benzersiz yap\u0131s\u0131 sayesinde her \u00fcr\u00fcn kendine \u00f6zg\u00fc bir g\u00f6r\u00fcn\u00fcme sahiptir. G\u00fc\u00e7l\u00fc, farkl\u0131 ve karakter sahibi tasar\u0131mlar arayanlar i\u00e7in \u00f6ne \u00e7\u0131kan bir se\u00e7imdir.<\/p>","protected":false},"excerpt":{"rendered":"<ul>\n<li>18 Ayar Rose Alt\u0131n<\/li>\n<li>925 Ayar Okside G\u00fcm\u00fc\u015f<\/li>\n<li>0,17 ct P\u0131rlanta<\/li>\n<li>9,25 ct Do\u011fal K\u00f6k Safir<\/li>\n<li>45 cm Uzunluk<\/li>\n<\/ul>","protected":false},"featured_media":42491,"comment_status":"open","ping_status":"closed","template":"","meta":[],"product_brand":[2718],"product_cat":[269,75],"product_tag":[278,3556,294,1623,2762,811,322,2140,473,3554,477,1417,1630,483,276,3555,1794,1485,1795,3552,474,489,2678,329,2073,1632],"class_list":{"0":"post-42476","1":"product","2":"type-product","3":"status-publish","4":"has-post-thumbnail","6":"product_brand-gasia-casuals","7":"product_cat-gem-world-degerli-tasli-mucevher","8":"product_cat-kolye","9":"product_tag-altin-kolye","10":"product_tag-buyuk-tasli-kolye","11":"product_tag-diamond-necklace","12":"product_tag-dogal-tas-kolye","13":"product_tag-el-yapimi-kolye","14":"product_tag-gemstone-necklace","15":"product_tag-gold-necklace","16":"product_tag-handmade-necklace","17":"product_tag-kadin-kolye","18":"product_tag-kok-safir-kolye","19":"product_tag-luks-kolye","20":"product_tag-luxury-necklace","21":"product_tag-natural-stone-necklace","22":"product_tag-ozel-tasarim-kolye","23":"product_tag-pirlanta-kolye","24":"product_tag-raw-sapphire-necklace","25":"product_tag-safir-kolye","26":"product_tag-safir-tasli-kolye","27":"product_tag-sapphire-necklace","28":"product_tag-sapphire-stone-necklace","29":"product_tag-sik-kolye","30":"product_tag-statement-necklace","31":"product_tag-stylish-necklace","32":"product_tag-tasli-kolye","33":"product_tag-unique-necklace","34":"product_tag-women-necklace","35":"pa_cinsiyet-kadin","37":"first","38":"instock","39":"sale","40":"shipping-taxable","41":"purchasable","42":"product-type-simple"},"_links":{"self":[{"href":"https:\/\/www.gasia.com.tr\/en\/wp-json\/wp\/v2\/product\/42476","targetHints":{"allow":["GET"]}}],"collection":[{"href":"https:\/\/www.gasia.com.tr\/en\/wp-json\/wp\/v2\/product"}],"about":[{"href":"https:\/\/www.gasia.com.tr\/en\/wp-json\/wp\/v2\/types\/product"}],"replies":[{"embeddable":true,"href":"https:\/\/www.gasia.com.tr\/en\/wp-json\/wp\/v2\/comments?post=42476"}],"version-history":[{"count":3,"href":"https:\/\/www.gasia.com.tr\/en\/wp-json\/wp\/v2\/product\/42476\/revisions"}],"predecessor-version":[{"id":42480,"href":"https:\/\/www.gasia.com.tr\/en\/wp-json\/wp\/v2\/product\/42476\/revisions\/42480"}],"wp:featuredmedia":[{"embeddable":true,"href":"https:\/\/www.gasia.com.tr\/en\/wp-json\/wp\/v2\/media\/42491"}],"wp:attachment":[{"href":"https:\/\/www.gasia.com.tr\/en\/wp-json\/wp\/v2\/media?parent=42476"}],"wp:term":[{"taxonomy":"product_brand","embeddable":true,"href":"https:\/\/www.gasia.com.tr\/en\/wp-json\/wp\/v2\/product_brand?post=42476"},{"taxonomy":"product_cat","embeddable":true,"href":"https:\/\/www.gasia.com.tr\/en\/wp-json\/wp\/v2\/product_cat?post=42476"},{"taxonomy":"product_tag","embeddable":true,"href":"https:\/\/www.gasia.com.tr\/en\/wp-json\/wp\/v2\/product_tag?post=42476"}],"curies":[{"name":"wp","href":"https:\/\/api.w.org\/{rel}","templated":true}]}}