{"id":42481,"date":"2026-03-22T11:42:50","date_gmt":"2026-03-22T08:42:50","guid":{"rendered":"https:\/\/www.gasia.com.tr\/?post_type=product&#038;p=42481"},"modified":"2026-04-22T12:12:12","modified_gmt":"2026-04-22T09:12:12","slug":"kok-sari-safir-ve-pirlanta-detayli-altin-kolye","status":"publish","type":"product","link":"https:\/\/www.gasia.com.tr\/en\/collections\/kok-sari-safir-ve-pirlanta-detayli-altin-kolye\/","title":{"rendered":"K\u00f6k Sar\u0131 Safir ve P\u0131rlanta Detayl\u0131 Alt\u0131n Kolye"},"content":{"rendered":"<section class=\"text-token-text-primary w-full focus:outline-none [--shadow-height:45px] has-data-writing-block:pointer-events-none has-data-writing-block:-mt-(--shadow-height) has-data-writing-block:pt-(--shadow-height) [&amp;:has([data-writing-block])&gt;*]:pointer-events-auto [content-visibility:auto] supports-[content-visibility:auto]:[contain-intrinsic-size:auto_100lvh] R6Vx5W_threadScrollVars scroll-mb-[calc(var(--scroll-root-safe-area-inset-bottom,0px)+var(--thread-response-height))] scroll-mt-[calc(var(--header-height)+min(200px,max(70px,20svh)))]\" dir=\"auto\" data-turn-id=\"request-69dcedd1-137c-8384-a71c-ab7bd66fd766-1\" data-testid=\"conversation-turn-232\" data-scroll-anchor=\"false\" data-turn=\"assistant\">\n<div class=\"text-base my-auto mx-auto pb-10 [--thread-content-margin:var(--thread-content-margin-xs,calc(var(--spacing)*4))] @w-sm\/main:[--thread-content-margin:var(--thread-content-margin-sm,calc(var(--spacing)*6))] @w-lg\/main:[--thread-content-margin:var(--thread-content-margin-lg,calc(var(--spacing)*16))] px-(--thread-content-margin)\">\n<div class=\"[--thread-content-max-width:40rem] @w-lg\/main:[--thread-content-max-width:48rem] mx-auto max-w-(--thread-content-max-width) flex-1 group\/turn-messages focus-visible:outline-hidden relative flex w-full min-w-0 flex-col agent-turn\">\n<div class=\"flex max-w-full flex-col gap-4 grow\">\n<div class=\"min-h-8 text-message relative flex w-full flex-col items-end gap-2 text-start break-words whitespace-normal outline-none keyboard-focused:focus-ring [.text-message+&amp;]:mt-1\" dir=\"auto\" tabindex=\"0\" data-message-author-role=\"assistant\" data-message-id=\"1370ec0a-f83d-4eaf-b424-e07a92aa0248\" data-message-model-slug=\"gpt-5-3\" data-turn-start-message=\"true\">\n<div class=\"flex w-full flex-col gap-1 empty:hidden\">\n<div class=\"markdown prose dark:prose-invert w-full wrap-break-word light markdown-new-styling\">\n<p data-start=\"555\" data-end=\"827\">Do\u011fal yap\u0131s\u0131n\u0131 koruyan k\u00f6k sar\u0131 safir ta\u015flar\u0131n s\u0131cak tonlar\u0131yla \u00f6ne \u00e7\u0131kan bu kolye, p\u0131rlanta detayl\u0131 \u00e7er\u00e7evesiyle dengeli bir \u0131\u015f\u0131lt\u0131 sunar. \u00dcst \u00fcste konumland\u0131r\u0131lm\u0131\u015f iki ta\u015f formu, tasar\u0131ma hareket kazand\u0131r\u0131rken dikkat \u00e7ekici bir siluet olu\u015fturur.<\/p>\n<p data-start=\"829\" data-end=\"1028\">Her bir safir ta\u015f\u0131n kendine \u00f6zg\u00fc dokusu ve renk ge\u00e7i\u015fleri, \u00fcr\u00fcn\u00fc benzersiz k\u0131lar. Koyu tonlu \u00e7evreleme, ta\u015f\u0131n do\u011fal tonlar\u0131n\u0131 \u00f6n plana \u00e7\u0131kar\u0131rken alt\u0131n zincirle birlikte g\u00fc\u00e7l\u00fc bir kontrast yarat\u0131r.<\/p>\n<p data-start=\"1030\" data-end=\"1257\" data-is-last-node=\"\" data-is-only-node=\"\">Hem g\u00fcnl\u00fck stiline farkl\u0131 bir dokunu\u015f katmak isteyenler hem de \u00f6zel anlarda dikkat \u00e7ekici bir aksesuar arayanlar i\u00e7in ideal bir se\u00e7imdir. Do\u011fal ta\u015f\u0131n karakterini ta\u015f\u0131yan bu kolye, \u00f6zg\u00fcn tasar\u0131mlardan ho\u015flananlar i\u00e7in \u00f6ne \u00e7\u0131kar.<\/p>\n<\/div>\n<\/div>\n<\/div>\n<\/div>\n<div class=\"z-0 flex min-h-[46px] justify-start\"><\/div>\n<div class=\"mt-3 w-full empty:hidden\">\n<div class=\"text-center\"><\/div>\n<\/div>\n<\/div>\n<\/div>\n<\/section>\n<div class=\"pointer-events-none -mt-px h-px translate-y-[calc(var(--scroll-root-safe-area-inset-bottom)-14*var(--spacing))]\" aria-hidden=\"true\"><\/div>\n","protected":false},"excerpt":{"rendered":"<ul>\n<li>18 Ayar Rose Alt\u0131n<\/li>\n<li>925 Ayar Okside G\u00fcm\u00fc\u015f<\/li>\n<li>0,81 ct P\u0131rlanta<\/li>\n<li>21,41 ct 2 Adet Do\u011fal K\u00f6k Sar\u0131 Safir<\/li>\n<li>45 cm uzunlu\u011funda zincir<\/li>\n<\/ul>","protected":false},"featured_media":42482,"comment_status":"open","ping_status":"closed","template":"","meta":[],"product_brand":[2718],"product_cat":[269,75],"product_tag":[278,294,1623,811,322,3553,473,3557,1630,483,276,3558,1485,3552,2739,1698,474,489,2678,329,2073,1632,2742,1699],"class_list":{"0":"post-42481","1":"product","2":"type-product","3":"status-publish","4":"has-post-thumbnail","6":"product_brand-gasia-casuals","7":"product_cat-gem-world-degerli-tasli-mucevher","8":"product_cat-kolye","9":"product_tag-altin-kolye","10":"product_tag-diamond-necklace","11":"product_tag-dogal-tas-kolye","12":"product_tag-gemstone-necklace","13":"product_tag-gold-necklace","14":"product_tag-gosterisli-kolye","15":"product_tag-kadin-kolye","16":"product_tag-kok-sari-safir-kolye","17":"product_tag-natural-stone-necklace","18":"product_tag-ozel-tasarim-kolye","19":"product_tag-pirlanta-kolye","20":"product_tag-raw-yellow-sapphire-necklace","21":"product_tag-safir-tasli-kolye","22":"product_tag-sapphire-stone-necklace","23":"product_tag-sari-safir-kolye","24":"product_tag-sari-tasli-kolye","25":"product_tag-sik-kolye","26":"product_tag-statement-necklace","27":"product_tag-stylish-necklace","28":"product_tag-tasli-kolye","29":"product_tag-unique-necklace","30":"product_tag-women-necklace","31":"product_tag-yellow-sapphire-necklace","32":"product_tag-yellow-stone-necklace","33":"pa_cinsiyet-kadin","35":"first","36":"instock","37":"sale","38":"shipping-taxable","39":"purchasable","40":"product-type-simple"},"_links":{"self":[{"href":"https:\/\/www.gasia.com.tr\/en\/wp-json\/wp\/v2\/product\/42481","targetHints":{"allow":["GET"]}}],"collection":[{"href":"https:\/\/www.gasia.com.tr\/en\/wp-json\/wp\/v2\/product"}],"about":[{"href":"https:\/\/www.gasia.com.tr\/en\/wp-json\/wp\/v2\/types\/product"}],"replies":[{"embeddable":true,"href":"https:\/\/www.gasia.com.tr\/en\/wp-json\/wp\/v2\/comments?post=42481"}],"version-history":[{"count":2,"href":"https:\/\/www.gasia.com.tr\/en\/wp-json\/wp\/v2\/product\/42481\/revisions"}],"predecessor-version":[{"id":42485,"href":"https:\/\/www.gasia.com.tr\/en\/wp-json\/wp\/v2\/product\/42481\/revisions\/42485"}],"wp:featuredmedia":[{"embeddable":true,"href":"https:\/\/www.gasia.com.tr\/en\/wp-json\/wp\/v2\/media\/42482"}],"wp:attachment":[{"href":"https:\/\/www.gasia.com.tr\/en\/wp-json\/wp\/v2\/media?parent=42481"}],"wp:term":[{"taxonomy":"product_brand","embeddable":true,"href":"https:\/\/www.gasia.com.tr\/en\/wp-json\/wp\/v2\/product_brand?post=42481"},{"taxonomy":"product_cat","embeddable":true,"href":"https:\/\/www.gasia.com.tr\/en\/wp-json\/wp\/v2\/product_cat?post=42481"},{"taxonomy":"product_tag","embeddable":true,"href":"https:\/\/www.gasia.com.tr\/en\/wp-json\/wp\/v2\/product_tag?post=42481"}],"curies":[{"name":"wp","href":"https:\/\/api.w.org\/{rel}","templated":true}]}}