{"id":42486,"date":"2026-03-22T11:41:21","date_gmt":"2026-03-22T08:41:21","guid":{"rendered":"https:\/\/www.gasia.com.tr\/?post_type=product&#038;p=42486"},"modified":"2026-04-22T12:10:18","modified_gmt":"2026-04-22T09:10:18","slug":"garnet-tasli-pirlanta-detayli-altin-kolye","status":"publish","type":"product","link":"https:\/\/www.gasia.com.tr\/en\/collections\/garnet-tasli-pirlanta-detayli-altin-kolye\/","title":{"rendered":"Garnet Ta\u015fl\u0131 P\u0131rlanta Detayl\u0131 Alt\u0131n Kolye"},"content":{"rendered":"<p data-start=\"500\" data-end=\"726\">Derin k\u0131rm\u0131z\u0131 tonlar\u0131yla dikkat \u00e7eken b\u00fcy\u00fck garnet ta\u015f, bu kolyenin merkezinde g\u00fc\u00e7l\u00fc bir etki yarat\u0131r. Oval kesimi sayesinde \u0131\u015f\u0131\u011f\u0131 farkl\u0131 a\u00e7\u0131lardan yans\u0131tarak ta\u015f\u0131n do\u011fal parlakl\u0131\u011f\u0131n\u0131 \u00f6n plana \u00e7\u0131kar\u0131r.<\/p>\n<p data-start=\"728\" data-end=\"941\">Ta\u015f\u0131 tutan alt\u0131n detaylar ve \u00fczerlerindeki p\u0131rlanta dokunu\u015flar, tasar\u0131ma ince bir \u0131\u015f\u0131lt\u0131 eklerken genel g\u00f6r\u00fcn\u00fcm\u00fc dengeler. Minimal zincir yap\u0131s\u0131 ise odak noktas\u0131n\u0131 tamamen merkeze ta\u015f\u0131yarak g\u00fc\u00e7l\u00fc bir stil sunar.<\/p>\n<p data-start=\"943\" data-end=\"1176\" data-is-last-node=\"\" data-is-only-node=\"\">\u00d6zel g\u00fcnlerde dikkat \u00e7ekmek isteyenler ya da sade kombinlerine iddial\u0131 bir par\u00e7a eklemek isteyenler i\u00e7in ideal bir se\u00e7imdir. Garnetin s\u0131cak ve derin rengi, bu kolyeyi her kullan\u0131mda \u00f6ne \u00e7\u0131karan karakterli bir aksesuar haline getirir.<\/p>","protected":false},"excerpt":{"rendered":"<ul>\n<li>18 Ayar Alt\u0131n<\/li>\n<li>0,23 ct P\u0131rlanta<\/li>\n<li>34,10 ct Do\u011fal Damarl\u0131 Granat ( Lal Ta\u015f\u0131 )<\/li>\n<li>42,5 cm uzunlu\u011funda Zincir<\/li>\n<\/ul>","protected":false},"featured_media":42490,"comment_status":"open","ping_status":"closed","template":"","meta":[],"product_brand":[2718],"product_cat":[75,269],"product_tag":[278,3556,294,3473,3475,3560,811,1641,322,1640,473,613,3559,277,1993,483,276,3561,474,489,2678,329,2073,1632],"class_list":{"0":"post-42486","1":"product","2":"type-product","3":"status-publish","4":"has-post-thumbnail","6":"product_brand-gasia-casuals","7":"product_cat-kolye","8":"product_cat-gem-world-degerli-tasli-mucevher","9":"product_tag-altin-kolye","10":"product_tag-buyuk-tasli-kolye","11":"product_tag-diamond-necklace","12":"product_tag-garnet-kolye","13":"product_tag-garnet-necklace","14":"product_tag-garnet-stone-necklace","15":"product_tag-gemstone-necklace","16":"product_tag-gift-necklace","17":"product_tag-gold-necklace","18":"product_tag-hediye-kolye","19":"product_tag-kadin-kolye","20":"product_tag-kirmizi-tasli-kolye","21":"product_tag-lal-tasi-kolye","22":"product_tag-modern-kolye","23":"product_tag-modern-necklace","24":"product_tag-ozel-tasarim-kolye","25":"product_tag-pirlanta-kolye","26":"product_tag-red-stone-necklace","27":"product_tag-sik-kolye","28":"product_tag-statement-necklace","29":"product_tag-stylish-necklace","30":"product_tag-tasli-kolye","31":"product_tag-unique-necklace","32":"product_tag-women-necklace","33":"pa_cinsiyet-kadin","35":"first","36":"instock","37":"sale","38":"shipping-taxable","39":"purchasable","40":"product-type-simple"},"_links":{"self":[{"href":"https:\/\/www.gasia.com.tr\/en\/wp-json\/wp\/v2\/product\/42486","targetHints":{"allow":["GET"]}}],"collection":[{"href":"https:\/\/www.gasia.com.tr\/en\/wp-json\/wp\/v2\/product"}],"about":[{"href":"https:\/\/www.gasia.com.tr\/en\/wp-json\/wp\/v2\/types\/product"}],"replies":[{"embeddable":true,"href":"https:\/\/www.gasia.com.tr\/en\/wp-json\/wp\/v2\/comments?post=42486"}],"version-history":[{"count":2,"href":"https:\/\/www.gasia.com.tr\/en\/wp-json\/wp\/v2\/product\/42486\/revisions"}],"predecessor-version":[{"id":42489,"href":"https:\/\/www.gasia.com.tr\/en\/wp-json\/wp\/v2\/product\/42486\/revisions\/42489"}],"wp:featuredmedia":[{"embeddable":true,"href":"https:\/\/www.gasia.com.tr\/en\/wp-json\/wp\/v2\/media\/42490"}],"wp:attachment":[{"href":"https:\/\/www.gasia.com.tr\/en\/wp-json\/wp\/v2\/media?parent=42486"}],"wp:term":[{"taxonomy":"product_brand","embeddable":true,"href":"https:\/\/www.gasia.com.tr\/en\/wp-json\/wp\/v2\/product_brand?post=42486"},{"taxonomy":"product_cat","embeddable":true,"href":"https:\/\/www.gasia.com.tr\/en\/wp-json\/wp\/v2\/product_cat?post=42486"},{"taxonomy":"product_tag","embeddable":true,"href":"https:\/\/www.gasia.com.tr\/en\/wp-json\/wp\/v2\/product_tag?post=42486"}],"curies":[{"name":"wp","href":"https:\/\/api.w.org\/{rel}","templated":true}]}}