{"id":42492,"date":"2026-03-22T11:42:20","date_gmt":"2026-03-22T08:42:20","guid":{"rendered":"https:\/\/www.gasia.com.tr\/?post_type=product&#038;p=42492"},"modified":"2026-04-22T12:54:06","modified_gmt":"2026-04-22T09:54:06","slug":"granat-tasli-pirlanta-detayli-beyaz-altin-kolye","status":"publish","type":"product","link":"https:\/\/www.gasia.com.tr\/en\/collections\/granat-tasli-pirlanta-detayli-beyaz-altin-kolye\/","title":{"rendered":"Granat Ta\u015fl\u0131 P\u0131rlanta Detayl\u0131 Beyaz Alt\u0131n Kolye"},"content":{"rendered":"<p data-start=\"517\" data-end=\"744\">Derin k\u0131rm\u0131z\u0131 tonlar\u0131yla \u00f6ne \u00e7\u0131kan granat ta\u015f\u0131, bu kolyenin merkezinde g\u00fc\u00e7l\u00fc bir g\u00f6rsel etki yarat\u0131r. Oval kesimi sayesinde \u0131\u015f\u0131\u011f\u0131 etkileyici \u015fekilde yans\u0131tarak ta\u015f\u0131n do\u011fal parlakl\u0131\u011f\u0131n\u0131 \u00f6n plana \u00e7\u0131kar\u0131r.<\/p>\n<p data-start=\"746\" data-end=\"1006\">Ta\u015f\u0131 \u00e7evreleyen p\u0131rlanta detaylar, tasar\u0131ma ince bir \u0131\u015f\u0131lt\u0131 katarken beyaz alt\u0131n zincir ile birle\u015ferek dengeli ve dikkat \u00e7ekici bir g\u00f6r\u00fcn\u00fcm sunar. Minimal formu sayesinde hem g\u00fcnl\u00fck stiline uyum sa\u011flar hem de \u00f6zel anlarda \u00f6ne \u00e7\u0131kan bir aksesuar haline gelir.<\/p>\n<p data-start=\"1008\" data-end=\"1141\" data-is-last-node=\"\" data-is-only-node=\"\">G\u00fc\u00e7l\u00fc renk karakteri ve p\u0131rlanta dokunu\u015flar\u0131yla haz\u0131rlanan bu kolye, farkl\u0131 ve etkileyici bir stil arayanlar i\u00e7in ideal bir se\u00e7imdir.<\/p>","protected":false},"excerpt":{"rendered":"<ul>\n<li>14 Ayar Beyaz Alt\u0131n<\/li>\n<li>0,22 ct P\u0131rlanta<\/li>\n<li>10,19 ct Do\u011fal Granat ( Lal Ta\u015f\u0131 )<\/li>\n<li>42 cm uzunlu\u011funda zincir<\/li>\n<\/ul>","protected":false},"featured_media":42493,"comment_status":"open","ping_status":"closed","template":"","meta":[],"product_brand":[2718],"product_cat":[269,75],"product_tag":[2353,294,1637,3475,3560,811,1641,3562,3563,1640,473,613,277,1993,3565,3564,276,2928,474,2678,329,2938,1632,476],"class_list":{"0":"post-42492","1":"product","2":"type-product","3":"status-publish","4":"has-post-thumbnail","6":"product_brand-gasia-casuals","7":"product_cat-gem-world-degerli-tasli-mucevher","8":"product_cat-kolye","9":"product_tag-beyaz-altin-kolye","10":"product_tag-diamond-necklace","11":"product_tag-elegant-necklace","12":"product_tag-garnet-necklace","13":"product_tag-garnet-stone-necklace","14":"product_tag-gemstone-necklace","15":"product_tag-gift-necklace","16":"product_tag-granat-kolye","17":"product_tag-granat-tasli-kolye","18":"product_tag-hediye-kolye","19":"product_tag-kadin-kolye","20":"product_tag-kirmizi-tasli-kolye","21":"product_tag-modern-kolye","22":"product_tag-modern-necklace","23":"product_tag-oval-cut-necklace","24":"product_tag-oval-kesim-kolye","25":"product_tag-pirlanta-kolye","26":"product_tag-red-gemstone-necklace","27":"product_tag-sik-kolye","28":"product_tag-stylish-necklace","29":"product_tag-tasli-kolye","30":"product_tag-white-gold-necklace","31":"product_tag-women-necklace","32":"product_tag-zarif-kolye","33":"pa_cinsiyet-kadin","35":"first","36":"instock","37":"sale","38":"shipping-taxable","39":"purchasable","40":"product-type-simple"},"_links":{"self":[{"href":"https:\/\/www.gasia.com.tr\/en\/wp-json\/wp\/v2\/product\/42492","targetHints":{"allow":["GET"]}}],"collection":[{"href":"https:\/\/www.gasia.com.tr\/en\/wp-json\/wp\/v2\/product"}],"about":[{"href":"https:\/\/www.gasia.com.tr\/en\/wp-json\/wp\/v2\/types\/product"}],"replies":[{"embeddable":true,"href":"https:\/\/www.gasia.com.tr\/en\/wp-json\/wp\/v2\/comments?post=42492"}],"version-history":[{"count":3,"href":"https:\/\/www.gasia.com.tr\/en\/wp-json\/wp\/v2\/product\/42492\/revisions"}],"predecessor-version":[{"id":42504,"href":"https:\/\/www.gasia.com.tr\/en\/wp-json\/wp\/v2\/product\/42492\/revisions\/42504"}],"wp:featuredmedia":[{"embeddable":true,"href":"https:\/\/www.gasia.com.tr\/en\/wp-json\/wp\/v2\/media\/42493"}],"wp:attachment":[{"href":"https:\/\/www.gasia.com.tr\/en\/wp-json\/wp\/v2\/media?parent=42492"}],"wp:term":[{"taxonomy":"product_brand","embeddable":true,"href":"https:\/\/www.gasia.com.tr\/en\/wp-json\/wp\/v2\/product_brand?post=42492"},{"taxonomy":"product_cat","embeddable":true,"href":"https:\/\/www.gasia.com.tr\/en\/wp-json\/wp\/v2\/product_cat?post=42492"},{"taxonomy":"product_tag","embeddable":true,"href":"https:\/\/www.gasia.com.tr\/en\/wp-json\/wp\/v2\/product_tag?post=42492"}],"curies":[{"name":"wp","href":"https:\/\/api.w.org\/{rel}","templated":true}]}}