{"id":42495,"date":"2026-03-22T11:41:18","date_gmt":"2026-03-22T08:41:18","guid":{"rendered":"https:\/\/www.gasia.com.tr\/?post_type=product&#038;p=42495"},"modified":"2026-04-22T12:34:16","modified_gmt":"2026-04-22T09:34:16","slug":"kahverengi-turmalin-ve-pirlanta-detayli-altin-kolye","status":"publish","type":"product","link":"https:\/\/www.gasia.com.tr\/en\/collections\/kahverengi-turmalin-ve-pirlanta-detayli-altin-kolye\/","title":{"rendered":"Kahverengi Turmalin ve P\u0131rlanta Detayl\u0131 Alt\u0131n Kolye"},"content":{"rendered":"<p data-start=\"543\" data-end=\"803\">Do\u011fal ton ge\u00e7i\u015fleriyle dikkat \u00e7eken kahverengi turmalin ta\u015f, bu kolyenin merkezinde g\u00fc\u00e7l\u00fc bir karakter sunar. Geni\u015f y\u00fczeyli kesimi sayesinde ta\u015f\u0131n i\u00e7 dokusu ve do\u011fal izleri belirgin \u015fekilde g\u00f6r\u00fcn\u00fcr, bu da tasar\u0131ma \u00f6zg\u00fcn bir hava katar.<\/p>\n<p data-start=\"805\" data-end=\"1007\">Ta\u015f\u0131 \u00e7evreleyen p\u0131rlanta detayl\u0131 \u00e7er\u00e7eve, ince bir \u0131\u015f\u0131lt\u0131 ekleyerek alt\u0131n zincirle uyumlu bir b\u00fct\u00fcnl\u00fck olu\u015fturur. Yumu\u015fak hatlara sahip formu, boyun \u00fczerinde dengeli ve dikkat \u00e7ekici bir duru\u015f sa\u011flar.<\/p>\n<p data-start=\"1009\" data-end=\"1203\" data-is-last-node=\"\" data-is-only-node=\"\">Hem g\u00fcnl\u00fck kombinlerde fark yaratmak hem de \u00f6zel anlarda stilini \u00f6ne \u00e7\u0131karmak isteyenler i\u00e7in ideal bir par\u00e7ad\u0131r. Do\u011fal ta\u015f\u0131n benzersiz yap\u0131s\u0131 sayesinde her kolye kendine \u00f6zg\u00fc bir g\u00f6r\u00fcn\u00fcm sunar.<\/p>","protected":false},"excerpt":{"rendered":"<ul>\n<li>18 Ayar Alt\u0131n<\/li>\n<li>0,31 ct P\u0131rlanta<\/li>\n<li>15,76 ct Brezilya Turmaline<\/li>\n<li>456 cm Uzunluk<\/li>\n<\/ul>","protected":false},"featured_media":42496,"comment_status":"open","ping_status":"closed","template":"","meta":[],"product_brand":[2718],"product_cat":[269,75],"product_tag":[278,3569,3556,294,1623,811,1641,322,1640,473,3568,277,1993,1630,276,474,489,2678,329,3567,3571,3566,3570,1632],"class_list":{"0":"post-42495","1":"product","2":"type-product","3":"status-publish","4":"has-post-thumbnail","6":"product_brand-gasia-casuals","7":"product_cat-gem-world-degerli-tasli-mucevher","8":"product_cat-kolye","9":"product_tag-altin-kolye","10":"product_tag-brown-tourmaline-necklace","11":"product_tag-buyuk-tasli-kolye","12":"product_tag-diamond-necklace","13":"product_tag-dogal-tas-kolye","14":"product_tag-gemstone-necklace","15":"product_tag-gift-necklace","16":"product_tag-gold-necklace","17":"product_tag-hediye-kolye","18":"product_tag-kadin-kolye","19":"product_tag-kahverengi-turmalin-kolye","20":"product_tag-modern-kolye","21":"product_tag-modern-necklace","22":"product_tag-natural-stone-necklace","23":"product_tag-pirlanta-kolye","24":"product_tag-sik-kolye","25":"product_tag-statement-necklace","26":"product_tag-stylish-necklace","27":"product_tag-tasli-kolye","28":"product_tag-tourmaline-necklace","29":"product_tag-tourmaline-stone-necklace","30":"product_tag-turmalin-kolye","31":"product_tag-turmalin-tasli-kolye","32":"product_tag-women-necklace","33":"pa_cinsiyet-kadin","35":"first","36":"instock","37":"sale","38":"shipping-taxable","39":"purchasable","40":"product-type-simple"},"_links":{"self":[{"href":"https:\/\/www.gasia.com.tr\/en\/wp-json\/wp\/v2\/product\/42495","targetHints":{"allow":["GET"]}}],"collection":[{"href":"https:\/\/www.gasia.com.tr\/en\/wp-json\/wp\/v2\/product"}],"about":[{"href":"https:\/\/www.gasia.com.tr\/en\/wp-json\/wp\/v2\/types\/product"}],"replies":[{"embeddable":true,"href":"https:\/\/www.gasia.com.tr\/en\/wp-json\/wp\/v2\/comments?post=42495"}],"version-history":[{"count":2,"href":"https:\/\/www.gasia.com.tr\/en\/wp-json\/wp\/v2\/product\/42495\/revisions"}],"predecessor-version":[{"id":42499,"href":"https:\/\/www.gasia.com.tr\/en\/wp-json\/wp\/v2\/product\/42495\/revisions\/42499"}],"wp:featuredmedia":[{"embeddable":true,"href":"https:\/\/www.gasia.com.tr\/en\/wp-json\/wp\/v2\/media\/42496"}],"wp:attachment":[{"href":"https:\/\/www.gasia.com.tr\/en\/wp-json\/wp\/v2\/media?parent=42495"}],"wp:term":[{"taxonomy":"product_brand","embeddable":true,"href":"https:\/\/www.gasia.com.tr\/en\/wp-json\/wp\/v2\/product_brand?post=42495"},{"taxonomy":"product_cat","embeddable":true,"href":"https:\/\/www.gasia.com.tr\/en\/wp-json\/wp\/v2\/product_cat?post=42495"},{"taxonomy":"product_tag","embeddable":true,"href":"https:\/\/www.gasia.com.tr\/en\/wp-json\/wp\/v2\/product_tag?post=42495"}],"curies":[{"name":"wp","href":"https:\/\/api.w.org\/{rel}","templated":true}]}}