{"id":42498,"date":"2026-03-22T11:44:14","date_gmt":"2026-03-22T08:44:14","guid":{"rendered":"https:\/\/www.gasia.com.tr\/?post_type=product&#038;p=42498"},"modified":"2026-04-22T15:08:53","modified_gmt":"2026-04-22T12:08:53","slug":"acik-sari-safir-ve-pirlanta-cerceveli-altin-kolye","status":"publish","type":"product","link":"https:\/\/www.gasia.com.tr\/en\/collections\/acik-sari-safir-ve-pirlanta-cerceveli-altin-kolye\/","title":{"rendered":"A\u00e7\u0131k Sar\u0131 Safir ve P\u0131rlanta \u00c7er\u00e7eveli Alt\u0131n Kolye"},"content":{"rendered":"<p data-start=\"545\" data-end=\"807\">Yumu\u015fak ve do\u011fal tonlar\u0131yla \u00f6ne \u00e7\u0131kan a\u00e7\u0131k sar\u0131 safir ta\u015f, bu kolyede sade ama etkileyici bir g\u00f6r\u00fcn\u00fcm sunar. Ta\u015f\u0131n geni\u015f y\u00fczeyi, \u0131\u015f\u0131\u011f\u0131 farkl\u0131 a\u00e7\u0131lardan yans\u0131tarak derinlikli bir etki olu\u015fturur ve her bak\u0131\u015fta farkl\u0131 bir karakter sergiler.<\/p>\n<p data-start=\"809\" data-end=\"1019\">Etraf\u0131n\u0131 saran p\u0131rlanta detayl\u0131 \u00e7er\u00e7eve, ta\u015f\u0131n zarif tonunu \u00f6n plana \u00e7\u0131kar\u0131rken ince bir parlakl\u0131k katman\u0131 ekler. Alt\u0131n zincir ile tamamlanan tasar\u0131m, boyun \u00fczerinde dengeli ve dikkat \u00e7ekici bir duru\u015f sa\u011flar.<\/p>\n<p data-start=\"1021\" data-end=\"1202\" data-is-last-node=\"\" data-is-only-node=\"\">G\u00fcnl\u00fck stiline farkl\u0131 bir dokunu\u015f katmak ya da \u00f6zel anlarda \u00f6ne \u00e7\u0131kmak isteyenler i\u00e7in g\u00fc\u00e7l\u00fc bir tamamlay\u0131c\u0131d\u0131r. Do\u011fal ta\u015f yap\u0131s\u0131 sayesinde her par\u00e7a kendine \u00f6zg\u00fc bir g\u00f6r\u00fcn\u00fcm ta\u015f\u0131r.<\/p>","protected":false},"excerpt":{"rendered":"<ul>\n<li>18 Ayar Rose Alt\u0131n<\/li>\n<li>925 ayar Okside G\u00fcm\u00fc\u015f<\/li>\n<li>0,17 ct P\u0131rlanta<\/li>\n<li>9,25 ct Do\u011fal K\u00f6k Safir<\/li>\n<li>45 cm uzunlu\u011funda zincir<\/li>\n<\/ul>","protected":false},"featured_media":42500,"comment_status":"open","ping_status":"closed","template":"","meta":[],"product_brand":[2718],"product_cat":[75,269],"product_tag":[3572,278,633,294,1623,1637,811,1641,322,1640,473,3573,1630,483,276,1794,1485,1795,3552,2739,474,329,1632,2742],"class_list":{"0":"post-42498","1":"product","2":"type-product","3":"status-publish","4":"has-post-thumbnail","6":"product_brand-gasia-casuals","7":"product_cat-kolye","8":"product_cat-gem-world-degerli-tasli-mucevher","9":"product_tag-acik-sari-safir-kolye","10":"product_tag-altin-kolye","11":"product_tag-designer-necklace","12":"product_tag-diamond-necklace","13":"product_tag-dogal-tas-kolye","14":"product_tag-elegant-necklace","15":"product_tag-gemstone-necklace","16":"product_tag-gift-necklace","17":"product_tag-gold-necklace","18":"product_tag-hediye-kolye","19":"product_tag-kadin-kolye","20":"product_tag-light-yellow-sapphire-necklace","21":"product_tag-natural-stone-necklace","22":"product_tag-ozel-tasarim-kolye","23":"product_tag-pirlanta-kolye","24":"product_tag-safir-kolye","25":"product_tag-safir-tasli-kolye","26":"product_tag-sapphire-necklace","27":"product_tag-sapphire-stone-necklace","28":"product_tag-sari-safir-kolye","29":"product_tag-sik-kolye","30":"product_tag-tasli-kolye","31":"product_tag-women-necklace","32":"product_tag-yellow-sapphire-necklace","33":"pa_cinsiyet-kadin","35":"first","36":"instock","37":"sale","38":"shipping-taxable","39":"purchasable","40":"product-type-simple"},"_links":{"self":[{"href":"https:\/\/www.gasia.com.tr\/en\/wp-json\/wp\/v2\/product\/42498","targetHints":{"allow":["GET"]}}],"collection":[{"href":"https:\/\/www.gasia.com.tr\/en\/wp-json\/wp\/v2\/product"}],"about":[{"href":"https:\/\/www.gasia.com.tr\/en\/wp-json\/wp\/v2\/types\/product"}],"replies":[{"embeddable":true,"href":"https:\/\/www.gasia.com.tr\/en\/wp-json\/wp\/v2\/comments?post=42498"}],"version-history":[{"count":3,"href":"https:\/\/www.gasia.com.tr\/en\/wp-json\/wp\/v2\/product\/42498\/revisions"}],"predecessor-version":[{"id":42513,"href":"https:\/\/www.gasia.com.tr\/en\/wp-json\/wp\/v2\/product\/42498\/revisions\/42513"}],"wp:featuredmedia":[{"embeddable":true,"href":"https:\/\/www.gasia.com.tr\/en\/wp-json\/wp\/v2\/media\/42500"}],"wp:attachment":[{"href":"https:\/\/www.gasia.com.tr\/en\/wp-json\/wp\/v2\/media?parent=42498"}],"wp:term":[{"taxonomy":"product_brand","embeddable":true,"href":"https:\/\/www.gasia.com.tr\/en\/wp-json\/wp\/v2\/product_brand?post=42498"},{"taxonomy":"product_cat","embeddable":true,"href":"https:\/\/www.gasia.com.tr\/en\/wp-json\/wp\/v2\/product_cat?post=42498"},{"taxonomy":"product_tag","embeddable":true,"href":"https:\/\/www.gasia.com.tr\/en\/wp-json\/wp\/v2\/product_tag?post=42498"}],"curies":[{"name":"wp","href":"https:\/\/api.w.org\/{rel}","templated":true}]}}