{"id":42505,"date":"2026-03-22T11:43:25","date_gmt":"2026-03-22T08:43:25","guid":{"rendered":"https:\/\/www.gasia.com.tr\/?post_type=product&#038;p=42505"},"modified":"2026-04-22T13:56:55","modified_gmt":"2026-04-22T10:56:55","slug":"sari-turmalin-ve-pirlanta-detayli-altin-kolye","status":"publish","type":"product","link":"https:\/\/www.gasia.com.tr\/en\/collections\/sari-turmalin-ve-pirlanta-detayli-altin-kolye\/","title":{"rendered":"Sar\u0131 Turmalin ve P\u0131rlanta Detayl\u0131 Alt\u0131n Kolye"},"content":{"rendered":"<p data-start=\"513\" data-end=\"794\">Canl\u0131 ve s\u0131cak tonlar\u0131yla dikkat \u00e7eken sar\u0131 turmalin ta\u015f, bu kolyede do\u011fal dokusunu ve karakterini g\u00fc\u00e7l\u00fc \u015fekilde yans\u0131t\u0131r. Ta\u015f\u0131n i\u00e7 yap\u0131s\u0131ndaki ince damarlar ve \u0131\u015f\u0131k k\u0131r\u0131l\u0131mlar\u0131, her a\u00e7\u0131dan farkl\u0131 bir g\u00f6r\u00fcn\u00fcm sunarak tasar\u0131ma \u00f6zg\u00fcn bir derinlik kazand\u0131r\u0131r.<\/p>\n<p data-start=\"796\" data-end=\"978\">Etraf\u0131n\u0131 \u00e7evreleyen p\u0131rlanta detayl\u0131 \u00e7er\u00e7eve, ta\u015f\u0131n rengini vurgularken zarif bir \u0131\u015f\u0131lt\u0131 ekler. Alt\u0131n zincir ile tamamlanan tasar\u0131m, boyunda dengeli ve etkileyici bir duru\u015f sa\u011flar.<\/p>\n<p data-start=\"980\" data-end=\"1169\" data-is-last-node=\"\" data-is-only-node=\"\">G\u00fcnl\u00fck kombinlere s\u0131cak bir dokunu\u015f katmak ya da \u00f6zel anlarda fark yaratmak isteyenler i\u00e7in dikkat \u00e7ekici bir par\u00e7ad\u0131r. Her ta\u015f\u0131n do\u011fal yap\u0131s\u0131 sayesinde kolye kendine has bir g\u00f6r\u00fcn\u00fcm sunar.<\/p>","protected":false},"excerpt":{"rendered":"<ul>\n<li>18 Ayar Alt\u0131n<\/li>\n<li>0,32 ct P\u0131rlanta<\/li>\n<li>10,71 ct Do\u011fal Brezilya sar\u0131 Turmalin<\/li>\n<li>42 cm Zincir uzunlu\u011fu<\/li>\n<\/ul>","protected":false},"featured_media":42506,"comment_status":"open","ping_status":"closed","template":"","meta":[],"product_brand":[2718],"product_cat":[269,75],"product_tag":[278,633,294,1623,1637,1641,322,1640,473,1630,483,276,1698,3574,474,3567,3571,3566,3570,1632,3576,3575],"class_list":{"0":"post-42505","1":"product","2":"type-product","3":"status-publish","4":"has-post-thumbnail","6":"product_brand-gasia-casuals","7":"product_cat-gem-world-degerli-tasli-mucevher","8":"product_cat-kolye","9":"product_tag-altin-kolye","10":"product_tag-designer-necklace","11":"product_tag-diamond-necklace","12":"product_tag-dogal-tas-kolye","13":"product_tag-elegant-necklace","14":"product_tag-gift-necklace","15":"product_tag-gold-necklace","16":"product_tag-hediye-kolye","17":"product_tag-kadin-kolye","18":"product_tag-natural-stone-necklace","19":"product_tag-ozel-tasarim-kolye","20":"product_tag-pirlanta-kolye","21":"product_tag-sari-tasli-kolye","22":"product_tag-sari-turmalin-kolye","23":"product_tag-sik-kolye","24":"product_tag-tourmaline-necklace","25":"product_tag-tourmaline-stone-necklace","26":"product_tag-turmalin-kolye","27":"product_tag-turmalin-tasli-kolye","28":"product_tag-women-necklace","29":"product_tag-yellow-gemstone-necklace","30":"product_tag-yellow-tourmaline-necklace","31":"pa_cinsiyet-kadin","33":"first","34":"instock","35":"sale","36":"shipping-taxable","37":"purchasable","38":"product-type-simple"},"_links":{"self":[{"href":"https:\/\/www.gasia.com.tr\/en\/wp-json\/wp\/v2\/product\/42505","targetHints":{"allow":["GET"]}}],"collection":[{"href":"https:\/\/www.gasia.com.tr\/en\/wp-json\/wp\/v2\/product"}],"about":[{"href":"https:\/\/www.gasia.com.tr\/en\/wp-json\/wp\/v2\/types\/product"}],"replies":[{"embeddable":true,"href":"https:\/\/www.gasia.com.tr\/en\/wp-json\/wp\/v2\/comments?post=42505"}],"version-history":[{"count":1,"href":"https:\/\/www.gasia.com.tr\/en\/wp-json\/wp\/v2\/product\/42505\/revisions"}],"predecessor-version":[{"id":42507,"href":"https:\/\/www.gasia.com.tr\/en\/wp-json\/wp\/v2\/product\/42505\/revisions\/42507"}],"wp:featuredmedia":[{"embeddable":true,"href":"https:\/\/www.gasia.com.tr\/en\/wp-json\/wp\/v2\/media\/42506"}],"wp:attachment":[{"href":"https:\/\/www.gasia.com.tr\/en\/wp-json\/wp\/v2\/media?parent=42505"}],"wp:term":[{"taxonomy":"product_brand","embeddable":true,"href":"https:\/\/www.gasia.com.tr\/en\/wp-json\/wp\/v2\/product_brand?post=42505"},{"taxonomy":"product_cat","embeddable":true,"href":"https:\/\/www.gasia.com.tr\/en\/wp-json\/wp\/v2\/product_cat?post=42505"},{"taxonomy":"product_tag","embeddable":true,"href":"https:\/\/www.gasia.com.tr\/en\/wp-json\/wp\/v2\/product_tag?post=42505"}],"curies":[{"name":"wp","href":"https:\/\/api.w.org\/{rel}","templated":true}]}}