{"id":42508,"date":"2026-03-22T11:40:59","date_gmt":"2026-03-22T08:40:59","guid":{"rendered":"https:\/\/www.gasia.com.tr\/?post_type=product&#038;p=42508"},"modified":"2026-04-22T14:06:44","modified_gmt":"2026-04-22T11:06:44","slug":"mavi-turmalin-ve-pirlanta-detayli-altin-kolye","status":"publish","type":"product","link":"https:\/\/www.gasia.com.tr\/en\/collections\/mavi-turmalin-ve-pirlanta-detayli-altin-kolye\/","title":{"rendered":"Mavi Turmalin ve P\u0131rlanta Detayl\u0131 Alt\u0131n Kolye"},"content":{"rendered":"<p data-start=\"509\" data-end=\"757\">Derin ve serin tonlar\u0131yla \u00f6ne \u00e7\u0131kan mavi turmalin ta\u015f, bu kolyede g\u00fc\u00e7l\u00fc bir g\u00f6rsel etki yarat\u0131r. Ta\u015f\u0131n i\u00e7 yap\u0131s\u0131ndaki do\u011fal izler ve renk ge\u00e7i\u015fleri, her a\u00e7\u0131dan farkl\u0131 bir yans\u0131ma sunarak benzersiz bir karakter ortaya koyar.<\/p>\n<p data-start=\"759\" data-end=\"948\">P\u0131rlanta detayl\u0131 \u00e7er\u00e7eve, ta\u015f\u0131n rengini belirgin hale getirirken ince bir parlakl\u0131k dokunu\u015fu ekler. Alt\u0131n zincir ile tamamlanan tasar\u0131m, boyunda dengeli ve dikkat \u00e7ekici bir duru\u015f sa\u011flar.<\/p>\n<p data-start=\"950\" data-end=\"1125\" data-is-last-node=\"\" data-is-only-node=\"\">G\u00fcnl\u00fck stilini zenginle\u015ftirmek ya da \u00f6zel anlarda fark yaratmak isteyenler i\u00e7in etkileyici bir tamamlay\u0131c\u0131d\u0131r. Do\u011fal yap\u0131s\u0131 sayesinde her par\u00e7a kendine \u00f6zg\u00fc bir g\u00f6r\u00fcn\u00fcm sunar.<\/p>","protected":false},"excerpt":{"rendered":"<ul>\n<li>18 Ayar Alt\u0131n<\/li>\n<li>0,26 ct P\u0131rlanta<\/li>\n<li>8,20 ct Mavi Brezilya Turmalin<\/li>\n<li>42 cm uzunlu\u011funda zincir<\/li>\n<\/ul>","protected":false},"featured_media":42516,"comment_status":"open","ping_status":"closed","template":"","meta":[],"product_brand":[2718],"product_cat":[269,75],"product_tag":[278,2924,3578,633,294,1623,1637,1641,322,1640,473,2732,3577,1630,483,276,474,3567,3571,3566,3570,1632],"class_list":{"0":"post-42508","1":"product","2":"type-product","3":"status-publish","4":"has-post-thumbnail","6":"product_brand-gasia-casuals","7":"product_cat-gem-world-degerli-tasli-mucevher","8":"product_cat-kolye","9":"product_tag-altin-kolye","10":"product_tag-blue-gemstone-necklace","11":"product_tag-blue-tourmaline-necklace","12":"product_tag-designer-necklace","13":"product_tag-diamond-necklace","14":"product_tag-dogal-tas-kolye","15":"product_tag-elegant-necklace","16":"product_tag-gift-necklace","17":"product_tag-gold-necklace","18":"product_tag-hediye-kolye","19":"product_tag-kadin-kolye","20":"product_tag-mavi-tasli-kolye","21":"product_tag-mavi-turmalin-kolye","22":"product_tag-natural-stone-necklace","23":"product_tag-ozel-tasarim-kolye","24":"product_tag-pirlanta-kolye","25":"product_tag-sik-kolye","26":"product_tag-tourmaline-necklace","27":"product_tag-tourmaline-stone-necklace","28":"product_tag-turmalin-kolye","29":"product_tag-turmalin-tasli-kolye","30":"product_tag-women-necklace","31":"pa_cinsiyet-kadin","33":"first","34":"instock","35":"sale","36":"shipping-taxable","37":"purchasable","38":"product-type-simple"},"_links":{"self":[{"href":"https:\/\/www.gasia.com.tr\/en\/wp-json\/wp\/v2\/product\/42508","targetHints":{"allow":["GET"]}}],"collection":[{"href":"https:\/\/www.gasia.com.tr\/en\/wp-json\/wp\/v2\/product"}],"about":[{"href":"https:\/\/www.gasia.com.tr\/en\/wp-json\/wp\/v2\/types\/product"}],"replies":[{"embeddable":true,"href":"https:\/\/www.gasia.com.tr\/en\/wp-json\/wp\/v2\/comments?post=42508"}],"version-history":[{"count":2,"href":"https:\/\/www.gasia.com.tr\/en\/wp-json\/wp\/v2\/product\/42508\/revisions"}],"predecessor-version":[{"id":42511,"href":"https:\/\/www.gasia.com.tr\/en\/wp-json\/wp\/v2\/product\/42508\/revisions\/42511"}],"wp:featuredmedia":[{"embeddable":true,"href":"https:\/\/www.gasia.com.tr\/en\/wp-json\/wp\/v2\/media\/42516"}],"wp:attachment":[{"href":"https:\/\/www.gasia.com.tr\/en\/wp-json\/wp\/v2\/media?parent=42508"}],"wp:term":[{"taxonomy":"product_brand","embeddable":true,"href":"https:\/\/www.gasia.com.tr\/en\/wp-json\/wp\/v2\/product_brand?post=42508"},{"taxonomy":"product_cat","embeddable":true,"href":"https:\/\/www.gasia.com.tr\/en\/wp-json\/wp\/v2\/product_cat?post=42508"},{"taxonomy":"product_tag","embeddable":true,"href":"https:\/\/www.gasia.com.tr\/en\/wp-json\/wp\/v2\/product_tag?post=42508"}],"curies":[{"name":"wp","href":"https:\/\/api.w.org\/{rel}","templated":true}]}}