{"id":42514,"date":"2026-03-22T11:45:33","date_gmt":"2026-03-22T08:45:33","guid":{"rendered":"https:\/\/www.gasia.com.tr\/?post_type=product&#038;p=42514"},"modified":"2026-04-22T14:11:01","modified_gmt":"2026-04-22T11:11:01","slug":"kok-safir-ve-pirlanta-cerceveli-altin-kolye","status":"publish","type":"product","link":"https:\/\/www.gasia.com.tr\/en\/collections\/kok-safir-ve-pirlanta-cerceveli-altin-kolye\/","title":{"rendered":"K\u00f6k Safir ve P\u0131rlanta \u00c7er\u00e7eveli Alt\u0131n Kolye"},"content":{"rendered":"<p data-start=\"490\" data-end=\"755\">Derin mavi tonlar\u0131yla dikkat \u00e7eken k\u00f6k safir ta\u015f, bu kolyede g\u00fc\u00e7l\u00fc ve etkileyici bir g\u00f6r\u00fcn\u00fcm sunar. Damla formundaki kesimi, ta\u015f\u0131n do\u011fal renk yo\u011funlu\u011funu ve \u0131\u015f\u0131kla kurdu\u011fu ili\u015fkiyi \u00f6n plana \u00e7\u0131kararak her a\u00e7\u0131dan farkl\u0131 bir parlakl\u0131k yarat\u0131r.<\/p>\n<p data-start=\"757\" data-end=\"977\">Ta\u015f\u0131 \u00e7evreleyen p\u0131rlanta detayl\u0131 \u00e7er\u00e7eve, kontrast bir etki olu\u015fturarak merkezdeki safirin daha belirgin g\u00f6r\u00fcnmesini sa\u011flar. Alt\u0131n zincir ile tamamlanan tasar\u0131m, boyun \u00fczerinde dengeli ve dikkat \u00e7ekici bir duru\u015f sunar.<\/p>\n<p data-start=\"979\" data-end=\"1137\" data-is-last-node=\"\" data-is-only-node=\"\">G\u00fcnl\u00fck kullan\u0131mdan \u00f6zel anlara kadar geni\u015f bir kullan\u0131m alan\u0131 sunan bu kolye, g\u00fc\u00e7l\u00fc renk etkisiyle stiline karakter katmak isteyenler i\u00e7in ideal bir se\u00e7imdir.<\/p>","protected":false},"excerpt":{"rendered":"<ul>\n<li>18 Ayar Rose Alt\u0131n<\/li>\n<li>925 Ayar Okside G\u00fcm\u00fc\u015f<\/li>\n<li>0,32 ct P\u0131rlanta<\/li>\n<li>10,88 ct Do\u011fal K\u00f6k Safir<\/li>\n<li>45 cm uzunlu\u011funda zincir<\/li>\n<\/ul>","protected":false},"featured_media":42517,"comment_status":"open","ping_status":"closed","template":"","meta":[],"product_brand":[2718],"product_cat":[269,75],"product_tag":[278,1733,633,294,1623,1637,1641,322,1640,473,3554,1732,1630,483,276,3555,1794,1485,1795,3552,474,1632],"class_list":{"0":"post-42514","1":"product","2":"type-product","3":"status-publish","4":"has-post-thumbnail","6":"product_brand-gasia-casuals","7":"product_cat-gem-world-degerli-tasli-mucevher","8":"product_cat-kolye","9":"product_tag-altin-kolye","10":"product_tag-blue-sapphire-necklace","11":"product_tag-designer-necklace","12":"product_tag-diamond-necklace","13":"product_tag-dogal-tas-kolye","14":"product_tag-elegant-necklace","15":"product_tag-gift-necklace","16":"product_tag-gold-necklace","17":"product_tag-hediye-kolye","18":"product_tag-kadin-kolye","19":"product_tag-kok-safir-kolye","20":"product_tag-mavi-safir-kolye","21":"product_tag-natural-stone-necklace","22":"product_tag-ozel-tasarim-kolye","23":"product_tag-pirlanta-kolye","24":"product_tag-raw-sapphire-necklace","25":"product_tag-safir-kolye","26":"product_tag-safir-tasli-kolye","27":"product_tag-sapphire-necklace","28":"product_tag-sapphire-stone-necklace","29":"product_tag-sik-kolye","30":"product_tag-women-necklace","31":"pa_cinsiyet-kadin","33":"first","34":"instock","35":"sale","36":"shipping-taxable","37":"purchasable","38":"product-type-simple"},"_links":{"self":[{"href":"https:\/\/www.gasia.com.tr\/en\/wp-json\/wp\/v2\/product\/42514","targetHints":{"allow":["GET"]}}],"collection":[{"href":"https:\/\/www.gasia.com.tr\/en\/wp-json\/wp\/v2\/product"}],"about":[{"href":"https:\/\/www.gasia.com.tr\/en\/wp-json\/wp\/v2\/types\/product"}],"replies":[{"embeddable":true,"href":"https:\/\/www.gasia.com.tr\/en\/wp-json\/wp\/v2\/comments?post=42514"}],"version-history":[{"count":2,"href":"https:\/\/www.gasia.com.tr\/en\/wp-json\/wp\/v2\/product\/42514\/revisions"}],"predecessor-version":[{"id":42519,"href":"https:\/\/www.gasia.com.tr\/en\/wp-json\/wp\/v2\/product\/42514\/revisions\/42519"}],"wp:featuredmedia":[{"embeddable":true,"href":"https:\/\/www.gasia.com.tr\/en\/wp-json\/wp\/v2\/media\/42517"}],"wp:attachment":[{"href":"https:\/\/www.gasia.com.tr\/en\/wp-json\/wp\/v2\/media?parent=42514"}],"wp:term":[{"taxonomy":"product_brand","embeddable":true,"href":"https:\/\/www.gasia.com.tr\/en\/wp-json\/wp\/v2\/product_brand?post=42514"},{"taxonomy":"product_cat","embeddable":true,"href":"https:\/\/www.gasia.com.tr\/en\/wp-json\/wp\/v2\/product_cat?post=42514"},{"taxonomy":"product_tag","embeddable":true,"href":"https:\/\/www.gasia.com.tr\/en\/wp-json\/wp\/v2\/product_tag?post=42514"}],"curies":[{"name":"wp","href":"https:\/\/api.w.org\/{rel}","templated":true}]}}