{"id":42520,"date":"2026-03-22T11:37:50","date_gmt":"2026-03-22T08:37:50","guid":{"rendered":"https:\/\/www.gasia.com.tr\/?post_type=product&#038;p=42520"},"modified":"2026-04-22T14:48:33","modified_gmt":"2026-04-22T11:48:33","slug":"limon-topaz-ve-pirlanta-detayli-altin-kolye","status":"publish","type":"product","link":"https:\/\/www.gasia.com.tr\/en\/collections\/limon-topaz-ve-pirlanta-detayli-altin-kolye\/","title":{"rendered":"Limon Topaz ve P\u0131rlanta Detayl\u0131 Alt\u0131n Kolye"},"content":{"rendered":"<p data-start=\"484\" data-end=\"732\">Ferah ve \u0131\u015f\u0131k dolu tonlar\u0131yla dikkat \u00e7eken limon topaz ta\u015f, bu kolyede enerjik ve g\u00f6z al\u0131c\u0131 bir etki yarat\u0131r. Geni\u015f oval kesimi sayesinde ta\u015f, \u0131\u015f\u0131\u011f\u0131 g\u00fc\u00e7l\u00fc \u015fekilde yans\u0131tarak her hareketle birlikte canl\u0131 bir parlakl\u0131k sunar.<\/p>\n<p data-start=\"734\" data-end=\"954\">Etraf\u0131n\u0131 saran p\u0131rlanta detayl\u0131 \u00e7er\u00e7eve, topaz\u0131n a\u00e7\u0131k sar\u0131 tonunu vurgularken ince ve zarif bir \u0131\u015f\u0131lt\u0131 katman\u0131 olu\u015fturur. Alt\u0131n zincir ile tamamlanan tasar\u0131m, boyun \u00fczerinde dengeli ve dikkat \u00e7ekici bir g\u00f6r\u00fcn\u00fcm sa\u011flar.<\/p>\n<p data-start=\"956\" data-end=\"1118\" data-is-last-node=\"\" data-is-only-node=\"\">G\u00fcnl\u00fck kullan\u0131mdan \u00f6zel davetlere kadar rahatl\u0131kla tercih edilebilecek bu kolye, stiline ayd\u0131nl\u0131k ve taze bir dokunu\u015f katmak isteyenler i\u00e7in ideal bir se\u00e7enektir.<\/p>","protected":false},"excerpt":{"rendered":"<ul>\n<li>18 Ayar Alt\u0131n<\/li>\n<li>0,43 ct P\u0131rlanta<\/li>\n<li>37,01 ct Limon Topaz<\/li>\n<li>32,60 * 26,35 mm \u00f6l\u00e7\u00fclerinde oval<\/li>\n<li>45 cm Uzunluk<\/li>\n<\/ul>","protected":false},"featured_media":42521,"comment_status":"open","ping_status":"closed","template":"","meta":[],"product_brand":[2718],"product_cat":[269,75],"product_tag":[278,633,294,1623,1637,1641,322,1640,473,3580,3579,1630,483,276,3581,474,2643,2653,3584,3583,1632,3582],"class_list":{"0":"post-42520","1":"product","2":"type-product","3":"status-publish","4":"has-post-thumbnail","6":"product_brand-gasia-casuals","7":"product_cat-gem-world-degerli-tasli-mucevher","8":"product_cat-kolye","9":"product_tag-altin-kolye","10":"product_tag-designer-necklace","11":"product_tag-diamond-necklace","12":"product_tag-dogal-tas-kolye","13":"product_tag-elegant-necklace","14":"product_tag-gift-necklace","15":"product_tag-gold-necklace","16":"product_tag-hediye-kolye","17":"product_tag-kadin-kolye","18":"product_tag-lemon-topaz-necklace","19":"product_tag-limon-topaz-kolye","20":"product_tag-natural-stone-necklace","21":"product_tag-ozel-tasarim-kolye","22":"product_tag-pirlanta-kolye","23":"product_tag-sari-topaz-kolye","24":"product_tag-sik-kolye","25":"product_tag-topaz-kolye","26":"product_tag-topaz-necklace","27":"product_tag-topaz-stone-necklace","28":"product_tag-topaz-tasli-kolye","29":"product_tag-women-necklace","30":"product_tag-yellow-topaz-necklace","31":"pa_cinsiyet-kadin","33":"first","34":"instock","35":"sale","36":"shipping-taxable","37":"purchasable","38":"product-type-simple"},"_links":{"self":[{"href":"https:\/\/www.gasia.com.tr\/en\/wp-json\/wp\/v2\/product\/42520","targetHints":{"allow":["GET"]}}],"collection":[{"href":"https:\/\/www.gasia.com.tr\/en\/wp-json\/wp\/v2\/product"}],"about":[{"href":"https:\/\/www.gasia.com.tr\/en\/wp-json\/wp\/v2\/types\/product"}],"replies":[{"embeddable":true,"href":"https:\/\/www.gasia.com.tr\/en\/wp-json\/wp\/v2\/comments?post=42520"}],"version-history":[{"count":2,"href":"https:\/\/www.gasia.com.tr\/en\/wp-json\/wp\/v2\/product\/42520\/revisions"}],"predecessor-version":[{"id":42523,"href":"https:\/\/www.gasia.com.tr\/en\/wp-json\/wp\/v2\/product\/42520\/revisions\/42523"}],"wp:featuredmedia":[{"embeddable":true,"href":"https:\/\/www.gasia.com.tr\/en\/wp-json\/wp\/v2\/media\/42521"}],"wp:attachment":[{"href":"https:\/\/www.gasia.com.tr\/en\/wp-json\/wp\/v2\/media?parent=42520"}],"wp:term":[{"taxonomy":"product_brand","embeddable":true,"href":"https:\/\/www.gasia.com.tr\/en\/wp-json\/wp\/v2\/product_brand?post=42520"},{"taxonomy":"product_cat","embeddable":true,"href":"https:\/\/www.gasia.com.tr\/en\/wp-json\/wp\/v2\/product_cat?post=42520"},{"taxonomy":"product_tag","embeddable":true,"href":"https:\/\/www.gasia.com.tr\/en\/wp-json\/wp\/v2\/product_tag?post=42520"}],"curies":[{"name":"wp","href":"https:\/\/api.w.org\/{rel}","templated":true}]}}