{"id":42524,"date":"2026-03-22T11:36:07","date_gmt":"2026-03-22T08:36:07","guid":{"rendered":"https:\/\/www.gasia.com.tr\/?post_type=product&#038;p=42524"},"modified":"2026-04-22T14:56:54","modified_gmt":"2026-04-22T11:56:54","slug":"dumanli-kuvars-ve-pirlanta-detayli-altin-kolye","status":"publish","type":"product","link":"https:\/\/www.gasia.com.tr\/en\/collections\/dumanli-kuvars-ve-pirlanta-detayli-altin-kolye\/","title":{"rendered":"Dumanl\u0131 Kuvars ve P\u0131rlanta Detayl\u0131 Alt\u0131n Kolye"},"content":{"rendered":"<p data-start=\"503\" data-end=\"776\">Yumu\u015fak kahverengi tonlar\u0131yla \u00f6ne \u00e7\u0131kan dumanl\u0131 kuvars ta\u015f, bu kolyede sakin ve dengeli bir g\u00f6r\u00fcn\u00fcm sunar. Geni\u015f oval kesimi sayesinde ta\u015f, \u0131\u015f\u0131\u011f\u0131 katmanl\u0131 \u015fekilde yans\u0131tarak derinlikli bir etki olu\u015fturur ve her a\u00e7\u0131dan farkl\u0131 bir parlakl\u0131k sergiler.<\/p>\n<p data-start=\"778\" data-end=\"954\">P\u0131rlanta detayl\u0131 \u00e7er\u00e7eve, ta\u015f\u0131n do\u011fal tonunu vurgularken ince bir \u0131\u015f\u0131lt\u0131 ekler. Alt\u0131n zincir ile tamamlanan tasar\u0131m, boyun \u00fczerinde dengeli ve dikkat \u00e7ekici bir duru\u015f sa\u011flar.<\/p>\n<p data-start=\"956\" data-end=\"1110\" data-is-last-node=\"\" data-is-only-node=\"\">G\u00fcnl\u00fck stiline do\u011fal ve s\u0131cak bir dokunu\u015f katmak isteyenler i\u00e7in ideal bir tamamlay\u0131c\u0131d\u0131r. Do\u011fal yap\u0131s\u0131 sayesinde her ta\u015f kendine \u00f6zg\u00fc bir karakter ta\u015f\u0131r.<\/p>","protected":false},"excerpt":{"rendered":"<ul>\n<li>18 Ayar Alt\u0131n<\/li>\n<li>0,44 ct P\u0131rlanta<\/li>\n<li>37,10 ct Smoky Topaz<\/li>\n<li>32,60 * 26,35 mm \u00f6l\u00e7\u00fclerinde oval<\/li>\n<li>45 cm Uzunluk<\/li>\n<\/ul>","protected":false},"featured_media":42525,"comment_status":"open","ping_status":"closed","template":"","meta":[],"product_brand":[2718],"product_cat":[269,75],"product_tag":[278,3590,633,294,1623,3585,1637,1641,322,1640,473,3589,3587,3591,1630,483,276,3588,3592,474,3586,1632],"class_list":{"0":"post-42524","1":"product","2":"type-product","3":"status-publish","4":"has-post-thumbnail","6":"product_brand-gasia-casuals","7":"product_cat-gem-world-degerli-tasli-mucevher","8":"product_cat-kolye","9":"product_tag-altin-kolye","10":"product_tag-brown-gemstone-necklace","11":"product_tag-designer-necklace","12":"product_tag-diamond-necklace","13":"product_tag-dogal-tas-kolye","14":"product_tag-dumanli-kuvars-kolye","15":"product_tag-elegant-necklace","16":"product_tag-gift-necklace","17":"product_tag-gold-necklace","18":"product_tag-hediye-kolye","19":"product_tag-kadin-kolye","20":"product_tag-kahverengi-tasli-kolye","21":"product_tag-kuvars-kolye","22":"product_tag-kuvars-tasli-kolye","23":"product_tag-natural-stone-necklace","24":"product_tag-ozel-tasarim-kolye","25":"product_tag-pirlanta-kolye","26":"product_tag-quartz-necklace","27":"product_tag-quartz-stone-necklace","28":"product_tag-sik-kolye","29":"product_tag-smoky-quartz-necklace","30":"product_tag-women-necklace","31":"pa_cinsiyet-kadin","33":"first","34":"instock","35":"sale","36":"shipping-taxable","37":"purchasable","38":"product-type-simple"},"_links":{"self":[{"href":"https:\/\/www.gasia.com.tr\/en\/wp-json\/wp\/v2\/product\/42524","targetHints":{"allow":["GET"]}}],"collection":[{"href":"https:\/\/www.gasia.com.tr\/en\/wp-json\/wp\/v2\/product"}],"about":[{"href":"https:\/\/www.gasia.com.tr\/en\/wp-json\/wp\/v2\/types\/product"}],"replies":[{"embeddable":true,"href":"https:\/\/www.gasia.com.tr\/en\/wp-json\/wp\/v2\/comments?post=42524"}],"version-history":[{"count":3,"href":"https:\/\/www.gasia.com.tr\/en\/wp-json\/wp\/v2\/product\/42524\/revisions"}],"predecessor-version":[{"id":42527,"href":"https:\/\/www.gasia.com.tr\/en\/wp-json\/wp\/v2\/product\/42524\/revisions\/42527"}],"wp:featuredmedia":[{"embeddable":true,"href":"https:\/\/www.gasia.com.tr\/en\/wp-json\/wp\/v2\/media\/42525"}],"wp:attachment":[{"href":"https:\/\/www.gasia.com.tr\/en\/wp-json\/wp\/v2\/media?parent=42524"}],"wp:term":[{"taxonomy":"product_brand","embeddable":true,"href":"https:\/\/www.gasia.com.tr\/en\/wp-json\/wp\/v2\/product_brand?post=42524"},{"taxonomy":"product_cat","embeddable":true,"href":"https:\/\/www.gasia.com.tr\/en\/wp-json\/wp\/v2\/product_cat?post=42524"},{"taxonomy":"product_tag","embeddable":true,"href":"https:\/\/www.gasia.com.tr\/en\/wp-json\/wp\/v2\/product_tag?post=42524"}],"curies":[{"name":"wp","href":"https:\/\/api.w.org\/{rel}","templated":true}]}}