{"id":42538,"date":"2026-04-22T16:21:19","date_gmt":"2026-04-22T13:21:19","guid":{"rendered":"https:\/\/www.gasia.com.tr\/?post_type=product&#038;p=42538"},"modified":"2026-04-22T16:53:58","modified_gmt":"2026-04-22T13:53:58","slug":"zarif-halo-detayli-pirlanta-beyaz-altin-kolye","status":"publish","type":"product","link":"https:\/\/www.gasia.com.tr\/en\/collections\/zarif-halo-detayli-pirlanta-beyaz-altin-kolye\/","title":{"rendered":"Zarif Halo Detayl\u0131 P\u0131rlanta Beyaz Alt\u0131n Kolye"},"content":{"rendered":"<p data-start=\"376\" data-end=\"611\">Merkezde yer alan yuvarlak p\u0131rlantan\u0131n etraf\u0131n\u0131 saran halo form, bu kolyeye derinlik ve yo\u011fun bir \u0131\u015f\u0131lt\u0131 kazand\u0131r\u0131r. Yanlarda konumlanan damla ve yuvarlak kesim ta\u015flar, tasar\u0131ma dengeli ve zarif bir ak\u0131\u015f katar.<\/p>\n<p data-start=\"613\" data-end=\"840\">Alt\u0131n zincir ile b\u00fct\u00fcnle\u015fen bu ince i\u015f\u00e7ilikli tasar\u0131m, hem modern hem de klasik stilin uyumlu bir birle\u015fimidir. I\u015f\u0131\u011f\u0131 g\u00fc\u00e7l\u00fc \u015fekilde yans\u0131tan ta\u015f yerle\u015fimi sayesinde boyunda dikkat \u00e7ekici ama abart\u0131s\u0131z bir parlakl\u0131k olu\u015fturur.<\/p>\n<p data-start=\"842\" data-end=\"966\" data-is-last-node=\"\" data-is-only-node=\"\">G\u00fcnl\u00fck kullan\u0131mda zarif bir dokunu\u015f, \u00f6zel g\u00fcnlerde ise \u015f\u0131k bir tamamlay\u0131c\u0131 olarak tercih edilebilecek zamans\u0131z bir par\u00e7ad\u0131r.<\/p>","protected":false},"excerpt":{"rendered":"<ul>\n<li>18 Ayar Beyaz Alt\u0131n<\/li>\n<li>0,24 ct Toplam P\u0131rlanta<\/li>\n<li>44 cm zincir uzunlu\u011fu<\/li>\n<\/ul>","protected":false},"featured_media":42540,"comment_status":"open","ping_status":"closed","template":"","meta":[],"product_brand":[2718],"product_cat":[75,247],"product_tag":[278,2168,294,1637,1996,1641,322,1995,327,3593,1640,473,273,323,276,474,1632,476],"class_list":{"0":"post-42538","1":"product","2":"type-product","3":"status-publish","4":"has-post-thumbnail","6":"product_brand-gasia-casuals","7":"product_cat-kolye","8":"product_cat-hediyelik","9":"product_tag-altin-kolye","10":"product_tag-delicate-necklace","11":"product_tag-diamond-necklace","12":"product_tag-elegant-necklace","13":"product_tag-everyday-necklace","14":"product_tag-gift-necklace","15":"product_tag-gold-necklace","16":"product_tag-gunluk-kolye","17":"product_tag-halo-kolye","18":"product_tag-halo-necklace","19":"product_tag-hediye-kolye","20":"product_tag-kadin-kolye","21":"product_tag-minimal-kolye","22":"product_tag-minimal-necklace","23":"product_tag-pirlanta-kolye","24":"product_tag-sik-kolye","25":"product_tag-women-necklace","26":"product_tag-zarif-kolye","27":"pa_cinsiyet-kadin","29":"first","30":"instock","31":"sale","32":"shipping-taxable","33":"purchasable","34":"product-type-simple"},"_links":{"self":[{"href":"https:\/\/www.gasia.com.tr\/en\/wp-json\/wp\/v2\/product\/42538","targetHints":{"allow":["GET"]}}],"collection":[{"href":"https:\/\/www.gasia.com.tr\/en\/wp-json\/wp\/v2\/product"}],"about":[{"href":"https:\/\/www.gasia.com.tr\/en\/wp-json\/wp\/v2\/types\/product"}],"replies":[{"embeddable":true,"href":"https:\/\/www.gasia.com.tr\/en\/wp-json\/wp\/v2\/comments?post=42538"}],"version-history":[{"count":1,"href":"https:\/\/www.gasia.com.tr\/en\/wp-json\/wp\/v2\/product\/42538\/revisions"}],"predecessor-version":[{"id":42541,"href":"https:\/\/www.gasia.com.tr\/en\/wp-json\/wp\/v2\/product\/42538\/revisions\/42541"}],"wp:featuredmedia":[{"embeddable":true,"href":"https:\/\/www.gasia.com.tr\/en\/wp-json\/wp\/v2\/media\/42540"}],"wp:attachment":[{"href":"https:\/\/www.gasia.com.tr\/en\/wp-json\/wp\/v2\/media?parent=42538"}],"wp:term":[{"taxonomy":"product_brand","embeddable":true,"href":"https:\/\/www.gasia.com.tr\/en\/wp-json\/wp\/v2\/product_brand?post=42538"},{"taxonomy":"product_cat","embeddable":true,"href":"https:\/\/www.gasia.com.tr\/en\/wp-json\/wp\/v2\/product_cat?post=42538"},{"taxonomy":"product_tag","embeddable":true,"href":"https:\/\/www.gasia.com.tr\/en\/wp-json\/wp\/v2\/product_tag?post=42538"}],"curies":[{"name":"wp","href":"https:\/\/api.w.org\/{rel}","templated":true}]}}