{"id":42549,"date":"2026-04-22T16:44:18","date_gmt":"2026-04-22T13:44:18","guid":{"rendered":"https:\/\/www.gasia.com.tr\/?post_type=product&#038;p=42549"},"modified":"2026-04-22T16:53:26","modified_gmt":"2026-04-22T13:53:26","slug":"spiral-formlu-pirlanta-rose-gold-kolye","status":"publish","type":"product","link":"https:\/\/www.gasia.com.tr\/en\/collections\/spiral-formlu-pirlanta-rose-gold-kolye\/","title":{"rendered":"Spiral Formlu P\u0131rlanta Rose Gold Kolye"},"content":{"rendered":"<p data-start=\"411\" data-end=\"646\">Ak\u0131c\u0131 spiral formu ile dikkat \u00e7eken bu kolye, hareket hissi veren tasar\u0131m\u0131yla farkl\u0131 bir stil sunar. Formun k\u0131vr\u0131ml\u0131 yap\u0131s\u0131, \u0131\u015f\u0131\u011f\u0131 farkl\u0131 a\u00e7\u0131lardan yakalayarak p\u0131rlanta detaylar\u0131n daha canl\u0131 g\u00f6r\u00fcnmesini sa\u011flar.<\/p>\n<p data-start=\"648\" data-end=\"844\">Tamam\u0131 p\u0131rlanta ta\u015flarla bezenmi\u015f y\u00fczeyi, zarif bir \u0131\u015f\u0131lt\u0131 sunarken alt\u0131n zincir ile birle\u015ferek dengeli ve modern bir g\u00f6r\u00fcn\u00fcm olu\u015fturur. Hafif yap\u0131s\u0131 sayesinde g\u00fcn boyu konforlu kullan\u0131m sa\u011flar.<\/p>\n<p data-start=\"846\" data-end=\"1031\" data-is-last-node=\"\" data-is-only-node=\"\">Tek ba\u015f\u0131na kullan\u0131ld\u0131\u011f\u0131nda g\u00fc\u00e7l\u00fc bir ifade sunan bu tasar\u0131m, katmanl\u0131 kombinlerde de uyumlu bir tamamlay\u0131c\u0131d\u0131r. G\u00fcnl\u00fck stiline hareket katmak isteyenler i\u00e7in dikkat \u00e7ekici bir par\u00e7ad\u0131r.<\/p>","protected":false},"excerpt":{"rendered":"<ul>\n<li>18 Ayar Rose Alt\u0131n<\/li>\n<li>0,11 ct P\u0131rlanta<\/li>\n<li>45 cm uzunlu\u011funda Zincir<\/li>\n<\/ul>","protected":false},"featured_media":42554,"comment_status":"open","ping_status":"closed","template":"","meta":[],"product_brand":[2718],"product_cat":[75,247],"product_tag":[278,633,294,1637,1996,1641,322,1995,1640,473,273,323,277,1993,276,474,3594,3595,274,1632],"class_list":{"0":"post-42549","1":"product","2":"type-product","3":"status-publish","4":"has-post-thumbnail","6":"product_brand-gasia-casuals","7":"product_cat-kolye","8":"product_cat-hediyelik","9":"product_tag-altin-kolye","10":"product_tag-designer-necklace","11":"product_tag-diamond-necklace","12":"product_tag-elegant-necklace","13":"product_tag-everyday-necklace","14":"product_tag-gift-necklace","15":"product_tag-gold-necklace","16":"product_tag-gunluk-kolye","17":"product_tag-hediye-kolye","18":"product_tag-kadin-kolye","19":"product_tag-minimal-kolye","20":"product_tag-minimal-necklace","21":"product_tag-modern-kolye","22":"product_tag-modern-necklace","23":"product_tag-pirlanta-kolye","24":"product_tag-sik-kolye","25":"product_tag-spiral-kolye","26":"product_tag-spiral-necklace","27":"product_tag-tasarim-kolye","28":"product_tag-women-necklace","29":"pa_cinsiyet-kadin","31":"first","32":"instock","33":"sale","34":"shipping-taxable","35":"purchasable","36":"product-type-simple"},"_links":{"self":[{"href":"https:\/\/www.gasia.com.tr\/en\/wp-json\/wp\/v2\/product\/42549","targetHints":{"allow":["GET"]}}],"collection":[{"href":"https:\/\/www.gasia.com.tr\/en\/wp-json\/wp\/v2\/product"}],"about":[{"href":"https:\/\/www.gasia.com.tr\/en\/wp-json\/wp\/v2\/types\/product"}],"replies":[{"embeddable":true,"href":"https:\/\/www.gasia.com.tr\/en\/wp-json\/wp\/v2\/comments?post=42549"}],"version-history":[{"count":1,"href":"https:\/\/www.gasia.com.tr\/en\/wp-json\/wp\/v2\/product\/42549\/revisions"}],"predecessor-version":[{"id":42555,"href":"https:\/\/www.gasia.com.tr\/en\/wp-json\/wp\/v2\/product\/42549\/revisions\/42555"}],"wp:featuredmedia":[{"embeddable":true,"href":"https:\/\/www.gasia.com.tr\/en\/wp-json\/wp\/v2\/media\/42554"}],"wp:attachment":[{"href":"https:\/\/www.gasia.com.tr\/en\/wp-json\/wp\/v2\/media?parent=42549"}],"wp:term":[{"taxonomy":"product_brand","embeddable":true,"href":"https:\/\/www.gasia.com.tr\/en\/wp-json\/wp\/v2\/product_brand?post=42549"},{"taxonomy":"product_cat","embeddable":true,"href":"https:\/\/www.gasia.com.tr\/en\/wp-json\/wp\/v2\/product_cat?post=42549"},{"taxonomy":"product_tag","embeddable":true,"href":"https:\/\/www.gasia.com.tr\/en\/wp-json\/wp\/v2\/product_tag?post=42549"}],"curies":[{"name":"wp","href":"https:\/\/api.w.org\/{rel}","templated":true}]}}