{"id":42556,"date":"2026-04-22T17:00:38","date_gmt":"2026-04-22T14:00:38","guid":{"rendered":"https:\/\/www.gasia.com.tr\/?post_type=product&#038;p=42556"},"modified":"2026-04-22T17:14:25","modified_gmt":"2026-04-22T14:14:25","slug":"cicek-formlu-pirlanta-beyaz-ve-rose-gold-kolye","status":"publish","type":"product","link":"https:\/\/www.gasia.com.tr\/en\/collections\/cicek-formlu-pirlanta-beyaz-ve-rose-gold-kolye\/","title":{"rendered":"\u00c7i\u00e7ek Formlu P\u0131rlanta Beyaz ve Rose Gold Kolye"},"content":{"rendered":"<section class=\"text-token-text-primary w-full focus:outline-none [--shadow-height:45px] has-data-writing-block:pointer-events-none has-data-writing-block:-mt-(--shadow-height) has-data-writing-block:pt-(--shadow-height) [&amp;:has([data-writing-block])&gt;*]:pointer-events-auto [content-visibility:auto] supports-[content-visibility:auto]:[contain-intrinsic-size:auto_100lvh] R6Vx5W_threadScrollVars scroll-mb-[calc(var(--scroll-root-safe-area-inset-bottom,0px)+var(--thread-response-height))] scroll-mt-[calc(var(--header-height)+min(200px,max(70px,20svh)))]\" dir=\"auto\" data-turn-id=\"request-69dcedd1-137c-8384-a71c-ab7bd66fd766-19\" data-testid=\"conversation-turn-268\" data-scroll-anchor=\"false\" data-turn=\"assistant\">\n<div class=\"text-base my-auto mx-auto pb-10 [--thread-content-margin:var(--thread-content-margin-xs,calc(var(--spacing)*4))] @w-sm\/main:[--thread-content-margin:var(--thread-content-margin-sm,calc(var(--spacing)*6))] @w-lg\/main:[--thread-content-margin:var(--thread-content-margin-lg,calc(var(--spacing)*16))] px-(--thread-content-margin)\">\n<div class=\"[--thread-content-max-width:40rem] @w-lg\/main:[--thread-content-max-width:48rem] mx-auto max-w-(--thread-content-max-width) flex-1 group\/turn-messages focus-visible:outline-hidden relative flex w-full min-w-0 flex-col agent-turn\">\n<div class=\"flex max-w-full flex-col gap-4 grow\">\n<div class=\"min-h-8 text-message relative flex w-full flex-col items-end gap-2 text-start break-words whitespace-normal outline-none keyboard-focused:focus-ring [.text-message+&amp;]:mt-1\" dir=\"auto\" tabindex=\"0\" data-message-author-role=\"assistant\" data-message-id=\"218527cf-680e-45f2-bc81-d2bf89f55d24\" data-message-model-slug=\"gpt-5-3\" data-turn-start-message=\"true\">\n<div class=\"flex w-full flex-col gap-1 empty:hidden\">\n<div class=\"markdown prose dark:prose-invert w-full wrap-break-word light markdown-new-styling\">\n<p data-start=\"396\" data-end=\"709\">\u00c7i\u00e7ek formundan ilham alan bu \u00f6zel tasar\u0131m, p\u0131rlantalar\u0131n zarif dizilimiyle g\u00f6z al\u0131c\u0131 bir \u0131\u015f\u0131lt\u0131 sunar. Beyaz alt\u0131n \u00e7er\u00e7eve \u00fczerine yerle\u015ftirilen p\u0131rlantalar, tasar\u0131ma parlak ve sofistike bir g\u00f6r\u00fcn\u00fcm kazand\u0131r\u0131rken, ortadaki rose gold detay \u00e7i\u00e7ek formuna s\u0131cak ve modern bir dokunu\u015f ekler.<\/p>\n<p data-start=\"711\" data-end=\"984\">Merkezde konumlanan p\u0131rlanta, tasar\u0131m\u0131n odak noktas\u0131n\u0131 olu\u015ftururken a\u00e7\u0131k form yap\u0131s\u0131 kolyeye hafif ve zarif bir duru\u015f kazand\u0131r\u0131r. Hem klasik hem modern stilin uyumunu yans\u0131tan bu kolye, g\u00fcnl\u00fck kullan\u0131mda \u015f\u0131kl\u0131k katarken \u00f6zel anlarda da dikkat \u00e7ekici bir tamamlay\u0131c\u0131 olur.<\/p>\n<p data-start=\"986\" data-end=\"1082\" data-is-last-node=\"\" data-is-only-node=\"\">Zamans\u0131z tasar\u0131m\u0131 sayesinde uzun y\u0131llar keyifle kullan\u0131labilecek, anlaml\u0131 ve zarif bir par\u00e7ad\u0131r.<\/p>\n<\/div>\n<\/div>\n<\/div>\n<\/div>\n<div class=\"z-0 flex min-h-[46px] justify-start\"><\/div>\n<div class=\"mt-3 w-full empty:hidden\">\n<div class=\"text-center\"><\/div>\n<\/div>\n<\/div>\n<\/div>\n<\/section>\n<div class=\"pointer-events-none -mt-px h-px translate-y-[calc(var(--scroll-root-safe-area-inset-bottom)-14*var(--spacing))]\" aria-hidden=\"true\"><\/div>\n","protected":false},"excerpt":{"rendered":"<ul>\n<li>18 Ayar Alt\u0131n<\/li>\n<li>0,29 ct P\u0131rlanta<\/li>\n<li>42 cm uzunlu\u011funda zincir<\/li>\n<\/ul>","protected":false},"featured_media":42557,"comment_status":"open","ping_status":"closed","template":"","meta":[],"product_brand":[2718],"product_cat":[75,247],"product_tag":[2353,2703,2884,294,1637,2708,1641,1640,473,277,1993,276,3596,2139,474,2938,1632,476],"class_list":{"0":"post-42556","1":"product","2":"type-product","3":"status-publish","4":"has-post-thumbnail","6":"product_brand-gasia-casuals","7":"product_cat-kolye","8":"product_cat-hediyelik","9":"product_tag-beyaz-altin-kolye","10":"product_tag-cicek-kolye","11":"product_tag-delicate-jewelry","12":"product_tag-diamond-necklace","13":"product_tag-elegant-necklace","14":"product_tag-flower-necklace","15":"product_tag-gift-necklace","16":"product_tag-hediye-kolye","17":"product_tag-kadin-kolye","18":"product_tag-modern-kolye","19":"product_tag-modern-necklace","20":"product_tag-pirlanta-kolye","21":"product_tag-rose-gold-kolye","22":"product_tag-rose-gold-necklace","23":"product_tag-sik-kolye","24":"product_tag-white-gold-necklace","25":"product_tag-women-necklace","26":"product_tag-zarif-kolye","27":"pa_cinsiyet-kadin","29":"first","30":"instock","31":"sale","32":"shipping-taxable","33":"purchasable","34":"product-type-simple"},"_links":{"self":[{"href":"https:\/\/www.gasia.com.tr\/en\/wp-json\/wp\/v2\/product\/42556","targetHints":{"allow":["GET"]}}],"collection":[{"href":"https:\/\/www.gasia.com.tr\/en\/wp-json\/wp\/v2\/product"}],"about":[{"href":"https:\/\/www.gasia.com.tr\/en\/wp-json\/wp\/v2\/types\/product"}],"replies":[{"embeddable":true,"href":"https:\/\/www.gasia.com.tr\/en\/wp-json\/wp\/v2\/comments?post=42556"}],"version-history":[{"count":3,"href":"https:\/\/www.gasia.com.tr\/en\/wp-json\/wp\/v2\/product\/42556\/revisions"}],"predecessor-version":[{"id":42563,"href":"https:\/\/www.gasia.com.tr\/en\/wp-json\/wp\/v2\/product\/42556\/revisions\/42563"}],"wp:featuredmedia":[{"embeddable":true,"href":"https:\/\/www.gasia.com.tr\/en\/wp-json\/wp\/v2\/media\/42557"}],"wp:attachment":[{"href":"https:\/\/www.gasia.com.tr\/en\/wp-json\/wp\/v2\/media?parent=42556"}],"wp:term":[{"taxonomy":"product_brand","embeddable":true,"href":"https:\/\/www.gasia.com.tr\/en\/wp-json\/wp\/v2\/product_brand?post=42556"},{"taxonomy":"product_cat","embeddable":true,"href":"https:\/\/www.gasia.com.tr\/en\/wp-json\/wp\/v2\/product_cat?post=42556"},{"taxonomy":"product_tag","embeddable":true,"href":"https:\/\/www.gasia.com.tr\/en\/wp-json\/wp\/v2\/product_tag?post=42556"}],"curies":[{"name":"wp","href":"https:\/\/api.w.org\/{rel}","templated":true}]}}