{"id":42564,"date":"2026-04-22T17:18:26","date_gmt":"2026-04-22T14:18:26","guid":{"rendered":"https:\/\/www.gasia.com.tr\/?post_type=product&#038;p=42564"},"modified":"2026-04-22T17:21:55","modified_gmt":"2026-04-22T14:21:55","slug":"semazen-figurlu-pirlanta-rose-gold-kolye","status":"publish","type":"product","link":"https:\/\/www.gasia.com.tr\/en\/collections\/semazen-figurlu-pirlanta-rose-gold-kolye\/","title":{"rendered":"Semazen Fig\u00fcrl\u00fc P\u0131rlanta Rose Gold Kolye"},"content":{"rendered":"<p data-start=\"369\" data-end=\"608\">Semazen fig\u00fcr\u00fcnden ilham alan bu \u00f6zel tasar\u0131m kolye, estetik ve anlam\u0131 bir araya getirir. Ak\u0131\u015fkan hatlarla \u015fekillenen fig\u00fcr, p\u0131rlantalar\u0131n zarif \u0131\u015f\u0131lt\u0131s\u0131yla b\u00fct\u00fcnle\u015ferek dikkat \u00e7ekici ve sanatsal bir g\u00f6r\u00fcn\u00fcm sunar.<\/p>\n<p data-start=\"610\" data-end=\"839\">Rose gold tonunun s\u0131cakl\u0131\u011f\u0131, tasar\u0131ma modern ve duygusal bir karakter kazand\u0131r\u0131rken merkezde yer alan p\u0131rlanta detay\u0131 kolyenin odak noktas\u0131n\u0131 olu\u015fturur. \u0130nce i\u015f\u00e7ilikle haz\u0131rlanan form, boyunda hafif ve zarif bir duru\u015f sergiler.<\/p>\n<p data-start=\"841\" data-end=\"974\" data-is-last-node=\"\" data-is-only-node=\"\">Hem stil sahibi bir aksesuar hem de anlaml\u0131 bir sembol olarak \u00f6ne \u00e7\u0131kan bu kolye, \u00f6zel g\u00fcnler i\u00e7in etkileyici bir hediye se\u00e7ene\u011fidir.<\/p>","protected":false},"excerpt":{"rendered":"<ul>\n<li>18 Ayar Alt\u0131n<\/li>\n<li>0,22 ct P\u0131rlanta<\/li>\n<li>42 cm uzunlu\u011funda zincir<\/li>\n<\/ul>","protected":false},"featured_media":42569,"comment_status":"open","ping_status":"closed","template":"","meta":[],"product_brand":[2718],"product_cat":[247,75],"product_tag":[633,294,1637,1641,1640,473,981,276,3596,2139,3598,2593,274,3599,1632,476],"class_list":{"0":"post-42564","1":"product","2":"type-product","3":"status-publish","4":"has-post-thumbnail","6":"product_brand-gasia-casuals","7":"product_cat-hediyelik","8":"product_cat-kolye","9":"product_tag-designer-necklace","10":"product_tag-diamond-necklace","11":"product_tag-elegant-necklace","12":"product_tag-gift-necklace","13":"product_tag-hediye-kolye","14":"product_tag-kadin-kolye","15":"product_tag-manevi-kolye","16":"product_tag-pirlanta-kolye","17":"product_tag-rose-gold-kolye","18":"product_tag-rose-gold-necklace","19":"product_tag-semazen-kolye","20":"product_tag-spiritual-jewelry","21":"product_tag-tasarim-kolye","22":"product_tag-whirling-dervish-necklace","23":"product_tag-women-necklace","24":"product_tag-zarif-kolye","25":"pa_cinsiyet-kadin","27":"first","28":"instock","29":"sale","30":"shipping-taxable","31":"purchasable","32":"product-type-simple"},"_links":{"self":[{"href":"https:\/\/www.gasia.com.tr\/en\/wp-json\/wp\/v2\/product\/42564","targetHints":{"allow":["GET"]}}],"collection":[{"href":"https:\/\/www.gasia.com.tr\/en\/wp-json\/wp\/v2\/product"}],"about":[{"href":"https:\/\/www.gasia.com.tr\/en\/wp-json\/wp\/v2\/types\/product"}],"replies":[{"embeddable":true,"href":"https:\/\/www.gasia.com.tr\/en\/wp-json\/wp\/v2\/comments?post=42564"}],"version-history":[{"count":2,"href":"https:\/\/www.gasia.com.tr\/en\/wp-json\/wp\/v2\/product\/42564\/revisions"}],"predecessor-version":[{"id":42567,"href":"https:\/\/www.gasia.com.tr\/en\/wp-json\/wp\/v2\/product\/42564\/revisions\/42567"}],"wp:featuredmedia":[{"embeddable":true,"href":"https:\/\/www.gasia.com.tr\/en\/wp-json\/wp\/v2\/media\/42569"}],"wp:attachment":[{"href":"https:\/\/www.gasia.com.tr\/en\/wp-json\/wp\/v2\/media?parent=42564"}],"wp:term":[{"taxonomy":"product_brand","embeddable":true,"href":"https:\/\/www.gasia.com.tr\/en\/wp-json\/wp\/v2\/product_brand?post=42564"},{"taxonomy":"product_cat","embeddable":true,"href":"https:\/\/www.gasia.com.tr\/en\/wp-json\/wp\/v2\/product_cat?post=42564"},{"taxonomy":"product_tag","embeddable":true,"href":"https:\/\/www.gasia.com.tr\/en\/wp-json\/wp\/v2\/product_tag?post=42564"}],"curies":[{"name":"wp","href":"https:\/\/api.w.org\/{rel}","templated":true}]}}