{"id":42570,"date":"2026-04-22T17:21:59","date_gmt":"2026-04-22T14:21:59","guid":{"rendered":"https:\/\/www.gasia.com.tr\/?post_type=product&#038;p=42570"},"modified":"2026-04-22T17:24:08","modified_gmt":"2026-04-22T14:24:08","slug":"semazen-figurlu-pirlanta-altin-kolye","status":"publish","type":"product","link":"https:\/\/www.gasia.com.tr\/en\/collections\/semazen-figurlu-pirlanta-altin-kolye\/","title":{"rendered":"Semazen Fig\u00fcrl\u00fc P\u0131rlanta Alt\u0131n Kolye"},"content":{"rendered":"<section class=\"text-token-text-primary w-full focus:outline-none [--shadow-height:45px] has-data-writing-block:pointer-events-none has-data-writing-block:-mt-(--shadow-height) has-data-writing-block:pt-(--shadow-height) [&amp;:has([data-writing-block])&gt;*]:pointer-events-auto [content-visibility:auto] supports-[content-visibility:auto]:[contain-intrinsic-size:auto_100lvh] R6Vx5W_threadScrollVars scroll-mb-[calc(var(--scroll-root-safe-area-inset-bottom,0px)+var(--thread-response-height))] scroll-mt-[calc(var(--header-height)+min(200px,max(70px,20svh)))]\" dir=\"auto\" data-turn-id=\"request-69dcedd1-137c-8384-a71c-ab7bd66fd766-22\" data-testid=\"conversation-turn-274\" data-scroll-anchor=\"false\" data-turn=\"assistant\">\n<div class=\"text-base my-auto mx-auto pb-10 [--thread-content-margin:var(--thread-content-margin-xs,calc(var(--spacing)*4))] @w-sm\/main:[--thread-content-margin:var(--thread-content-margin-sm,calc(var(--spacing)*6))] @w-lg\/main:[--thread-content-margin:var(--thread-content-margin-lg,calc(var(--spacing)*16))] px-(--thread-content-margin)\">\n<div class=\"[--thread-content-max-width:40rem] @w-lg\/main:[--thread-content-max-width:48rem] mx-auto max-w-(--thread-content-max-width) flex-1 group\/turn-messages focus-visible:outline-hidden relative flex w-full min-w-0 flex-col agent-turn\">\n<div class=\"flex max-w-full flex-col gap-4 grow\">\n<div class=\"min-h-8 text-message relative flex w-full flex-col items-end gap-2 text-start break-words whitespace-normal outline-none keyboard-focused:focus-ring [.text-message+&amp;]:mt-1\" dir=\"auto\" tabindex=\"0\" data-message-author-role=\"assistant\" data-message-id=\"6dab717c-c046-4da9-a3c2-fe618998e864\" data-message-model-slug=\"gpt-5-3\" data-turn-start-message=\"true\">\n<div class=\"flex w-full flex-col gap-1 empty:hidden\">\n<div class=\"markdown prose dark:prose-invert w-full wrap-break-word light markdown-new-styling\">\n<p data-start=\"363\" data-end=\"606\">Semazen fig\u00fcr\u00fcn\u00fcn zarif siluetinden ilham alan bu \u00f6zel tasar\u0131m kolye, estetik ve anlam\u0131 bir araya getirir. Ak\u0131c\u0131 formuyla hareket hissi veren tasar\u0131m, p\u0131rlantalar\u0131n \u0131\u015f\u0131lt\u0131s\u0131yla vurgulanarak g\u00f6z al\u0131c\u0131 bir g\u00f6r\u00fcn\u00fcm sunar.<\/p>\n<p data-start=\"608\" data-end=\"904\">S\u0131cak alt\u0131n tonuyla \u00f6ne \u00e7\u0131kan kolye, merkezde yer alan p\u0131rlanta detay\u0131yla dikkat \u00e7ekerken, ince i\u015f\u00e7ili\u011fi sayesinde modern ve zarif bir duru\u015f sergiler. G\u00fcnl\u00fck kullan\u0131mdan \u00f6zel anlara kadar her stile uyum sa\u011flayan bu par\u00e7a, \u015f\u0131kl\u0131\u011f\u0131 ve anlam\u0131 birlikte ta\u015f\u0131mak isteyenler i\u00e7in ideal bir se\u00e7enektir.<\/p>\n<p data-start=\"906\" data-end=\"1005\" data-is-last-node=\"\" data-is-only-node=\"\">Anlam y\u00fckl\u00fc tasar\u0131m\u0131yla hem kendiniz hem de sevdikleriniz i\u00e7in unutulmaz bir hediye alternatifidir.<\/p>\n<\/div>\n<\/div>\n<\/div>\n<\/div>\n<div class=\"z-0 flex min-h-[46px] justify-start\"><\/div>\n<div class=\"mt-3 w-full empty:hidden\">\n<div class=\"text-center\"><\/div>\n<\/div>\n<\/div>\n<\/div>\n<\/section>\n<div class=\"pointer-events-none -mt-px h-px translate-y-[calc(var(--scroll-root-safe-area-inset-bottom)-14*var(--spacing))]\" aria-hidden=\"true\"><\/div>\n<p data-start=\"610\" data-end=\"839\">\n<p data-start=\"841\" data-end=\"974\" data-is-last-node=\"\" data-is-only-node=\"\">\n","protected":false},"excerpt":{"rendered":"<ul>\n<li>18 Ayar Alt\u0131n<\/li>\n<li>0,22 ct P\u0131rlanta<\/li>\n<li>42 cm uzunlu\u011funda zincir<\/li>\n<\/ul>","protected":false},"featured_media":42571,"comment_status":"open","ping_status":"closed","template":"","meta":[],"product_brand":[2718],"product_cat":[247,75],"product_tag":[633,294,1637,1641,1640,473,981,276,3596,2139,3600,3598,2593,274,3599,1632,476],"class_list":{"0":"post-42570","1":"product","2":"type-product","3":"status-publish","4":"has-post-thumbnail","6":"product_brand-gasia-casuals","7":"product_cat-hediyelik","8":"product_cat-kolye","9":"product_tag-designer-necklace","10":"product_tag-diamond-necklace","11":"product_tag-elegant-necklace","12":"product_tag-gift-necklace","13":"product_tag-hediye-kolye","14":"product_tag-kadin-kolye","15":"product_tag-manevi-kolye","16":"product_tag-pirlanta-kolye","17":"product_tag-rose-gold-kolye","18":"product_tag-rose-gold-necklace","19":"product_tag-semazen-figurlu-pirlanta-altin-kolye","20":"product_tag-semazen-kolye","21":"product_tag-spiritual-jewelry","22":"product_tag-tasarim-kolye","23":"product_tag-whirling-dervish-necklace","24":"product_tag-women-necklace","25":"product_tag-zarif-kolye","26":"pa_cinsiyet-kadin","28":"first","29":"instock","30":"sale","31":"shipping-taxable","32":"purchasable","33":"product-type-simple"},"_links":{"self":[{"href":"https:\/\/www.gasia.com.tr\/en\/wp-json\/wp\/v2\/product\/42570","targetHints":{"allow":["GET"]}}],"collection":[{"href":"https:\/\/www.gasia.com.tr\/en\/wp-json\/wp\/v2\/product"}],"about":[{"href":"https:\/\/www.gasia.com.tr\/en\/wp-json\/wp\/v2\/types\/product"}],"replies":[{"embeddable":true,"href":"https:\/\/www.gasia.com.tr\/en\/wp-json\/wp\/v2\/comments?post=42570"}],"version-history":[{"count":1,"href":"https:\/\/www.gasia.com.tr\/en\/wp-json\/wp\/v2\/product\/42570\/revisions"}],"predecessor-version":[{"id":42572,"href":"https:\/\/www.gasia.com.tr\/en\/wp-json\/wp\/v2\/product\/42570\/revisions\/42572"}],"wp:featuredmedia":[{"embeddable":true,"href":"https:\/\/www.gasia.com.tr\/en\/wp-json\/wp\/v2\/media\/42571"}],"wp:attachment":[{"href":"https:\/\/www.gasia.com.tr\/en\/wp-json\/wp\/v2\/media?parent=42570"}],"wp:term":[{"taxonomy":"product_brand","embeddable":true,"href":"https:\/\/www.gasia.com.tr\/en\/wp-json\/wp\/v2\/product_brand?post=42570"},{"taxonomy":"product_cat","embeddable":true,"href":"https:\/\/www.gasia.com.tr\/en\/wp-json\/wp\/v2\/product_cat?post=42570"},{"taxonomy":"product_tag","embeddable":true,"href":"https:\/\/www.gasia.com.tr\/en\/wp-json\/wp\/v2\/product_tag?post=42570"}],"curies":[{"name":"wp","href":"https:\/\/api.w.org\/{rel}","templated":true}]}}