{"id":42573,"date":"2026-04-22T17:35:53","date_gmt":"2026-04-22T14:35:53","guid":{"rendered":"https:\/\/www.gasia.com.tr\/?post_type=product&#038;p=42573"},"modified":"2026-04-22T17:38:43","modified_gmt":"2026-04-22T14:38:43","slug":"lale-figurlu-pirlanta-rose-gold-kolye","status":"publish","type":"product","link":"https:\/\/www.gasia.com.tr\/en\/collections\/lale-figurlu-pirlanta-rose-gold-kolye\/","title":{"rendered":"Lale Fig\u00fcrl\u00fc P\u0131rlanta Rose Gold Kolye"},"content":{"rendered":"<p data-start=\"356\" data-end=\"611\">Zarafetin ve sadeli\u011fin sembol\u00fc olan lale formundan ilham alan bu \u00f6zel tasar\u0131m kolye, modern \u00e7izgileriyle dikkat \u00e7eker. \u0130nce hatlarla olu\u015fturulmu\u015f lale fig\u00fcr\u00fc, p\u0131rlanta ta\u015flarla s\u00fcslenerek \u0131\u015f\u0131lt\u0131l\u0131 ve sofistike bir g\u00f6r\u00fcn\u00fcm kazan\u0131r.<\/p>\n<p data-start=\"613\" data-end=\"861\">Rose gold tonunun s\u0131cakl\u0131\u011f\u0131yla b\u00fct\u00fcnle\u015fen tasar\u0131m, hem g\u00fcnl\u00fck kullan\u0131mda hem de \u00f6zel anlarda stilinizi tamamlayan zarif bir dokunu\u015f sunar. Minimal yap\u0131s\u0131na ra\u011fmen g\u00fc\u00e7l\u00fc bir estetik etki yaratan bu kolye, feminen ve modern tarz\u0131 bir araya getirir.<\/p>\n<p data-start=\"863\" data-end=\"969\" data-is-last-node=\"\" data-is-only-node=\"\">Anlaml\u0131 ve \u015f\u0131k bir hediye arayanlar i\u00e7in ideal olan bu par\u00e7a, do\u011fadan ilham alan zarafeti stilinize ta\u015f\u0131r.<\/p>","protected":false},"excerpt":{"rendered":"<ul>\n<li>18 Ayar Alt\u0131n<\/li>\n<li>0,20 ct P\u0131rlanta<\/li>\n<li>42 cm Uzunlu\u011funda zincir<\/li>\n<\/ul>","protected":false},"featured_media":42574,"comment_status":"open","ping_status":"closed","template":"","meta":[],"product_brand":[2718],"product_cat":[247,75],"product_tag":[2703,294,1637,2708,473,3601,273,323,483,276,3596,2139,3602,2073,1632,476],"class_list":{"0":"post-42573","1":"product","2":"type-product","3":"status-publish","4":"has-post-thumbnail","6":"product_brand-gasia-casuals","7":"product_cat-hediyelik","8":"product_cat-kolye","9":"product_tag-cicek-kolye","10":"product_tag-diamond-necklace","11":"product_tag-elegant-necklace","12":"product_tag-flower-necklace","13":"product_tag-kadin-kolye","14":"product_tag-lale-kolye","15":"product_tag-minimal-kolye","16":"product_tag-minimal-necklace","17":"product_tag-ozel-tasarim-kolye","18":"product_tag-pirlanta-kolye","19":"product_tag-rose-gold-kolye","20":"product_tag-rose-gold-necklace","21":"product_tag-tulip-necklace","22":"product_tag-unique-necklace","23":"product_tag-women-necklace","24":"product_tag-zarif-kolye","25":"pa_cinsiyet-kadin","27":"first","28":"instock","29":"sale","30":"shipping-taxable","31":"purchasable","32":"product-type-simple"},"_links":{"self":[{"href":"https:\/\/www.gasia.com.tr\/en\/wp-json\/wp\/v2\/product\/42573","targetHints":{"allow":["GET"]}}],"collection":[{"href":"https:\/\/www.gasia.com.tr\/en\/wp-json\/wp\/v2\/product"}],"about":[{"href":"https:\/\/www.gasia.com.tr\/en\/wp-json\/wp\/v2\/types\/product"}],"replies":[{"embeddable":true,"href":"https:\/\/www.gasia.com.tr\/en\/wp-json\/wp\/v2\/comments?post=42573"}],"version-history":[{"count":3,"href":"https:\/\/www.gasia.com.tr\/en\/wp-json\/wp\/v2\/product\/42573\/revisions"}],"predecessor-version":[{"id":42577,"href":"https:\/\/www.gasia.com.tr\/en\/wp-json\/wp\/v2\/product\/42573\/revisions\/42577"}],"wp:featuredmedia":[{"embeddable":true,"href":"https:\/\/www.gasia.com.tr\/en\/wp-json\/wp\/v2\/media\/42574"}],"wp:attachment":[{"href":"https:\/\/www.gasia.com.tr\/en\/wp-json\/wp\/v2\/media?parent=42573"}],"wp:term":[{"taxonomy":"product_brand","embeddable":true,"href":"https:\/\/www.gasia.com.tr\/en\/wp-json\/wp\/v2\/product_brand?post=42573"},{"taxonomy":"product_cat","embeddable":true,"href":"https:\/\/www.gasia.com.tr\/en\/wp-json\/wp\/v2\/product_cat?post=42573"},{"taxonomy":"product_tag","embeddable":true,"href":"https:\/\/www.gasia.com.tr\/en\/wp-json\/wp\/v2\/product_tag?post=42573"}],"curies":[{"name":"wp","href":"https:\/\/api.w.org\/{rel}","templated":true}]}}