{"id":42578,"date":"2026-04-22T17:38:20","date_gmt":"2026-04-22T14:38:20","guid":{"rendered":"https:\/\/www.gasia.com.tr\/?post_type=product&#038;p=42578"},"modified":"2026-04-22T17:41:00","modified_gmt":"2026-04-22T14:41:00","slug":"lale-figurlu-pirlanta-altin-kolye","status":"publish","type":"product","link":"https:\/\/www.gasia.com.tr\/en\/collections\/lale-figurlu-pirlanta-altin-kolye\/","title":{"rendered":"Lale Fig\u00fcrl\u00fc P\u0131rlanta Alt\u0131n Kolye"},"content":{"rendered":"<section class=\"text-token-text-primary w-full focus:outline-none [--shadow-height:45px] has-data-writing-block:pointer-events-none has-data-writing-block:-mt-(--shadow-height) has-data-writing-block:pt-(--shadow-height) [&amp;:has([data-writing-block])&gt;*]:pointer-events-auto [content-visibility:auto] supports-[content-visibility:auto]:[contain-intrinsic-size:auto_100lvh] R6Vx5W_threadScrollVars scroll-mb-[calc(var(--scroll-root-safe-area-inset-bottom,0px)+var(--thread-response-height))] scroll-mt-[calc(var(--header-height)+min(200px,max(70px,20svh)))]\" dir=\"auto\" data-turn-id=\"request-69dcedd1-137c-8384-a71c-ab7bd66fd766-24\" data-testid=\"conversation-turn-278\" data-scroll-anchor=\"false\" data-turn=\"assistant\">\n<div class=\"text-base my-auto mx-auto pb-10 [--thread-content-margin:var(--thread-content-margin-xs,calc(var(--spacing)*4))] @w-sm\/main:[--thread-content-margin:var(--thread-content-margin-sm,calc(var(--spacing)*6))] @w-lg\/main:[--thread-content-margin:var(--thread-content-margin-lg,calc(var(--spacing)*16))] px-(--thread-content-margin)\">\n<div class=\"[--thread-content-max-width:40rem] @w-lg\/main:[--thread-content-max-width:48rem] mx-auto max-w-(--thread-content-max-width) flex-1 group\/turn-messages focus-visible:outline-hidden relative flex w-full min-w-0 flex-col agent-turn\">\n<div class=\"flex max-w-full flex-col gap-4 grow\">\n<div class=\"min-h-8 text-message relative flex w-full flex-col items-end gap-2 text-start break-words whitespace-normal outline-none keyboard-focused:focus-ring [.text-message+&amp;]:mt-1\" dir=\"auto\" tabindex=\"0\" data-message-author-role=\"assistant\" data-message-id=\"d52b6a17-c726-44ee-91df-2ad97b31e98f\" data-message-model-slug=\"gpt-5-3\" data-turn-start-message=\"true\">\n<div class=\"flex w-full flex-col gap-1 empty:hidden\">\n<div class=\"markdown prose dark:prose-invert w-full wrap-break-word light markdown-new-styling\">\n<p data-start=\"343\" data-end=\"573\">Do\u011fan\u0131n zarafetini simgeleyen lale formundan ilham alan bu \u015f\u0131k kolye, ince ve modern tasar\u0131m\u0131yla \u00f6ne \u00e7\u0131kar. Alt\u0131n tonunun s\u0131cak \u0131\u015f\u0131lt\u0131s\u0131, p\u0131rlanta ta\u015flarla birle\u015ferek sade ama etkileyici bir g\u00f6r\u00fcn\u00fcm sunar.<\/p>\n<p data-start=\"575\" data-end=\"816\">Minimal \u00e7izgilerle olu\u015fturulmu\u015f lale fig\u00fcr\u00fc, feminen ve zarif bir stilin tamamlay\u0131c\u0131s\u0131 olurken, g\u00fcnl\u00fck kullan\u0131mdan \u00f6zel davetlere kadar geni\u015f bir kullan\u0131m alan\u0131 sa\u011flar. I\u015f\u0131lt\u0131l\u0131 detaylar\u0131 sayesinde boynunuzda sofistike bir dokunu\u015f yarat\u0131r.<\/p>\n<p data-start=\"818\" data-end=\"943\" data-is-last-node=\"\" data-is-only-node=\"\">Zarifli\u011fi ve anlam\u0131 bir arada sunan bu tasar\u0131m, hem kendiniz hem de sevdikleriniz i\u00e7in \u015f\u0131k ve anlaml\u0131 bir hediye se\u00e7ene\u011fidir.<\/p>\n<\/div>\n<\/div>\n<\/div>\n<\/div>\n<div class=\"z-0 flex min-h-[46px] justify-start\"><\/div>\n<div class=\"mt-3 w-full empty:hidden\">\n<div class=\"text-center\"><\/div>\n<\/div>\n<\/div>\n<\/div>\n<\/section>\n<div class=\"pointer-events-none -mt-px h-px translate-y-[calc(var(--scroll-root-safe-area-inset-bottom)-14*var(--spacing))]\" aria-hidden=\"true\"><\/div>\n<p data-start=\"863\" data-end=\"969\" data-is-last-node=\"\" data-is-only-node=\"\">\n","protected":false},"excerpt":{"rendered":"<ul>\n<li>18 Ayar Alt\u0131n<\/li>\n<li>0,20 ct P\u0131rlanta<\/li>\n<li>42 cm Uzunlu\u011funda zincir<\/li>\n<\/ul>","protected":false},"featured_media":42579,"comment_status":"open","ping_status":"closed","template":"","meta":[],"product_brand":[2718],"product_cat":[247,75],"product_tag":[2703,294,1637,2708,473,3601,273,323,483,276,3596,2139,3602,2073,1632,476],"class_list":{"0":"post-42578","1":"product","2":"type-product","3":"status-publish","4":"has-post-thumbnail","6":"product_brand-gasia-casuals","7":"product_cat-hediyelik","8":"product_cat-kolye","9":"product_tag-cicek-kolye","10":"product_tag-diamond-necklace","11":"product_tag-elegant-necklace","12":"product_tag-flower-necklace","13":"product_tag-kadin-kolye","14":"product_tag-lale-kolye","15":"product_tag-minimal-kolye","16":"product_tag-minimal-necklace","17":"product_tag-ozel-tasarim-kolye","18":"product_tag-pirlanta-kolye","19":"product_tag-rose-gold-kolye","20":"product_tag-rose-gold-necklace","21":"product_tag-tulip-necklace","22":"product_tag-unique-necklace","23":"product_tag-women-necklace","24":"product_tag-zarif-kolye","25":"pa_cinsiyet-kadin","27":"first","28":"instock","29":"sale","30":"shipping-taxable","31":"purchasable","32":"product-type-simple"},"_links":{"self":[{"href":"https:\/\/www.gasia.com.tr\/en\/wp-json\/wp\/v2\/product\/42578","targetHints":{"allow":["GET"]}}],"collection":[{"href":"https:\/\/www.gasia.com.tr\/en\/wp-json\/wp\/v2\/product"}],"about":[{"href":"https:\/\/www.gasia.com.tr\/en\/wp-json\/wp\/v2\/types\/product"}],"replies":[{"embeddable":true,"href":"https:\/\/www.gasia.com.tr\/en\/wp-json\/wp\/v2\/comments?post=42578"}],"version-history":[{"count":1,"href":"https:\/\/www.gasia.com.tr\/en\/wp-json\/wp\/v2\/product\/42578\/revisions"}],"predecessor-version":[{"id":42580,"href":"https:\/\/www.gasia.com.tr\/en\/wp-json\/wp\/v2\/product\/42578\/revisions\/42580"}],"wp:featuredmedia":[{"embeddable":true,"href":"https:\/\/www.gasia.com.tr\/en\/wp-json\/wp\/v2\/media\/42579"}],"wp:attachment":[{"href":"https:\/\/www.gasia.com.tr\/en\/wp-json\/wp\/v2\/media?parent=42578"}],"wp:term":[{"taxonomy":"product_brand","embeddable":true,"href":"https:\/\/www.gasia.com.tr\/en\/wp-json\/wp\/v2\/product_brand?post=42578"},{"taxonomy":"product_cat","embeddable":true,"href":"https:\/\/www.gasia.com.tr\/en\/wp-json\/wp\/v2\/product_cat?post=42578"},{"taxonomy":"product_tag","embeddable":true,"href":"https:\/\/www.gasia.com.tr\/en\/wp-json\/wp\/v2\/product_tag?post=42578"}],"curies":[{"name":"wp","href":"https:\/\/api.w.org\/{rel}","templated":true}]}}