{"id":42581,"date":"2026-04-22T17:52:09","date_gmt":"2026-04-22T14:52:09","guid":{"rendered":"https:\/\/www.gasia.com.tr\/?post_type=product&#038;p=42581"},"modified":"2026-04-23T10:36:48","modified_gmt":"2026-04-23T07:36:48","slug":"gul-figurlu-pirlanta-rose-gold-kolye","status":"publish","type":"product","link":"https:\/\/www.gasia.com.tr\/en\/collections\/gul-figurlu-pirlanta-rose-gold-kolye\/","title":{"rendered":"G\u00fcl Fig\u00fcrl\u00fc P\u0131rlanta Rose Gold Kolye"},"content":{"rendered":"<p data-start=\"355\" data-end=\"638\">A\u015fk\u0131n ve zarafetin sembol\u00fc olan g\u00fcl formundan ilham alan bu \u00f6zel tasar\u0131m kolye, romantik ve modern \u00e7izgileri bir araya getirir. Katmanl\u0131 g\u00fcl formu, ince i\u015f\u00e7ilikle \u015fekillendirilmi\u015f olup merkezde yer alan p\u0131rlanta detay\u0131yla \u0131\u015f\u0131lt\u0131l\u0131 bir odak noktas\u0131 olu\u015fturur.<\/p>\n<p data-start=\"640\" data-end=\"859\">Rose gold tonunun s\u0131cak ve sofistike g\u00f6r\u00fcn\u00fcm\u00fc, tasar\u0131m\u0131n feminen karakterini \u00f6n plana \u00e7\u0131kar\u0131rken g\u00fcnl\u00fck kullan\u0131mdan \u00f6zel anlara kadar her stile uyum sa\u011flar. Hafif ve zarif yap\u0131s\u0131 sayesinde konforlu bir kullan\u0131m sunar.<\/p>\n<p data-start=\"861\" data-end=\"992\" data-is-last-node=\"\" data-is-only-node=\"\">Duygusal anlam\u0131 ve estetik g\u00f6r\u00fcn\u00fcm\u00fcyle \u00f6ne \u00e7\u0131kan bu kolye, sevdiklerinize verebilece\u011finiz anlaml\u0131 ve \u015f\u0131k bir hediye alternatifidir.<\/p>","protected":false},"excerpt":{"rendered":"<ul>\n<li>18 Ayar Alt\u0131n<\/li>\n<li>0,03 ct P\u0131rlanta<\/li>\n<li>42 cm uzunlu\u011funda zincir<\/li>\n<\/ul>","protected":false},"featured_media":42582,"comment_status":"open","ping_status":"closed","template":"","meta":[],"product_brand":[2718],"product_cat":[247,75],"product_tag":[2703,294,1637,2708,3603,473,483,276,3057,1434,3596,2139,3604,2073,1632,476],"class_list":{"0":"post-42581","1":"product","2":"type-product","3":"status-publish","4":"has-post-thumbnail","6":"product_brand-gasia-casuals","7":"product_cat-hediyelik","8":"product_cat-kolye","9":"product_tag-cicek-kolye","10":"product_tag-diamond-necklace","11":"product_tag-elegant-necklace","12":"product_tag-flower-necklace","13":"product_tag-gul-kolye","14":"product_tag-kadin-kolye","15":"product_tag-ozel-tasarim-kolye","16":"product_tag-pirlanta-kolye","17":"product_tag-romantic-necklace","18":"product_tag-romantik-kolye","19":"product_tag-rose-gold-kolye","20":"product_tag-rose-gold-necklace","21":"product_tag-rose-necklace","22":"product_tag-unique-necklace","23":"product_tag-women-necklace","24":"product_tag-zarif-kolye","25":"pa_cinsiyet-kadin","27":"first","28":"instock","29":"sale","30":"shipping-taxable","31":"purchasable","32":"product-type-simple"},"_links":{"self":[{"href":"https:\/\/www.gasia.com.tr\/en\/wp-json\/wp\/v2\/product\/42581","targetHints":{"allow":["GET"]}}],"collection":[{"href":"https:\/\/www.gasia.com.tr\/en\/wp-json\/wp\/v2\/product"}],"about":[{"href":"https:\/\/www.gasia.com.tr\/en\/wp-json\/wp\/v2\/types\/product"}],"replies":[{"embeddable":true,"href":"https:\/\/www.gasia.com.tr\/en\/wp-json\/wp\/v2\/comments?post=42581"}],"version-history":[{"count":2,"href":"https:\/\/www.gasia.com.tr\/en\/wp-json\/wp\/v2\/product\/42581\/revisions"}],"predecessor-version":[{"id":42584,"href":"https:\/\/www.gasia.com.tr\/en\/wp-json\/wp\/v2\/product\/42581\/revisions\/42584"}],"wp:featuredmedia":[{"embeddable":true,"href":"https:\/\/www.gasia.com.tr\/en\/wp-json\/wp\/v2\/media\/42582"}],"wp:attachment":[{"href":"https:\/\/www.gasia.com.tr\/en\/wp-json\/wp\/v2\/media?parent=42581"}],"wp:term":[{"taxonomy":"product_brand","embeddable":true,"href":"https:\/\/www.gasia.com.tr\/en\/wp-json\/wp\/v2\/product_brand?post=42581"},{"taxonomy":"product_cat","embeddable":true,"href":"https:\/\/www.gasia.com.tr\/en\/wp-json\/wp\/v2\/product_cat?post=42581"},{"taxonomy":"product_tag","embeddable":true,"href":"https:\/\/www.gasia.com.tr\/en\/wp-json\/wp\/v2\/product_tag?post=42581"}],"curies":[{"name":"wp","href":"https:\/\/api.w.org\/{rel}","templated":true}]}}