{"id":42585,"date":"2026-04-22T17:52:29","date_gmt":"2026-04-22T14:52:29","guid":{"rendered":"https:\/\/www.gasia.com.tr\/?post_type=product&#038;p=42585"},"modified":"2026-04-23T10:37:56","modified_gmt":"2026-04-23T07:37:56","slug":"gul-figurlu-pirlanta-altin-kolye","status":"publish","type":"product","link":"https:\/\/www.gasia.com.tr\/en\/collections\/gul-figurlu-pirlanta-altin-kolye\/","title":{"rendered":"G\u00fcl Fig\u00fcrl\u00fc P\u0131rlanta Alt\u0131n Kolye"},"content":{"rendered":"<section class=\"text-token-text-primary w-full focus:outline-none [--shadow-height:45px] has-data-writing-block:pointer-events-none has-data-writing-block:-mt-(--shadow-height) has-data-writing-block:pt-(--shadow-height) [&amp;:has([data-writing-block])&gt;*]:pointer-events-auto [content-visibility:auto] supports-[content-visibility:auto]:[contain-intrinsic-size:auto_100lvh] R6Vx5W_threadScrollVars scroll-mb-[calc(var(--scroll-root-safe-area-inset-bottom,0px)+var(--thread-response-height))] scroll-mt-[calc(var(--header-height)+min(200px,max(70px,20svh)))]\" dir=\"auto\" data-turn-id=\"request-69dcedd1-137c-8384-a71c-ab7bd66fd766-26\" data-testid=\"conversation-turn-282\" data-scroll-anchor=\"false\" data-turn=\"assistant\">\n<div class=\"text-base my-auto mx-auto pb-10 [--thread-content-margin:var(--thread-content-margin-xs,calc(var(--spacing)*4))] @w-sm\/main:[--thread-content-margin:var(--thread-content-margin-sm,calc(var(--spacing)*6))] @w-lg\/main:[--thread-content-margin:var(--thread-content-margin-lg,calc(var(--spacing)*16))] px-(--thread-content-margin)\">\n<div class=\"[--thread-content-max-width:40rem] @w-lg\/main:[--thread-content-max-width:48rem] mx-auto max-w-(--thread-content-max-width) flex-1 group\/turn-messages focus-visible:outline-hidden relative flex w-full min-w-0 flex-col agent-turn\">\n<div class=\"flex max-w-full flex-col gap-4 grow\">\n<div class=\"min-h-8 text-message relative flex w-full flex-col items-end gap-2 text-start break-words whitespace-normal outline-none keyboard-focused:focus-ring [.text-message+&amp;]:mt-1\" dir=\"auto\" tabindex=\"0\" data-message-author-role=\"assistant\" data-message-id=\"d1bd22f4-38c3-4d36-82a2-439b1b8d2456\" data-message-model-slug=\"gpt-5-3\" data-turn-start-message=\"true\">\n<div class=\"flex w-full flex-col gap-1 empty:hidden\">\n<div class=\"markdown prose dark:prose-invert w-full wrap-break-word light markdown-new-styling\">\n<p data-start=\"342\" data-end=\"645\">Zarafetin ve a\u015fk\u0131n sembol\u00fc olan g\u00fcl formundan ilham alan bu \u015f\u0131k kolye, modern tasar\u0131m anlay\u0131\u015f\u0131yla yeniden yorumlanm\u0131\u015ft\u0131r. Katmanl\u0131 g\u00fcl formu, ince alt\u0131n \u00e7izgilerle olu\u015fturularak hafif ve estetik bir g\u00f6r\u00fcn\u00fcm sunarken, merkezde yer alan p\u0131rlanta detay\u0131 \u0131\u015f\u0131lt\u0131l\u0131 bir vurgu yarat\u0131r.<\/p>\n<p data-start=\"647\" data-end=\"844\">Alt\u0131n\u0131n s\u0131cak tonu ile birle\u015fen minimal tasar\u0131m, hem g\u00fcnl\u00fck kombinlerde hem de \u00f6zel anlarda stilinizi tamamlayan zarif bir dokunu\u015f sa\u011flar. Hafif yap\u0131s\u0131 sayesinde g\u00fcn boyu konforlu kullan\u0131m sunar.<\/p>\n<p data-start=\"846\" data-end=\"985\" data-is-last-node=\"\" data-is-only-node=\"\">Anlam y\u00fckl\u00fc tasar\u0131m\u0131 ve sofistike g\u00f6r\u00fcn\u00fcm\u00fcyle \u00f6ne \u00e7\u0131kan bu kolye, kendiniz ya da sevdikleriniz i\u00e7in zamans\u0131z ve \u015f\u0131k bir hediye se\u00e7ene\u011fidir.<\/p>\n<\/div>\n<\/div>\n<\/div>\n<\/div>\n<div class=\"z-0 flex min-h-[46px] justify-start\"><\/div>\n<div class=\"mt-3 w-full empty:hidden\">\n<div class=\"text-center\"><\/div>\n<\/div>\n<\/div>\n<\/div>\n<\/section>\n<div class=\"pointer-events-none -mt-px h-px translate-y-[calc(var(--scroll-root-safe-area-inset-bottom)-14*var(--spacing))]\" aria-hidden=\"true\"><\/div>\n","protected":false},"excerpt":{"rendered":"<ul>\n<li>18 Ayar Alt\u0131n<\/li>\n<li>0,03 ct P\u0131rlanta<\/li>\n<li>42 cm uzunlu\u011funda zincir<\/li>\n<\/ul>","protected":false},"featured_media":42608,"comment_status":"open","ping_status":"closed","template":"","meta":[],"product_brand":[2718],"product_cat":[247,75],"product_tag":[2703,294,1637,2708,3603,473,483,276,3057,1434,3596,2139,3604,2073,1632,476],"class_list":{"0":"post-42585","1":"product","2":"type-product","3":"status-publish","4":"has-post-thumbnail","6":"product_brand-gasia-casuals","7":"product_cat-hediyelik","8":"product_cat-kolye","9":"product_tag-cicek-kolye","10":"product_tag-diamond-necklace","11":"product_tag-elegant-necklace","12":"product_tag-flower-necklace","13":"product_tag-gul-kolye","14":"product_tag-kadin-kolye","15":"product_tag-ozel-tasarim-kolye","16":"product_tag-pirlanta-kolye","17":"product_tag-romantic-necklace","18":"product_tag-romantik-kolye","19":"product_tag-rose-gold-kolye","20":"product_tag-rose-gold-necklace","21":"product_tag-rose-necklace","22":"product_tag-unique-necklace","23":"product_tag-women-necklace","24":"product_tag-zarif-kolye","25":"pa_cinsiyet-kadin","27":"first","28":"instock","29":"sale","30":"shipping-taxable","31":"purchasable","32":"product-type-simple"},"_links":{"self":[{"href":"https:\/\/www.gasia.com.tr\/en\/wp-json\/wp\/v2\/product\/42585","targetHints":{"allow":["GET"]}}],"collection":[{"href":"https:\/\/www.gasia.com.tr\/en\/wp-json\/wp\/v2\/product"}],"about":[{"href":"https:\/\/www.gasia.com.tr\/en\/wp-json\/wp\/v2\/types\/product"}],"replies":[{"embeddable":true,"href":"https:\/\/www.gasia.com.tr\/en\/wp-json\/wp\/v2\/comments?post=42585"}],"version-history":[{"count":1,"href":"https:\/\/www.gasia.com.tr\/en\/wp-json\/wp\/v2\/product\/42585\/revisions"}],"predecessor-version":[{"id":42586,"href":"https:\/\/www.gasia.com.tr\/en\/wp-json\/wp\/v2\/product\/42585\/revisions\/42586"}],"wp:featuredmedia":[{"embeddable":true,"href":"https:\/\/www.gasia.com.tr\/en\/wp-json\/wp\/v2\/media\/42608"}],"wp:attachment":[{"href":"https:\/\/www.gasia.com.tr\/en\/wp-json\/wp\/v2\/media?parent=42585"}],"wp:term":[{"taxonomy":"product_brand","embeddable":true,"href":"https:\/\/www.gasia.com.tr\/en\/wp-json\/wp\/v2\/product_brand?post=42585"},{"taxonomy":"product_cat","embeddable":true,"href":"https:\/\/www.gasia.com.tr\/en\/wp-json\/wp\/v2\/product_cat?post=42585"},{"taxonomy":"product_tag","embeddable":true,"href":"https:\/\/www.gasia.com.tr\/en\/wp-json\/wp\/v2\/product_tag?post=42585"}],"curies":[{"name":"wp","href":"https:\/\/api.w.org\/{rel}","templated":true}]}}