{"id":42609,"date":"2026-04-23T10:46:41","date_gmt":"2026-04-23T07:46:41","guid":{"rendered":"https:\/\/www.gasia.com.tr\/?post_type=product&#038;p=42609"},"modified":"2026-04-23T10:50:22","modified_gmt":"2026-04-23T07:50:22","slug":"kopekbaligi-disi-form-pirlantali-rose-gold-kolye","status":"publish","type":"product","link":"https:\/\/www.gasia.com.tr\/en\/collections\/kopekbaligi-disi-form-pirlantali-rose-gold-kolye\/","title":{"rendered":"K\u00f6pekbal\u0131\u011f\u0131 Di\u015fi Form P\u0131rlantal\u0131 Rose Gold Kolye"},"content":{"rendered":"<p data-start=\"83\" data-end=\"326\">K\u00f6pekbal\u0131\u011f\u0131 di\u015finden ilham alan keskin ve g\u00fc\u00e7l\u00fc form, bu kolyeye dikkat \u00e7ekici ve \u00f6zg\u00fcn bir karakter kazand\u0131r\u0131r. Rose gold y\u00fczeyin s\u0131cak tonu, \u00fcst k\u0131s\u0131mda yer alan p\u0131rlanta detaylarla birle\u015ferek zarif bir \u0131\u015f\u0131lt\u0131 sunar.<\/p>\n<p data-start=\"328\" data-end=\"554\">Ak\u0131c\u0131 ve sivri hatlar\u0131 sayesinde boyun hatt\u0131n\u0131 estetik bir \u015fekilde vurgulayan tasar\u0131m, minimal g\u00f6r\u00fcn\u00fcm\u00fcne ra\u011fmen iddial\u0131 bir duru\u015f sergiler. G\u00fcnl\u00fck kombinlere modern bir dokunu\u015f katarken, \u00f6zel anlarda da stilini \u00f6ne \u00e7\u0131kar\u0131r.<\/p>\n<p data-start=\"556\" data-end=\"739\">Hafif ve dengeli yap\u0131s\u0131 ile konforlu bir kullan\u0131m sunan bu kolye, tek ba\u015f\u0131na g\u00fc\u00e7l\u00fc bir stil yarat\u0131r, ayn\u0131 zamanda farkl\u0131 par\u00e7alarla kombinlenerek katmanl\u0131 kullan\u0131m i\u00e7in de idealdir.<\/p>","protected":false},"excerpt":{"rendered":"<ul>\n<li>14 Ayar Alt\u0131n<\/li>\n<li>0,09 ct P\u0131rlanta<\/li>\n<li>40 cm uzunlu\u011funda zincir<\/li>\n<\/ul>","protected":false},"featured_media":42610,"comment_status":"open","ping_status":"closed","template":"","meta":[],"product_brand":[2718],"product_cat":[75],"product_tag":[294,3618,3617,473,3615,273,1767,277,1993,276,3596,2139,3616,1632],"class_list":{"0":"post-42609","1":"product","2":"type-product","3":"status-publish","4":"has-post-thumbnail","6":"product_brand-gasia-casuals","7":"product_cat-kolye","8":"product_tag-diamond-necklace","9":"product_tag-geometric-necklace","10":"product_tag-geometrik-kolye","11":"product_tag-kadin-kolye","12":"product_tag-kopekbaligi-disi-kolye","13":"product_tag-minimal-kolye","14":"product_tag-minimalist-necklace","15":"product_tag-modern-kolye","16":"product_tag-modern-necklace","17":"product_tag-pirlanta-kolye","18":"product_tag-rose-gold-kolye","19":"product_tag-rose-gold-necklace","20":"product_tag-shark-tooth-necklace","21":"product_tag-women-necklace","22":"pa_cinsiyet-kadin","24":"first","25":"instock","26":"sale","27":"shipping-taxable","28":"purchasable","29":"product-type-simple"},"_links":{"self":[{"href":"https:\/\/www.gasia.com.tr\/en\/wp-json\/wp\/v2\/product\/42609","targetHints":{"allow":["GET"]}}],"collection":[{"href":"https:\/\/www.gasia.com.tr\/en\/wp-json\/wp\/v2\/product"}],"about":[{"href":"https:\/\/www.gasia.com.tr\/en\/wp-json\/wp\/v2\/types\/product"}],"replies":[{"embeddable":true,"href":"https:\/\/www.gasia.com.tr\/en\/wp-json\/wp\/v2\/comments?post=42609"}],"version-history":[{"count":1,"href":"https:\/\/www.gasia.com.tr\/en\/wp-json\/wp\/v2\/product\/42609\/revisions"}],"predecessor-version":[{"id":42611,"href":"https:\/\/www.gasia.com.tr\/en\/wp-json\/wp\/v2\/product\/42609\/revisions\/42611"}],"wp:featuredmedia":[{"embeddable":true,"href":"https:\/\/www.gasia.com.tr\/en\/wp-json\/wp\/v2\/media\/42610"}],"wp:attachment":[{"href":"https:\/\/www.gasia.com.tr\/en\/wp-json\/wp\/v2\/media?parent=42609"}],"wp:term":[{"taxonomy":"product_brand","embeddable":true,"href":"https:\/\/www.gasia.com.tr\/en\/wp-json\/wp\/v2\/product_brand?post=42609"},{"taxonomy":"product_cat","embeddable":true,"href":"https:\/\/www.gasia.com.tr\/en\/wp-json\/wp\/v2\/product_cat?post=42609"},{"taxonomy":"product_tag","embeddable":true,"href":"https:\/\/www.gasia.com.tr\/en\/wp-json\/wp\/v2\/product_tag?post=42609"}],"curies":[{"name":"wp","href":"https:\/\/api.w.org\/{rel}","templated":true}]}}