{"id":42612,"date":"2026-03-23T10:54:05","date_gmt":"2026-03-23T07:54:05","guid":{"rendered":"https:\/\/www.gasia.com.tr\/?post_type=product&#038;p=42612"},"modified":"2026-04-23T11:16:43","modified_gmt":"2026-04-23T08:16:43","slug":"cift-kalp-formlu-pirlanta-kolye","status":"publish","type":"product","link":"https:\/\/www.gasia.com.tr\/en\/collections\/cift-kalp-formlu-pirlanta-kolye\/","title":{"rendered":"\u00c7ift Kalp Formlu P\u0131rlanta Kolye"},"content":{"rendered":"<p data-start=\"76\" data-end=\"328\">Birbirine zarif\u00e7e ge\u00e7en \u00e7ift kalp formu, bu kolyeye romantik ve anlam dolu bir ifade kazand\u0131r\u0131r. Sar\u0131 alt\u0131n\u0131n s\u0131cak ve klasik tonu, p\u0131rlanta ta\u015flarla bezeli kalp detay\u0131yla birle\u015ferek \u0131\u015f\u0131lt\u0131l\u0131 ve dikkat \u00e7ekici bir g\u00f6r\u00fcn\u00fcm sunar.<\/p>\n<p data-start=\"330\" data-end=\"541\">Biri sade di\u011feri p\u0131rlanta ta\u015flarla s\u00fcslenmi\u015f iki kalbin uyumu, tasar\u0131ma hem denge hem de hareket katar. \u0130nce zincir yap\u0131s\u0131 ile hafif ve konforlu bir kullan\u0131m sa\u011flarken, boyun hatt\u0131nda zarif bir duru\u015f sergiler.<\/p>\n<p data-start=\"543\" data-end=\"761\">Sevgi, ba\u011fl\u0131l\u0131k ve \u00f6zel anlar\u0131 simgeleyen bu kolye, hem kendinize hem de sevdiklerinize anlaml\u0131 bir hediye alternatifi olarak \u00f6ne \u00e7\u0131kar. G\u00fcnl\u00fck kullan\u0131mda \u015f\u0131k bir dokunu\u015f sunarken, \u00f6zel anlarda da stilinizi tamamlar.<\/p>","protected":false},"excerpt":{"rendered":"<ul>\n<li>14 Ayar Alt\u0131n<\/li>\n<li>0,11 ct P\u0131rlanta<\/li>\n<li>41 cm uzunlu\u011funda Zincir<\/li>\n<\/ul>","protected":false},"featured_media":42613,"comment_status":"open","ping_status":"closed","template":"","meta":[],"product_brand":[2718],"product_cat":[75,247],"product_tag":[3619,294,3620,1637,2115,473,2146,276,3057,1434,3621,1632,3622,476],"class_list":{"0":"post-42612","1":"product","2":"type-product","3":"status-publish","4":"has-post-thumbnail","6":"product_brand-gasia-casuals","7":"product_cat-kolye","8":"product_cat-hediyelik","9":"product_tag-cift-kalp-kolye","10":"product_tag-diamond-necklace","11":"product_tag-double-heart-necklace","12":"product_tag-elegant-necklace","13":"product_tag-heart-necklace","14":"product_tag-kadin-kolye","15":"product_tag-kalp-kolye","16":"product_tag-pirlanta-kolye","17":"product_tag-romantic-necklace","18":"product_tag-romantik-kolye","19":"product_tag-sari-altin-kolye","20":"product_tag-women-necklace","21":"product_tag-yellow-gold-necklace","22":"product_tag-zarif-kolye","23":"pa_cinsiyet-kadin","25":"first","26":"instock","27":"sale","28":"shipping-taxable","29":"purchasable","30":"product-type-simple"},"_links":{"self":[{"href":"https:\/\/www.gasia.com.tr\/en\/wp-json\/wp\/v2\/product\/42612","targetHints":{"allow":["GET"]}}],"collection":[{"href":"https:\/\/www.gasia.com.tr\/en\/wp-json\/wp\/v2\/product"}],"about":[{"href":"https:\/\/www.gasia.com.tr\/en\/wp-json\/wp\/v2\/types\/product"}],"replies":[{"embeddable":true,"href":"https:\/\/www.gasia.com.tr\/en\/wp-json\/wp\/v2\/comments?post=42612"}],"version-history":[{"count":2,"href":"https:\/\/www.gasia.com.tr\/en\/wp-json\/wp\/v2\/product\/42612\/revisions"}],"predecessor-version":[{"id":42615,"href":"https:\/\/www.gasia.com.tr\/en\/wp-json\/wp\/v2\/product\/42612\/revisions\/42615"}],"wp:featuredmedia":[{"embeddable":true,"href":"https:\/\/www.gasia.com.tr\/en\/wp-json\/wp\/v2\/media\/42613"}],"wp:attachment":[{"href":"https:\/\/www.gasia.com.tr\/en\/wp-json\/wp\/v2\/media?parent=42612"}],"wp:term":[{"taxonomy":"product_brand","embeddable":true,"href":"https:\/\/www.gasia.com.tr\/en\/wp-json\/wp\/v2\/product_brand?post=42612"},{"taxonomy":"product_cat","embeddable":true,"href":"https:\/\/www.gasia.com.tr\/en\/wp-json\/wp\/v2\/product_cat?post=42612"},{"taxonomy":"product_tag","embeddable":true,"href":"https:\/\/www.gasia.com.tr\/en\/wp-json\/wp\/v2\/product_tag?post=42612"}],"curies":[{"name":"wp","href":"https:\/\/api.w.org\/{rel}","templated":true}]}}