{"id":42616,"date":"2026-04-15T11:17:22","date_gmt":"2026-04-15T08:17:22","guid":{"rendered":"https:\/\/www.gasia.com.tr\/?post_type=product&#038;p=42616"},"modified":"2026-04-23T11:29:30","modified_gmt":"2026-04-23T08:29:30","slug":"nal-formlu-pirlanta-kolye","status":"publish","type":"product","link":"https:\/\/www.gasia.com.tr\/en\/collections\/nal-formlu-pirlanta-kolye\/","title":{"rendered":"Nal Formlu P\u0131rlanta Kolye Sar\u0131 Alt\u0131n \u015eans Sembol\u00fc Tasar\u0131m"},"content":{"rendered":"<p data-start=\"77\" data-end=\"317\">\u015eans\u0131n simgesi nal formundan ilham alan bu zarif kolye, sar\u0131 alt\u0131n\u0131n s\u0131cak tonuyla p\u0131rlanta ta\u015flar\u0131n \u0131\u015f\u0131lt\u0131s\u0131n\u0131 bir araya getirir. Minimal boyutu ve dengeli formu sayesinde boyunda ince ve \u015f\u0131k bir g\u00f6r\u00fcn\u00fcm olu\u015fturur.<\/p>\n<p data-start=\"319\" data-end=\"554\">Nal fig\u00fcr\u00fcn\u00fcn \u00e7evresine \u00f6zenle yerle\u015ftirilmi\u015f p\u0131rlantalar, \u0131\u015f\u0131\u011f\u0131 her a\u00e7\u0131dan yans\u0131tarak kolyeye canl\u0131 bir parlakl\u0131k kazand\u0131r\u0131r. G\u00fcnl\u00fck kullan\u0131mda sade bir \u015f\u0131kl\u0131k sunarken, anlaml\u0131 tasar\u0131m\u0131yla \u00f6zel g\u00fcnler i\u00e7in de ideal bir tercih olur.<\/p>\n<p data-start=\"556\" data-end=\"738\">Hafif yap\u0131s\u0131 ve ince zinciri sayesinde konforlu bir kullan\u0131m sa\u011flayan bu model, tek ba\u015f\u0131na zarif bir etki yarat\u0131r ve farkl\u0131 kolyelerle kombinlenerek katmanl\u0131 stil i\u00e7in de uygundur.<\/p>\n<p data-start=\"556\" data-end=\"738\">Nal Formlu P\u0131rlanta Kolye Sar\u0131 Alt\u0131n \u015eans Sembol\u00fc Tasar\u0131m<\/p>","protected":false},"excerpt":{"rendered":"<ul>\n<li>18 Ayar 1,22 gram\u00a0 Alt\u0131n<\/li>\n<li>0,06 ct Toplam P\u0131rlanta<\/li>\n<li>42 cm uzunluk<\/li>\n<\/ul>","protected":false},"featured_media":42617,"comment_status":"open","ping_status":"closed","template":"","meta":[],"product_brand":[2718],"product_cat":[75],"product_tag":[294,1637,3263,473,1675,273,1767,3262,276,284,3621,1632,3622,476],"class_list":{"0":"post-42616","1":"product","2":"type-product","3":"status-publish","4":"has-post-thumbnail","6":"product_brand-gasia-casuals","7":"product_cat-kolye","8":"product_tag-diamond-necklace","9":"product_tag-elegant-necklace","10":"product_tag-horseshoe-necklace","11":"product_tag-kadin-kolye","12":"product_tag-lucky-necklace","13":"product_tag-minimal-kolye","14":"product_tag-minimalist-necklace","15":"product_tag-nal-kolye","16":"product_tag-pirlanta-kolye","17":"product_tag-sans-kolyesi","18":"product_tag-sari-altin-kolye","19":"product_tag-women-necklace","20":"product_tag-yellow-gold-necklace","21":"product_tag-zarif-kolye","22":"pa_cinsiyet-kadin","24":"first","25":"instock","26":"sale","27":"shipping-taxable","28":"purchasable","29":"product-type-simple"},"_links":{"self":[{"href":"https:\/\/www.gasia.com.tr\/en\/wp-json\/wp\/v2\/product\/42616","targetHints":{"allow":["GET"]}}],"collection":[{"href":"https:\/\/www.gasia.com.tr\/en\/wp-json\/wp\/v2\/product"}],"about":[{"href":"https:\/\/www.gasia.com.tr\/en\/wp-json\/wp\/v2\/types\/product"}],"replies":[{"embeddable":true,"href":"https:\/\/www.gasia.com.tr\/en\/wp-json\/wp\/v2\/comments?post=42616"}],"version-history":[{"count":2,"href":"https:\/\/www.gasia.com.tr\/en\/wp-json\/wp\/v2\/product\/42616\/revisions"}],"predecessor-version":[{"id":42620,"href":"https:\/\/www.gasia.com.tr\/en\/wp-json\/wp\/v2\/product\/42616\/revisions\/42620"}],"wp:featuredmedia":[{"embeddable":true,"href":"https:\/\/www.gasia.com.tr\/en\/wp-json\/wp\/v2\/media\/42617"}],"wp:attachment":[{"href":"https:\/\/www.gasia.com.tr\/en\/wp-json\/wp\/v2\/media?parent=42616"}],"wp:term":[{"taxonomy":"product_brand","embeddable":true,"href":"https:\/\/www.gasia.com.tr\/en\/wp-json\/wp\/v2\/product_brand?post=42616"},{"taxonomy":"product_cat","embeddable":true,"href":"https:\/\/www.gasia.com.tr\/en\/wp-json\/wp\/v2\/product_cat?post=42616"},{"taxonomy":"product_tag","embeddable":true,"href":"https:\/\/www.gasia.com.tr\/en\/wp-json\/wp\/v2\/product_tag?post=42616"}],"curies":[{"name":"wp","href":"https:\/\/api.w.org\/{rel}","templated":true}]}}