{"id":42619,"date":"2026-04-15T11:16:46","date_gmt":"2026-04-15T08:16:46","guid":{"rendered":"https:\/\/www.gasia.com.tr\/?post_type=product&#038;p=42619"},"modified":"2026-04-23T12:03:53","modified_gmt":"2026-04-23T09:03:53","slug":"nal-formlu-pirlanta-kolye-2","status":"publish","type":"product","link":"https:\/\/www.gasia.com.tr\/en\/collections\/nal-formlu-pirlanta-kolye-2\/","title":{"rendered":"P\u0131rlanta Ta\u015fl\u0131 Rose Alt\u0131n Nal Kolye"},"content":{"rendered":"<p data-start=\"76\" data-end=\"350\">\u015eans\u0131 ve pozitif enerjiyi simgeleyen nal formu, bu \u00f6zel kolyede rose alt\u0131n\u0131n s\u0131cak ve romantik tonuyla bulu\u015fuyor. \u0130nce i\u015f\u00e7ilikle yerle\u015ftirilmi\u015f p\u0131rlanta ta\u015flar, tasar\u0131m\u0131n k\u0131vr\u0131mlar\u0131n\u0131 zarif bir \u015fekilde vurgulayarak boyunda \u0131\u015f\u0131lt\u0131l\u0131 bir etki yarat\u0131r.<\/p>\n<p data-start=\"352\" data-end=\"588\">Minimal ve dengeli yap\u0131s\u0131 sayesinde hem g\u00fcnl\u00fck kullan\u0131mda hem de \u00f6zel anlarda rahatl\u0131kla tercih edilebilir. Boyuna do\u011fal bir \u015fekilde oturan ince zinciri, kolyenin merkezindeki nal fig\u00fcr\u00fcn\u00fc \u00f6n plana \u00e7\u0131kar\u0131rken sade \u015f\u0131kl\u0131\u011f\u0131 g\u00fc\u00e7lendirir.<\/p>\n<p data-start=\"590\" data-end=\"747\">Anlaml\u0131 sembol\u00fc ve zarif g\u00f6r\u00fcn\u00fcm\u00fcyle bu kolye, kendiniz i\u00e7in \u00f6zel bir par\u00e7a ya da sevdiklerinize \u015fans dilemenin estetik bir yolu olarak ideal bir se\u00e7imdir.<\/p>\n<p data-start=\"590\" data-end=\"747\">P\u0131rlanta Ta\u015fl\u0131 Rose Alt\u0131n Nal Kolye<\/p>","protected":false},"excerpt":{"rendered":"<ul>\n<li>18 Ayar 1,22 gram\u00a0 Alt\u0131n<\/li>\n<li>0,06 ct Toplam P\u0131rlanta<\/li>\n<li>42 cm uzunluk<\/li>\n<\/ul>","protected":false},"featured_media":42623,"comment_status":"open","ping_status":"closed","template":"","meta":[],"product_brand":[2718],"product_cat":[75],"product_tag":[294,1637,3263,473,1675,273,1767,3262,276,2138,2139,284,3621,1632,3622,476],"class_list":{"0":"post-42619","1":"product","2":"type-product","3":"status-publish","4":"has-post-thumbnail","6":"product_brand-gasia-casuals","7":"product_cat-kolye","8":"product_tag-diamond-necklace","9":"product_tag-elegant-necklace","10":"product_tag-horseshoe-necklace","11":"product_tag-kadin-kolye","12":"product_tag-lucky-necklace","13":"product_tag-minimal-kolye","14":"product_tag-minimalist-necklace","15":"product_tag-nal-kolye","16":"product_tag-pirlanta-kolye","17":"product_tag-rose-altin-kolye","18":"product_tag-rose-gold-necklace","19":"product_tag-sans-kolyesi","20":"product_tag-sari-altin-kolye","21":"product_tag-women-necklace","22":"product_tag-yellow-gold-necklace","23":"product_tag-zarif-kolye","24":"pa_cinsiyet-kadin","26":"first","27":"instock","28":"sale","29":"shipping-taxable","30":"purchasable","31":"product-type-simple"},"_links":{"self":[{"href":"https:\/\/www.gasia.com.tr\/en\/wp-json\/wp\/v2\/product\/42619","targetHints":{"allow":["GET"]}}],"collection":[{"href":"https:\/\/www.gasia.com.tr\/en\/wp-json\/wp\/v2\/product"}],"about":[{"href":"https:\/\/www.gasia.com.tr\/en\/wp-json\/wp\/v2\/types\/product"}],"replies":[{"embeddable":true,"href":"https:\/\/www.gasia.com.tr\/en\/wp-json\/wp\/v2\/comments?post=42619"}],"version-history":[{"count":4,"href":"https:\/\/www.gasia.com.tr\/en\/wp-json\/wp\/v2\/product\/42619\/revisions"}],"predecessor-version":[{"id":42625,"href":"https:\/\/www.gasia.com.tr\/en\/wp-json\/wp\/v2\/product\/42619\/revisions\/42625"}],"wp:featuredmedia":[{"embeddable":true,"href":"https:\/\/www.gasia.com.tr\/en\/wp-json\/wp\/v2\/media\/42623"}],"wp:attachment":[{"href":"https:\/\/www.gasia.com.tr\/en\/wp-json\/wp\/v2\/media?parent=42619"}],"wp:term":[{"taxonomy":"product_brand","embeddable":true,"href":"https:\/\/www.gasia.com.tr\/en\/wp-json\/wp\/v2\/product_brand?post=42619"},{"taxonomy":"product_cat","embeddable":true,"href":"https:\/\/www.gasia.com.tr\/en\/wp-json\/wp\/v2\/product_cat?post=42619"},{"taxonomy":"product_tag","embeddable":true,"href":"https:\/\/www.gasia.com.tr\/en\/wp-json\/wp\/v2\/product_tag?post=42619"}],"curies":[{"name":"wp","href":"https:\/\/api.w.org\/{rel}","templated":true}]}}