{"id":42629,"date":"2026-04-23T12:12:38","date_gmt":"2026-04-23T09:12:38","guid":{"rendered":"https:\/\/www.gasia.com.tr\/?post_type=product&#038;p=42629"},"modified":"2026-04-23T12:14:48","modified_gmt":"2026-04-23T09:14:48","slug":"yesil-mine-detayli-ucgen-kesim-pirlanta-tasli-yuzuk","status":"publish","type":"product","link":"https:\/\/www.gasia.com.tr\/en\/collections\/yesil-mine-detayli-ucgen-kesim-pirlanta-tasli-yuzuk\/","title":{"rendered":"Ye\u015fil Mine Detayl\u0131 \u00dc\u00e7gen Kesim P\u0131rlanta Ta\u015fl\u0131 Y\u00fcz\u00fck"},"content":{"rendered":"<p data-start=\"77\" data-end=\"389\">Cesur ve dikkat \u00e7ekici tasar\u0131m\u0131yla \u00f6ne \u00e7\u0131kan bu y\u00fcz\u00fck, derin ye\u015fil mine y\u00fczeyi ve merkezde yer alan \u00fc\u00e7gen kesim p\u0131rlanta ta\u015f\u0131yla g\u00fc\u00e7l\u00fc bir stil sunar. Alt\u0131n \u00e7er\u00e7eveyle \u00e7evrelenen p\u0131rlanta, etraf\u0131ndaki k\u00fc\u00e7\u00fck ta\u015flarla birlikte \u0131\u015f\u0131\u011f\u0131 \u00e7ok y\u00f6nl\u00fc yans\u0131tarak etkileyici bir parlakl\u0131k olu\u015fturur.<\/p>\n<p data-start=\"391\" data-end=\"627\">Geni\u015f formu sayesinde parmakta belirgin bir duru\u015f sergileyen bu model, modern \u00e7izgilerle klasik ta\u015f i\u015f\u00e7ili\u011fini bir araya getirir. G\u00fcnl\u00fck kombinlere karakter katmak veya \u00f6zel davetlerde fark yaratmak isteyenler i\u00e7in ideal bir se\u00e7imdir.<\/p>\n<p data-start=\"629\" data-end=\"746\">Farkl\u0131 ve iddial\u0131 tasar\u0131m\u0131yla \u00f6ne \u00e7\u0131kan bu y\u00fcz\u00fck, stiline g\u00fc\u00e7l\u00fc bir dokunu\u015f eklemek isteyenler i\u00e7in tasarlanm\u0131\u015ft\u0131r.<\/p>","protected":false},"excerpt":{"rendered":"<ul>\n<li>14 Alt\u0131n<\/li>\n<li>0,38 ct 1 adet \u00fc\u00e7gen kesim P\u0131rlanta<\/li>\n<li>0,31 ct 20 adet P\u0131rlanta<\/li>\n<li>Antik Ye\u015fil Mine<\/li>\n<\/ul>","protected":false},"featured_media":42632,"comment_status":"open","ping_status":"closed","template":"","meta":[],"product_brand":[77],"product_cat":[242,76],"product_tag":[289,565,654,577,3514,520,521,335,450,340,3624,3623,1021,3511],"class_list":{"0":"post-42629","1":"product","2":"type-product","3":"status-publish","4":"has-post-thumbnail","6":"product_brand-gasia","7":"product_cat-retro-mucevher-koleksiyonu","8":"product_cat-yuzuk-modelleri","9":"product_tag-altin-yuzuk","10":"product_tag-designer-ring","11":"product_tag-diamond-ring","12":"product_tag-gold-ring","13":"product_tag-green-enamel-ring","14":"product_tag-kadin-yuzuk","15":"product_tag-modern-yuzuk","16":"product_tag-pirlanta-yuzuk","17":"product_tag-statement-ring","18":"product_tag-tasarim-yuzuk","19":"product_tag-triangle-cut-diamond","20":"product_tag-ucgen-kesim-pirlanta","21":"product_tag-women-ring","22":"product_tag-yesil-mine-yuzuk","23":"pa_cinsiyet-kadin","25":"first","26":"instock","27":"sale","28":"shipping-taxable","29":"purchasable","30":"product-type-simple"},"_links":{"self":[{"href":"https:\/\/www.gasia.com.tr\/en\/wp-json\/wp\/v2\/product\/42629","targetHints":{"allow":["GET"]}}],"collection":[{"href":"https:\/\/www.gasia.com.tr\/en\/wp-json\/wp\/v2\/product"}],"about":[{"href":"https:\/\/www.gasia.com.tr\/en\/wp-json\/wp\/v2\/types\/product"}],"replies":[{"embeddable":true,"href":"https:\/\/www.gasia.com.tr\/en\/wp-json\/wp\/v2\/comments?post=42629"}],"version-history":[{"count":2,"href":"https:\/\/www.gasia.com.tr\/en\/wp-json\/wp\/v2\/product\/42629\/revisions"}],"predecessor-version":[{"id":42631,"href":"https:\/\/www.gasia.com.tr\/en\/wp-json\/wp\/v2\/product\/42629\/revisions\/42631"}],"wp:featuredmedia":[{"embeddable":true,"href":"https:\/\/www.gasia.com.tr\/en\/wp-json\/wp\/v2\/media\/42632"}],"wp:attachment":[{"href":"https:\/\/www.gasia.com.tr\/en\/wp-json\/wp\/v2\/media?parent=42629"}],"wp:term":[{"taxonomy":"product_brand","embeddable":true,"href":"https:\/\/www.gasia.com.tr\/en\/wp-json\/wp\/v2\/product_brand?post=42629"},{"taxonomy":"product_cat","embeddable":true,"href":"https:\/\/www.gasia.com.tr\/en\/wp-json\/wp\/v2\/product_cat?post=42629"},{"taxonomy":"product_tag","embeddable":true,"href":"https:\/\/www.gasia.com.tr\/en\/wp-json\/wp\/v2\/product_tag?post=42629"}],"curies":[{"name":"wp","href":"https:\/\/api.w.org\/{rel}","templated":true}]}}