{"id":42633,"date":"2026-04-15T12:17:44","date_gmt":"2026-04-15T09:17:44","guid":{"rendered":"https:\/\/www.gasia.com.tr\/?post_type=product&#038;p=42633"},"modified":"2026-04-23T12:27:45","modified_gmt":"2026-04-23T09:27:45","slug":"turkuaz-mine-zeminli-damla-kesim-zumrut-tasli-altin-yuzuk","status":"publish","type":"product","link":"https:\/\/www.gasia.com.tr\/en\/collections\/turkuaz-mine-zeminli-damla-kesim-zumrut-tasli-altin-yuzuk\/","title":{"rendered":"Turkuaz Mine Zeminli Damla Kesim Z\u00fcmr\u00fct Ta\u015fl\u0131 Alt\u0131n Y\u00fcz\u00fck"},"content":{"rendered":"<p data-start=\"77\" data-end=\"370\">Canl\u0131 turkuaz mine y\u00fczeyi ile g\u00f6z al\u0131c\u0131 bir kontrast sunan bu y\u00fcz\u00fck, merkezde yer alan damla kesim z\u00fcmr\u00fct ta\u015f\u0131yla dikkat \u00e7eker. Z\u00fcmr\u00fcd\u00fcn do\u011fal derin ye\u015fil tonu, etraf\u0131n\u0131 saran p\u0131rlanta detaylarla birlikte \u0131\u015f\u0131\u011f\u0131 etkileyici \u015fekilde yans\u0131tarak g\u00fc\u00e7l\u00fc bir \u0131\u015f\u0131lt\u0131 olu\u015fturur.<\/p>\n<p data-start=\"372\" data-end=\"658\">Alt\u0131n \u00e7er\u00e7eve ile tamamlanan geni\u015f form, y\u00fcz\u00fc\u011fe modern ve iddial\u0131 bir karakter kazand\u0131r\u0131rken, mine y\u00fczeyin p\u00fcr\u00fczs\u00fcz dokusu tasar\u0131ma zarif bir b\u00fct\u00fcnl\u00fck katar. G\u00fcnl\u00fck stiline renkli bir vurgu eklemek ya da \u00f6zel anlarda farkl\u0131 bir par\u00e7a tercih etmek isteyenler i\u00e7in ideal bir tasar\u0131md\u0131r.<\/p>\n<p data-start=\"660\" data-end=\"787\">Renk, ta\u015f ve formun dengeli birle\u015fimiyle \u00f6ne \u00e7\u0131kan bu y\u00fcz\u00fck, stiline cesur bir dokunu\u015f katmak isteyenler i\u00e7in tasarlanm\u0131\u015ft\u0131r.<\/p>","protected":false},"excerpt":{"rendered":"<ul>\n<li>14,01 Gram 14 Ayar Alt\u0131n<\/li>\n<li>0,33 ct 20 Adet Toplam P\u0131rlanta<\/li>\n<li>2,48 ct Damla Kesim Z\u00fcmr\u00fct<\/li>\n<li>Bodrum Mavisi Mine zemin<\/li>\n<\/ul>","protected":false},"featured_media":42634,"comment_status":"open","ping_status":"closed","template":"","meta":[],"product_brand":[77],"product_cat":[242,76],"product_tag":[289,1874,3626,565,650,526,577,520,3627,1146,1193,340,3525,3625,1021,530],"class_list":{"0":"post-42633","1":"product","2":"type-product","3":"status-publish","4":"has-post-thumbnail","6":"product_brand-gasia","7":"product_cat-retro-mucevher-koleksiyonu","8":"product_cat-yuzuk-modelleri","9":"product_tag-altin-yuzuk","10":"product_tag-bold-ring","11":"product_tag-damla-kesim-zumrut","12":"product_tag-designer-ring","13":"product_tag-diamond-detail-ring","14":"product_tag-emerald-ring","15":"product_tag-gold-ring","16":"product_tag-kadin-yuzuk","17":"product_tag-pear-cut-emerald","18":"product_tag-pirlanta-detayli-yuzuk","19":"product_tag-statement-yuzuk","20":"product_tag-tasarim-yuzuk","21":"product_tag-turkuaz-mine-yuzuk","22":"product_tag-turquoise-enamel-ring","23":"product_tag-women-ring","24":"product_tag-zumrut-yuzuk","25":"pa_cinsiyet-kadin","27":"first","28":"instock","29":"sale","30":"shipping-taxable","31":"purchasable","32":"product-type-simple"},"_links":{"self":[{"href":"https:\/\/www.gasia.com.tr\/en\/wp-json\/wp\/v2\/product\/42633","targetHints":{"allow":["GET"]}}],"collection":[{"href":"https:\/\/www.gasia.com.tr\/en\/wp-json\/wp\/v2\/product"}],"about":[{"href":"https:\/\/www.gasia.com.tr\/en\/wp-json\/wp\/v2\/types\/product"}],"replies":[{"embeddable":true,"href":"https:\/\/www.gasia.com.tr\/en\/wp-json\/wp\/v2\/comments?post=42633"}],"version-history":[{"count":2,"href":"https:\/\/www.gasia.com.tr\/en\/wp-json\/wp\/v2\/product\/42633\/revisions"}],"predecessor-version":[{"id":42636,"href":"https:\/\/www.gasia.com.tr\/en\/wp-json\/wp\/v2\/product\/42633\/revisions\/42636"}],"wp:featuredmedia":[{"embeddable":true,"href":"https:\/\/www.gasia.com.tr\/en\/wp-json\/wp\/v2\/media\/42634"}],"wp:attachment":[{"href":"https:\/\/www.gasia.com.tr\/en\/wp-json\/wp\/v2\/media?parent=42633"}],"wp:term":[{"taxonomy":"product_brand","embeddable":true,"href":"https:\/\/www.gasia.com.tr\/en\/wp-json\/wp\/v2\/product_brand?post=42633"},{"taxonomy":"product_cat","embeddable":true,"href":"https:\/\/www.gasia.com.tr\/en\/wp-json\/wp\/v2\/product_cat?post=42633"},{"taxonomy":"product_tag","embeddable":true,"href":"https:\/\/www.gasia.com.tr\/en\/wp-json\/wp\/v2\/product_tag?post=42633"}],"curies":[{"name":"wp","href":"https:\/\/api.w.org\/{rel}","templated":true}]}}