{"id":42639,"date":"2026-04-16T16:00:29","date_gmt":"2026-04-16T13:00:29","guid":{"rendered":"https:\/\/www.gasia.com.tr\/?post_type=product&#038;p=42639"},"modified":"2026-05-02T19:15:47","modified_gmt":"2026-05-02T16:15:47","slug":"turuncu-mine-baget-pirlanta-tasli","status":"publish","type":"product","link":"https:\/\/www.gasia.com.tr\/en\/collections\/turuncu-mine-baget-pirlanta-tasli\/","title":{"rendered":"Turuncu Mine Detayl\u0131 Baget P\u0131rlanta Ta\u015fl\u0131 A\u00e7\u0131k Form Alt\u0131n Y\u00fcz\u00fck"},"content":{"rendered":"<p data-start=\"81\" data-end=\"391\">Modern \u00e7izgileri ve dengeli formuyla dikkat \u00e7eken bu a\u00e7\u0131k form y\u00fcz\u00fck, beyaz mine kaplaman\u0131n p\u00fcr\u00fczs\u00fcz y\u00fczeyi ile p\u0131rlanta ta\u015flar\u0131n \u0131\u015f\u0131lt\u0131s\u0131n\u0131 bir araya getirir. U\u00e7 k\u0131s\u0131mlarda yer alan baget kesim p\u0131rlantalar, \u00e7evresindeki yuvarlak ta\u015flarla birlikte g\u00fc\u00e7l\u00fc ve dengeli bir parlakl\u0131k sunar.<\/p>\n<p data-start=\"393\" data-end=\"666\">Alt\u0131n g\u00f6vde ile birle\u015fen beyaz mine detay, tasar\u0131ma temiz ve ferah bir g\u00f6r\u00fcn\u00fcm kazand\u0131r\u0131rken, a\u00e7\u0131k form yap\u0131s\u0131 y\u00fcz\u00fc\u011fe \u00e7a\u011fda\u015f bir karakter verir. G\u00fcnl\u00fck kombinlerde \u015f\u0131k bir tamamlay\u0131c\u0131 olarak kullan\u0131labilece\u011fi gibi \u00f6zel anlarda da dikkat \u00e7ekici bir par\u00e7a olarak \u00f6ne \u00e7\u0131kar.<\/p>\n<p data-start=\"668\" data-end=\"784\">Minimal detaylarla zenginle\u015ftirilmi\u015f bu tasar\u0131m, sade ama etkileyici bir stil arayanlar i\u00e7in ideal bir se\u00e7enektir.<\/p>","protected":false},"excerpt":{"rendered":"<ul>\n<li>14 ayar Alt\u0131n<\/li>\n<li>0.11 ct Baget P\u0131rlanta<\/li>\n<li>0.20 yuvarlak P\u0131rlanta<\/li>\n<li>Beyaz Mine<\/li>\n<\/ul>","protected":false},"featured_media":42642,"comment_status":"open","ping_status":"closed","template":"","meta":[],"product_brand":[2718],"product_cat":[260,242,76],"product_tag":[438,289,1127,575,3628,565,654,577,520,581,521,597,335,340,3629,1021],"class_list":{"0":"post-42639","1":"product","2":"type-product","3":"status-publish","4":"has-post-thumbnail","6":"product_brand-gasia-casuals","7":"product_cat-kadin","8":"product_cat-retro-mucevher-koleksiyonu","9":"product_cat-yuzuk-modelleri","10":"product_tag-acik-form-yuzuk","11":"product_tag-altin-yuzuk","12":"product_tag-baget-pirlanta-yuzuk","13":"product_tag-baguette-diamond-ring","14":"product_tag-beyaz-mine-yuzuk","15":"product_tag-designer-ring","16":"product_tag-diamond-ring","17":"product_tag-gold-ring","18":"product_tag-kadin-yuzuk","19":"product_tag-modern-ring","20":"product_tag-modern-yuzuk","21":"product_tag-open-ring","22":"product_tag-pirlanta-yuzuk","23":"product_tag-tasarim-yuzuk","24":"product_tag-white-enamel-ring","25":"product_tag-women-ring","26":"pa_cinsiyet-kadin","28":"first","29":"outofstock","30":"sale","31":"shipping-taxable","32":"purchasable","33":"product-type-simple"},"_links":{"self":[{"href":"https:\/\/www.gasia.com.tr\/en\/wp-json\/wp\/v2\/product\/42639","targetHints":{"allow":["GET"]}}],"collection":[{"href":"https:\/\/www.gasia.com.tr\/en\/wp-json\/wp\/v2\/product"}],"about":[{"href":"https:\/\/www.gasia.com.tr\/en\/wp-json\/wp\/v2\/types\/product"}],"replies":[{"embeddable":true,"href":"https:\/\/www.gasia.com.tr\/en\/wp-json\/wp\/v2\/comments?post=42639"}],"version-history":[{"count":1,"href":"https:\/\/www.gasia.com.tr\/en\/wp-json\/wp\/v2\/product\/42639\/revisions"}],"predecessor-version":[{"id":42643,"href":"https:\/\/www.gasia.com.tr\/en\/wp-json\/wp\/v2\/product\/42639\/revisions\/42643"}],"wp:featuredmedia":[{"embeddable":true,"href":"https:\/\/www.gasia.com.tr\/en\/wp-json\/wp\/v2\/media\/42642"}],"wp:attachment":[{"href":"https:\/\/www.gasia.com.tr\/en\/wp-json\/wp\/v2\/media?parent=42639"}],"wp:term":[{"taxonomy":"product_brand","embeddable":true,"href":"https:\/\/www.gasia.com.tr\/en\/wp-json\/wp\/v2\/product_brand?post=42639"},{"taxonomy":"product_cat","embeddable":true,"href":"https:\/\/www.gasia.com.tr\/en\/wp-json\/wp\/v2\/product_cat?post=42639"},{"taxonomy":"product_tag","embeddable":true,"href":"https:\/\/www.gasia.com.tr\/en\/wp-json\/wp\/v2\/product_tag?post=42639"}],"curies":[{"name":"wp","href":"https:\/\/api.w.org\/{rel}","templated":true}]}}