{"id":42640,"date":"2026-04-16T16:05:29","date_gmt":"2026-04-16T13:05:29","guid":{"rendered":"https:\/\/www.gasia.com.tr\/?post_type=product&#038;p=42640"},"modified":"2026-04-23T12:49:53","modified_gmt":"2026-04-23T09:49:53","slug":"mine-detayli-baget-pirlanta-tasli","status":"publish","type":"product","link":"https:\/\/www.gasia.com.tr\/en\/collections\/mine-detayli-baget-pirlanta-tasli\/","title":{"rendered":"\u00c7e\u015fme Mavisi Mine Detayl\u0131 Baget P\u0131rlanta Ta\u015fl\u0131 A\u00e7\u0131k Form Alt\u0131n Y\u00fcz\u00fck"},"content":{"rendered":"<p data-start=\"85\" data-end=\"415\">Ferah ve zarif g\u00f6r\u00fcn\u00fcm\u00fcyle \u00f6ne \u00e7\u0131kan bu a\u00e7\u0131k form y\u00fcz\u00fck, a\u00e7\u0131k mavi mine kaplamas\u0131 ile p\u0131rlantan\u0131n \u0131\u015f\u0131lt\u0131s\u0131n\u0131 dengeli bir \u015fekilde bir araya getirir. U\u00e7 k\u0131s\u0131mlarda yer alan baget kesim p\u0131rlantalar, \u00e7evresini saran yuvarlak ta\u015flarla birlikte \u0131\u015f\u0131\u011f\u0131 etkileyici bi\u00e7imde yans\u0131tarak g\u00f6z al\u0131c\u0131 bir parlakl\u0131k sunar.<\/p>\n<p data-start=\"417\" data-end=\"680\">Alt\u0131n g\u00f6vdeyle tamamlanan a\u00e7\u0131k mavi mine y\u00fczey, tasar\u0131ma hafif ve modern bir karakter kazand\u0131r\u0131rken, a\u00e7\u0131k form yap\u0131s\u0131 y\u00fcz\u00fc\u011fe \u00e7a\u011fda\u015f bir stil katmaktad\u0131r. G\u00fcnl\u00fck kullan\u0131mda sade bir \u015f\u0131kl\u0131k sunarken, \u00f6zel anlarda da dikkat \u00e7ekici bir tamamlay\u0131c\u0131 olarak \u00f6ne \u00e7\u0131kar.<\/p>\n<p data-start=\"682\" data-end=\"822\">Renk ve formun uyumlu birle\u015fimiyle tasarlanan bu y\u00fcz\u00fck, stiline zarif ama farkl\u0131 bir dokunu\u015f eklemek isteyenler i\u00e7in ideal bir se\u00e7enektir.<\/p>","protected":false},"excerpt":{"rendered":"<ul>\n<li>14 ayar Alt\u0131n<\/li>\n<li>0.11 ct Baget P\u0131rlanta<\/li>\n<li>0.20 yuvarlak P\u0131rlanta<\/li>\n<li>\u00c7e\u015fme Mavisi Mine<\/li>\n<\/ul>","protected":false},"featured_media":42646,"comment_status":"open","ping_status":"closed","template":"","meta":[],"product_brand":[2718],"product_cat":[260,242,76],"product_tag":[438,3630,289,1127,575,3628,565,654,528,577,520,3631,581,521,597,335,340,3629,1021,519],"class_list":{"0":"post-42640","1":"product","2":"type-product","3":"status-publish","4":"has-post-thumbnail","6":"product_brand-gasia-casuals","7":"product_cat-kadin","8":"product_cat-retro-mucevher-koleksiyonu","9":"product_cat-yuzuk-modelleri","10":"product_tag-acik-form-yuzuk","11":"product_tag-acik-mavi-mine-yuzuk","12":"product_tag-altin-yuzuk","13":"product_tag-baget-pirlanta-yuzuk","14":"product_tag-baguette-diamond-ring","15":"product_tag-beyaz-mine-yuzuk","16":"product_tag-designer-ring","17":"product_tag-diamond-ring","18":"product_tag-elegant-ring","19":"product_tag-gold-ring","20":"product_tag-kadin-yuzuk","21":"product_tag-light-blue-enamel-ring","22":"product_tag-modern-ring","23":"product_tag-modern-yuzuk","24":"product_tag-open-ring","25":"product_tag-pirlanta-yuzuk","26":"product_tag-tasarim-yuzuk","27":"product_tag-white-enamel-ring","28":"product_tag-women-ring","29":"product_tag-zarif-yuzuk","30":"pa_cinsiyet-kadin","32":"first","33":"instock","34":"sale","35":"shipping-taxable","36":"purchasable","37":"product-type-simple"},"_links":{"self":[{"href":"https:\/\/www.gasia.com.tr\/en\/wp-json\/wp\/v2\/product\/42640","targetHints":{"allow":["GET"]}}],"collection":[{"href":"https:\/\/www.gasia.com.tr\/en\/wp-json\/wp\/v2\/product"}],"about":[{"href":"https:\/\/www.gasia.com.tr\/en\/wp-json\/wp\/v2\/types\/product"}],"replies":[{"embeddable":true,"href":"https:\/\/www.gasia.com.tr\/en\/wp-json\/wp\/v2\/comments?post=42640"}],"version-history":[{"count":1,"href":"https:\/\/www.gasia.com.tr\/en\/wp-json\/wp\/v2\/product\/42640\/revisions"}],"predecessor-version":[{"id":42647,"href":"https:\/\/www.gasia.com.tr\/en\/wp-json\/wp\/v2\/product\/42640\/revisions\/42647"}],"wp:featuredmedia":[{"embeddable":true,"href":"https:\/\/www.gasia.com.tr\/en\/wp-json\/wp\/v2\/media\/42646"}],"wp:attachment":[{"href":"https:\/\/www.gasia.com.tr\/en\/wp-json\/wp\/v2\/media?parent=42640"}],"wp:term":[{"taxonomy":"product_brand","embeddable":true,"href":"https:\/\/www.gasia.com.tr\/en\/wp-json\/wp\/v2\/product_brand?post=42640"},{"taxonomy":"product_cat","embeddable":true,"href":"https:\/\/www.gasia.com.tr\/en\/wp-json\/wp\/v2\/product_cat?post=42640"},{"taxonomy":"product_tag","embeddable":true,"href":"https:\/\/www.gasia.com.tr\/en\/wp-json\/wp\/v2\/product_tag?post=42640"}],"curies":[{"name":"wp","href":"https:\/\/api.w.org\/{rel}","templated":true}]}}