{"id":42641,"date":"2026-04-16T16:03:30","date_gmt":"2026-04-16T13:03:30","guid":{"rendered":"https:\/\/www.gasia.com.tr\/?post_type=product&#038;p=42641"},"modified":"2026-04-23T12:46:23","modified_gmt":"2026-04-23T09:46:23","slug":"siyah-mine-baget-tasli","status":"publish","type":"product","link":"https:\/\/www.gasia.com.tr\/en\/collections\/siyah-mine-baget-tasli\/","title":{"rendered":"Siyah Mine Detayl\u0131 Baget P\u0131rlanta Ta\u015fl\u0131 A\u00e7\u0131k Form Alt\u0131n Y\u00fcz\u00fck"},"content":{"rendered":"<p data-start=\"81\" data-end=\"389\">Siyah Mine Detayl\u0131 Baget P\u0131rlanta Ta\u015fl\u0131 A\u00e7\u0131k Form Alt\u0131n Y\u00fcz\u00fck<\/p>\n<p data-start=\"81\" data-end=\"389\">G\u00fc\u00e7l\u00fc kontrast\u0131 ve modern formuyla \u00f6ne \u00e7\u0131kan bu a\u00e7\u0131k y\u00fcz\u00fck, parlak siyah mine y\u00fczeyi ile p\u0131rlantan\u0131n \u0131\u015f\u0131lt\u0131s\u0131n\u0131 bir araya getirir. U\u00e7 k\u0131s\u0131mlarda yer alan baget kesim p\u0131rlantalar, \u00e7evresini saran yuvarlak ta\u015flarla birlikte \u0131\u015f\u0131\u011f\u0131 \u00e7ok y\u00f6nl\u00fc yans\u0131tarak dikkat \u00e7ekici bir parlakl\u0131k sunar.<\/p>\n<p data-start=\"391\" data-end=\"653\">Alt\u0131n g\u00f6vde ile birle\u015fen siyah mine detay, tasar\u0131ma derinlik ve karakter kazand\u0131r\u0131rken, a\u00e7\u0131k form yap\u0131s\u0131 y\u00fcz\u00fc\u011fe \u00e7a\u011fda\u015f bir dokunu\u015f ekler. Hem g\u00fcnl\u00fck kullan\u0131mda stiline g\u00fc\u00e7l\u00fc bir vurgu katmak hem de \u00f6zel anlarda fark yaratmak isteyenler i\u00e7in ideal bir par\u00e7ad\u0131r.<\/p>\n<p data-start=\"655\" data-end=\"785\">Keskin renk ge\u00e7i\u015fleri ve dengeli ta\u015f yerle\u015fimiyle \u00f6ne \u00e7\u0131kan bu tasar\u0131m, iddial\u0131 ve \u00f6zg\u00fcn bir stil arayanlar i\u00e7in tasarlanm\u0131\u015ft\u0131r.<\/p>","protected":false},"excerpt":{"rendered":"<ul>\n<li>14 ayar Alt\u0131n<\/li>\n<li>0.11 ct Baget P\u0131rlanta<\/li>\n<li>0.20 yuvarlak P\u0131rlanta<\/li>\n<li>\u0130stanbul Geceleri Siyah Mine<\/li>\n<\/ul>","protected":false},"featured_media":42644,"comment_status":"open","ping_status":"closed","template":"","meta":[],"product_brand":[2718],"product_cat":[260,242,76],"product_tag":[438,289,1127,575,1138,1874,565,654,577,520,581,521,597,335,1134,1193,340,1021],"class_list":{"0":"post-42641","1":"product","2":"type-product","3":"status-publish","4":"has-post-thumbnail","6":"product_brand-gasia-casuals","7":"product_cat-kadin","8":"product_cat-retro-mucevher-koleksiyonu","9":"product_cat-yuzuk-modelleri","10":"product_tag-acik-form-yuzuk","11":"product_tag-altin-yuzuk","12":"product_tag-baget-pirlanta-yuzuk","13":"product_tag-baguette-diamond-ring","14":"product_tag-black-enamel-ring","15":"product_tag-bold-ring","16":"product_tag-designer-ring","17":"product_tag-diamond-ring","18":"product_tag-gold-ring","19":"product_tag-kadin-yuzuk","20":"product_tag-modern-ring","21":"product_tag-modern-yuzuk","22":"product_tag-open-ring","23":"product_tag-pirlanta-yuzuk","24":"product_tag-siyah-mine-yuzuk","25":"product_tag-statement-yuzuk","26":"product_tag-tasarim-yuzuk","27":"product_tag-women-ring","28":"pa_cinsiyet-kadin","30":"first","31":"instock","32":"sale","33":"shipping-taxable","34":"purchasable","35":"product-type-simple"},"_links":{"self":[{"href":"https:\/\/www.gasia.com.tr\/en\/wp-json\/wp\/v2\/product\/42641","targetHints":{"allow":["GET"]}}],"collection":[{"href":"https:\/\/www.gasia.com.tr\/en\/wp-json\/wp\/v2\/product"}],"about":[{"href":"https:\/\/www.gasia.com.tr\/en\/wp-json\/wp\/v2\/types\/product"}],"replies":[{"embeddable":true,"href":"https:\/\/www.gasia.com.tr\/en\/wp-json\/wp\/v2\/comments?post=42641"}],"version-history":[{"count":1,"href":"https:\/\/www.gasia.com.tr\/en\/wp-json\/wp\/v2\/product\/42641\/revisions"}],"predecessor-version":[{"id":42645,"href":"https:\/\/www.gasia.com.tr\/en\/wp-json\/wp\/v2\/product\/42641\/revisions\/42645"}],"wp:featuredmedia":[{"embeddable":true,"href":"https:\/\/www.gasia.com.tr\/en\/wp-json\/wp\/v2\/media\/42644"}],"wp:attachment":[{"href":"https:\/\/www.gasia.com.tr\/en\/wp-json\/wp\/v2\/media?parent=42641"}],"wp:term":[{"taxonomy":"product_brand","embeddable":true,"href":"https:\/\/www.gasia.com.tr\/en\/wp-json\/wp\/v2\/product_brand?post=42641"},{"taxonomy":"product_cat","embeddable":true,"href":"https:\/\/www.gasia.com.tr\/en\/wp-json\/wp\/v2\/product_cat?post=42641"},{"taxonomy":"product_tag","embeddable":true,"href":"https:\/\/www.gasia.com.tr\/en\/wp-json\/wp\/v2\/product_tag?post=42641"}],"curies":[{"name":"wp","href":"https:\/\/api.w.org\/{rel}","templated":true}]}}