{"id":42658,"date":"2026-04-24T12:33:38","date_gmt":"2026-04-24T09:33:38","guid":{"rendered":"https:\/\/www.gasia.com.tr\/?post_type=product&#038;p=42658"},"modified":"2026-04-24T12:45:19","modified_gmt":"2026-04-24T09:45:19","slug":"ay-tasi-detayli-coklu-damla-form-altin-kolye","status":"publish","type":"product","link":"https:\/\/www.gasia.com.tr\/en\/collections\/ay-tasi-detayli-coklu-damla-form-altin-kolye\/","title":{"rendered":"Ay Ta\u015f\u0131 Detayl\u0131 \u00c7oklu Damla Form Alt\u0131n Kolye"},"content":{"rendered":"<p data-start=\"64\" data-end=\"353\">Yumu\u015fak ve \u0131\u015f\u0131lt\u0131l\u0131 tonlar\u0131yla \u00f6ne \u00e7\u0131kan bu alt\u0131n kolye, farkl\u0131 boyutlarda tasarlanm\u0131\u015f damla ve oval kesim ay ta\u015flar\u0131n\u0131n zarif bir \u015fekilde s\u0131ralanmas\u0131yla dikkat \u00e7eker. Do\u011fal \u0131\u015f\u0131kta hafif par\u0131lt\u0131 yans\u0131tan ay ta\u015f\u0131, kolyeye sakin ve b\u00fcy\u00fcleyici bir g\u00f6r\u00fcn\u00fcm kazand\u0131r\u0131r.<\/p>\n<p data-start=\"355\" data-end=\"610\">Her ta\u015f\u0131n etraf\u0131n\u0131 \u00e7evreleyen p\u0131rlanta detaylar, tasar\u0131ma ince bir \u0131\u015f\u0131lt\u0131 katarken alt\u0131n\u0131n s\u0131cak tonu ile dengeli bir uyum olu\u015fturur. Dikey ak\u0131\u015fa sahip formu, boyun hatt\u0131n\u0131 zarif \u015fekilde vurgular ve hareketli yap\u0131s\u0131yla her a\u00e7\u0131dan estetik bir etki sunar.<\/p>\n<p data-start=\"612\" data-end=\"765\">Hem g\u00fcnl\u00fck kullan\u0131mda hem de \u00f6zel anlarda rahatl\u0131kla tercih edilebilecek bu kolye, sade ama dikkat \u00e7ekici bir stil arayanlar i\u00e7in ideal bir se\u00e7enektir.<\/p>","protected":false},"excerpt":{"rendered":"<p>Yumu\u015fak ve \u0131\u015f\u0131lt\u0131l\u0131 tonlar\u0131yla \u00f6ne \u00e7\u0131kan bu alt\u0131n kolye, farkl\u0131 boyutlarda tasarlanm\u0131\u015f damla ve oval kesim ay ta\u015flar\u0131n\u0131n zarif bir<\/p>","protected":false},"featured_media":42659,"comment_status":"open","ping_status":"closed","template":"","meta":[],"product_brand":[77,2718],"product_cat":[269,75],"product_tag":[278,3632,2647,1605,1623,1637,811,322,473,3633,472,2953,1632,476],"class_list":{"0":"post-42658","1":"product","2":"type-product","3":"status-publish","4":"has-post-thumbnail","6":"product_brand-gasia","7":"product_brand-gasia-casuals","8":"product_cat-gem-world-degerli-tasli-mucevher","9":"product_cat-kolye","10":"product_tag-altin-kolye","11":"product_tag-ay-tasi-kolye","12":"product_tag-damla-tas-kolye","13":"product_tag-diamond-detail-necklace","14":"product_tag-dogal-tas-kolye","15":"product_tag-elegant-necklace","16":"product_tag-gemstone-necklace","17":"product_tag-gold-necklace","18":"product_tag-kadin-kolye","19":"product_tag-moonstone-necklace","20":"product_tag-pirlanta-detayli-kolye","21":"product_tag-teardrop-necklace","22":"product_tag-women-necklace","23":"product_tag-zarif-kolye","24":"pa_cinsiyet-kadin","26":"first","27":"instock","28":"shipping-taxable","29":"product-type-simple"},"_links":{"self":[{"href":"https:\/\/www.gasia.com.tr\/en\/wp-json\/wp\/v2\/product\/42658","targetHints":{"allow":["GET"]}}],"collection":[{"href":"https:\/\/www.gasia.com.tr\/en\/wp-json\/wp\/v2\/product"}],"about":[{"href":"https:\/\/www.gasia.com.tr\/en\/wp-json\/wp\/v2\/types\/product"}],"replies":[{"embeddable":true,"href":"https:\/\/www.gasia.com.tr\/en\/wp-json\/wp\/v2\/comments?post=42658"}],"version-history":[{"count":2,"href":"https:\/\/www.gasia.com.tr\/en\/wp-json\/wp\/v2\/product\/42658\/revisions"}],"predecessor-version":[{"id":42662,"href":"https:\/\/www.gasia.com.tr\/en\/wp-json\/wp\/v2\/product\/42658\/revisions\/42662"}],"wp:featuredmedia":[{"embeddable":true,"href":"https:\/\/www.gasia.com.tr\/en\/wp-json\/wp\/v2\/media\/42659"}],"wp:attachment":[{"href":"https:\/\/www.gasia.com.tr\/en\/wp-json\/wp\/v2\/media?parent=42658"}],"wp:term":[{"taxonomy":"product_brand","embeddable":true,"href":"https:\/\/www.gasia.com.tr\/en\/wp-json\/wp\/v2\/product_brand?post=42658"},{"taxonomy":"product_cat","embeddable":true,"href":"https:\/\/www.gasia.com.tr\/en\/wp-json\/wp\/v2\/product_cat?post=42658"},{"taxonomy":"product_tag","embeddable":true,"href":"https:\/\/www.gasia.com.tr\/en\/wp-json\/wp\/v2\/product_tag?post=42658"}],"curies":[{"name":"wp","href":"https:\/\/api.w.org\/{rel}","templated":true}]}}