{"id":42661,"date":"2026-04-24T12:45:25","date_gmt":"2026-04-24T09:45:25","guid":{"rendered":"https:\/\/www.gasia.com.tr\/?post_type=product&#038;p=42661"},"modified":"2026-04-24T12:50:24","modified_gmt":"2026-04-24T09:50:24","slug":"firuze-tasli-coklu-damla-form-altin-kolye","status":"publish","type":"product","link":"https:\/\/www.gasia.com.tr\/en\/collections\/firuze-tasli-coklu-damla-form-altin-kolye\/","title":{"rendered":"Firuze Ta\u015fl\u0131 \u00c7oklu Damla Form Alt\u0131n Kolye"},"content":{"rendered":"<p data-start=\"61\" data-end=\"355\">Canl\u0131 firuze tonlar\u0131yla dikkat \u00e7eken bu alt\u0131n kolye, farkl\u0131 boyutlardaki damla ve oval kesim ta\u015flar\u0131n dikey formda s\u0131ralanmas\u0131yla g\u00f6z al\u0131c\u0131 bir siluet sunar. Parlak y\u00fczeyli firuze ta\u015flar, etraf\u0131n\u0131 \u00e7evreleyen p\u0131rlanta detaylarla birlikte g\u00fc\u00e7l\u00fc bir \u0131\u015f\u0131lt\u0131 etkisi yarat\u0131r.<\/p>\n<p data-start=\"357\" data-end=\"593\">\u00dcstten alta do\u011fru uzanan tasar\u0131m, boyun hatt\u0131n\u0131 zarif bir \u015fekilde vurgularken hareketli yap\u0131s\u0131 sayesinde her a\u00e7\u0131dan dikkat \u00e7eker. Alt\u0131n renginin s\u0131cakl\u0131\u011f\u0131 ile firuzenin parlak mavi tonu birle\u015ferek enerjik ve \u015f\u0131k bir g\u00f6r\u00fcn\u00fcm olu\u015fturur.<\/p>\n<p data-start=\"595\" data-end=\"753\">\u00d6zel davetlerden g\u00fcnl\u00fck kombinlere kadar geni\u015f bir kullan\u0131m alan\u0131na sahip olan bu kolye, stiline renk ve karakter katmak isteyenler i\u00e7in ideal bir par\u00e7ad\u0131r.<\/p>","protected":false},"excerpt":{"rendered":"<p>Canl\u0131 firuze tonlar\u0131yla dikkat \u00e7eken bu alt\u0131n kolye, farkl\u0131 boyutlardaki damla ve oval kesim ta\u015flar\u0131n dikey formda s\u0131ralanmas\u0131yla g\u00f6z al\u0131c\u0131<\/p>","protected":false},"featured_media":42663,"comment_status":"open","ping_status":"closed","template":"","meta":[],"product_brand":[77,2718],"product_cat":[269,75],"product_tag":[278,3632,1607,2647,3635,1605,1623,1637,1093,811,322,473,2732,3633,472,3634,2953,1095,1632,476],"class_list":{"0":"post-42661","1":"product","2":"type-product","3":"status-publish","4":"has-post-thumbnail","6":"product_brand-gasia","7":"product_brand-gasia-casuals","8":"product_cat-gem-world-degerli-tasli-mucevher","9":"product_cat-kolye","10":"product_tag-altin-kolye","11":"product_tag-ay-tasi-kolye","12":"product_tag-blue-stone-necklace","13":"product_tag-damla-tas-kolye","14":"product_tag-dangling-necklace","15":"product_tag-diamond-detail-necklace","16":"product_tag-dogal-tas-kolye","17":"product_tag-elegant-necklace","18":"product_tag-firuze-kolye","19":"product_tag-gemstone-necklace","20":"product_tag-gold-necklace","21":"product_tag-kadin-kolye","22":"product_tag-mavi-tasli-kolye","23":"product_tag-moonstone-necklace","24":"product_tag-pirlanta-detayli-kolye","25":"product_tag-sallantili-kolye","26":"product_tag-teardrop-necklace","27":"product_tag-turquoise-necklace","28":"product_tag-women-necklace","29":"product_tag-zarif-kolye","30":"pa_cinsiyet-kadin","32":"first","33":"instock","34":"shipping-taxable","35":"product-type-simple"},"_links":{"self":[{"href":"https:\/\/www.gasia.com.tr\/en\/wp-json\/wp\/v2\/product\/42661","targetHints":{"allow":["GET"]}}],"collection":[{"href":"https:\/\/www.gasia.com.tr\/en\/wp-json\/wp\/v2\/product"}],"about":[{"href":"https:\/\/www.gasia.com.tr\/en\/wp-json\/wp\/v2\/types\/product"}],"replies":[{"embeddable":true,"href":"https:\/\/www.gasia.com.tr\/en\/wp-json\/wp\/v2\/comments?post=42661"}],"version-history":[{"count":2,"href":"https:\/\/www.gasia.com.tr\/en\/wp-json\/wp\/v2\/product\/42661\/revisions"}],"predecessor-version":[{"id":42668,"href":"https:\/\/www.gasia.com.tr\/en\/wp-json\/wp\/v2\/product\/42661\/revisions\/42668"}],"wp:featuredmedia":[{"embeddable":true,"href":"https:\/\/www.gasia.com.tr\/en\/wp-json\/wp\/v2\/media\/42663"}],"wp:attachment":[{"href":"https:\/\/www.gasia.com.tr\/en\/wp-json\/wp\/v2\/media?parent=42661"}],"wp:term":[{"taxonomy":"product_brand","embeddable":true,"href":"https:\/\/www.gasia.com.tr\/en\/wp-json\/wp\/v2\/product_brand?post=42661"},{"taxonomy":"product_cat","embeddable":true,"href":"https:\/\/www.gasia.com.tr\/en\/wp-json\/wp\/v2\/product_cat?post=42661"},{"taxonomy":"product_tag","embeddable":true,"href":"https:\/\/www.gasia.com.tr\/en\/wp-json\/wp\/v2\/product_tag?post=42661"}],"curies":[{"name":"wp","href":"https:\/\/api.w.org\/{rel}","templated":true}]}}