{"id":42718,"date":"2026-04-25T22:50:45","date_gmt":"2026-04-25T19:50:45","guid":{"rendered":"https:\/\/www.gasia.com.tr\/?post_type=product&#038;p=42718"},"modified":"2026-04-25T22:56:18","modified_gmt":"2026-04-25T19:56:18","slug":"zumrut-tasli-kirmizi-mine-detayli-altin-yuzuk","status":"publish","type":"product","link":"https:\/\/www.gasia.com.tr\/en\/collections\/zumrut-tasli-kirmizi-mine-detayli-altin-yuzuk\/","title":{"rendered":"Z\u00fcmr\u00fct Ta\u015fl\u0131 K\u0131rm\u0131z\u0131 Mine Detayl\u0131 Alt\u0131n Y\u00fcz\u00fck"},"content":{"rendered":"<p data-start=\"65\" data-end=\"349\">Cesur renk kontrast\u0131 ve l\u00fcks detaylar\u0131yla \u00f6ne \u00e7\u0131kan bu alt\u0131n y\u00fcz\u00fck, k\u0131rm\u0131z\u0131 mine y\u00fczeyi ve merkezde yer alan z\u00fcmr\u00fct ta\u015f\u0131yla g\u00fc\u00e7l\u00fc bir stil sunar. Sekizgen kesimli z\u00fcmr\u00fct, etraf\u0131n\u0131 \u00e7evreleyen p\u0131rlanta ta\u015flarla birlikte yo\u011fun bir \u0131\u015f\u0131lt\u0131 ve derinlik kazan\u0131r.<\/p>\n<p data-start=\"351\" data-end=\"576\">Canl\u0131 k\u0131rm\u0131z\u0131 mine kaplama, tasar\u0131ma enerjik ve \u00e7arp\u0131c\u0131 bir karakter katarken alt\u0131n\u0131n s\u0131cak tonu ile birle\u015ferek dikkat \u00e7ekici bir uyum olu\u015fturur. Geni\u015f formu sayesinde y\u00fcz\u00fck, parmakta iddial\u0131 ve modern bir g\u00f6r\u00fcn\u00fcm sergiler.<\/p>\n<p data-start=\"578\" data-end=\"798\">G\u00fcnl\u00fck kombinlere g\u00fc\u00e7l\u00fc bir dokunu\u015f katmak ya da \u00f6zel davetlerde fark yaratmak isteyenler i\u00e7in ideal bir statement par\u00e7ad\u0131r. Zamans\u0131z de\u011ferli ta\u015flar ve modern tasar\u0131m\u0131n bulu\u015ftu\u011fu bu y\u00fcz\u00fck, stil sahibi bir tercih sunar.<\/p>","protected":false},"excerpt":{"rendered":"<p>Cesur renk kontrast\u0131 ve l\u00fcks detaylar\u0131yla \u00f6ne \u00e7\u0131kan bu alt\u0131n y\u00fcz\u00fck, k\u0131rm\u0131z\u0131 mine y\u00fczeyi ve merkezde yer alan z\u00fcmr\u00fct ta\u015f\u0131yla<\/p>","protected":false},"featured_media":42719,"comment_status":"open","ping_status":"closed","template":"","meta":[],"product_brand":[77],"product_cat":[242,76],"product_tag":[289,654,526,717,577,3668,1667,1668,335,1322,450,530],"class_list":{"0":"post-42718","1":"product","2":"type-product","3":"status-publish","4":"has-post-thumbnail","6":"product_brand-gasia","7":"product_cat-retro-mucevher-koleksiyonu","8":"product_cat-yuzuk-modelleri","9":"product_tag-altin-yuzuk","10":"product_tag-diamond-ring","11":"product_tag-emerald-ring","12":"product_tag-genis-yuzuk","13":"product_tag-gold-ring","14":"product_tag-kirmizi-mine-yuzuk","15":"product_tag-luks-taki","16":"product_tag-luxury-jewelry","17":"product_tag-pirlanta-yuzuk","18":"product_tag-red-enamel-ring","19":"product_tag-statement-ring","20":"product_tag-zumrut-yuzuk","21":"pa_cinsiyet-kadin","23":"first","24":"instock","25":"shipping-taxable","26":"product-type-simple"},"_links":{"self":[{"href":"https:\/\/www.gasia.com.tr\/en\/wp-json\/wp\/v2\/product\/42718","targetHints":{"allow":["GET"]}}],"collection":[{"href":"https:\/\/www.gasia.com.tr\/en\/wp-json\/wp\/v2\/product"}],"about":[{"href":"https:\/\/www.gasia.com.tr\/en\/wp-json\/wp\/v2\/types\/product"}],"replies":[{"embeddable":true,"href":"https:\/\/www.gasia.com.tr\/en\/wp-json\/wp\/v2\/comments?post=42718"}],"version-history":[{"count":1,"href":"https:\/\/www.gasia.com.tr\/en\/wp-json\/wp\/v2\/product\/42718\/revisions"}],"predecessor-version":[{"id":42720,"href":"https:\/\/www.gasia.com.tr\/en\/wp-json\/wp\/v2\/product\/42718\/revisions\/42720"}],"wp:featuredmedia":[{"embeddable":true,"href":"https:\/\/www.gasia.com.tr\/en\/wp-json\/wp\/v2\/media\/42719"}],"wp:attachment":[{"href":"https:\/\/www.gasia.com.tr\/en\/wp-json\/wp\/v2\/media?parent=42718"}],"wp:term":[{"taxonomy":"product_brand","embeddable":true,"href":"https:\/\/www.gasia.com.tr\/en\/wp-json\/wp\/v2\/product_brand?post=42718"},{"taxonomy":"product_cat","embeddable":true,"href":"https:\/\/www.gasia.com.tr\/en\/wp-json\/wp\/v2\/product_cat?post=42718"},{"taxonomy":"product_tag","embeddable":true,"href":"https:\/\/www.gasia.com.tr\/en\/wp-json\/wp\/v2\/product_tag?post=42718"}],"curies":[{"name":"wp","href":"https:\/\/api.w.org\/{rel}","templated":true}]}}