{"id":42721,"date":"2026-04-25T22:55:05","date_gmt":"2026-04-25T19:55:05","guid":{"rendered":"https:\/\/www.gasia.com.tr\/?post_type=product&#038;p=42721"},"modified":"2026-04-25T22:57:54","modified_gmt":"2026-04-25T19:57:54","slug":"konyak-renk-pirlanta-tasli-okside-gumus-kolye","status":"publish","type":"product","link":"https:\/\/www.gasia.com.tr\/en\/collections\/konyak-renk-pirlanta-tasli-okside-gumus-kolye\/","title":{"rendered":"Konyak Renk P\u0131rlanta Ta\u015fl\u0131 Okside G\u00fcm\u00fc\u015f-Alt\u0131n Kolye"},"content":{"rendered":"<p data-start=\"65\" data-end=\"378\">S\u0131cak tonlar\u0131n zarif \u0131\u015f\u0131lt\u0131s\u0131n\u0131 modern bir dokunu\u015fla bulu\u015fturan bu oksitlenmi\u015f g\u00fcm\u00fc\u015f kolye, merkezde yer alan konyak renk p\u0131rlanta ile dikkat \u00e7eker. Markiz kesim ta\u015f\u0131n amber tonlar\u0131, okside g\u00fcm\u00fc\u015f \u00e7er\u00e7evenin koyu y\u00fczeyiyle kontrast olu\u015fturarak derin ve sofistike bir g\u00f6r\u00fcn\u00fcm sunar.<\/p>\n<p data-start=\"380\" data-end=\"615\">\u0130nce zinciriyle boyunda zarif bir duru\u015f sergileyen bu tasar\u0131m, minimal ama karakterli bir stil yarat\u0131r. Konyak p\u0131rlantan\u0131n s\u0131cak \u0131\u015f\u0131lt\u0131s\u0131, okside g\u00fcm\u00fc\u015f\u00fcn modern ve hafif vintage etkisiyle birle\u015ferek zamans\u0131z bir estetik ortaya koyar.<\/p>\n<p data-start=\"617\" data-end=\"788\">G\u00fcnl\u00fck kombinlere \u015f\u0131k bir dokunu\u015f katarken, \u00f6zel anlarda da fark yaratan \u00f6zg\u00fcn bir par\u00e7ad\u0131r. Do\u011fal tonlar\u0131 ve farkl\u0131 tasar\u0131m anlay\u0131\u015f\u0131n\u0131 sevenler i\u00e7in ideal bir se\u00e7imdir.<\/p>","protected":false},"excerpt":{"rendered":"<p>S\u0131cak tonlar\u0131n zarif \u0131\u015f\u0131lt\u0131s\u0131n\u0131 modern bir dokunu\u015fla bulu\u015fturan bu oksitlenmi\u015f g\u00fcm\u00fc\u015f kolye, merkezde yer alan konyak renk p\u0131rlanta ile dikkat<\/p>","protected":false},"featured_media":42727,"comment_status":"open","ping_status":"closed","template":"","meta":[],"product_brand":[77],"product_cat":[75],"product_tag":[3078,294,2042,3077,3669,3670,2937,277,1365,490,276,2047],"class_list":{"0":"post-42721","1":"product","2":"type-product","3":"status-publish","4":"has-post-thumbnail","6":"product_brand-gasia","7":"product_cat-kolye","8":"product_tag-cognac-diamond-necklace","9":"product_tag-diamond-necklace","10":"product_tag-kadin-taki","11":"product_tag-konyak-pirlanta-kolye","12":"product_tag-markiz-pirlanta","13":"product_tag-marquise-diamond","14":"product_tag-minimal-jewelry","15":"product_tag-modern-kolye","16":"product_tag-okside-gumus-kolye","17":"product_tag-oxidized-silver-necklace","18":"product_tag-pirlanta-kolye","19":"product_tag-women-jewelry","20":"pa_cinsiyet-kadin","22":"first","23":"instock","24":"shipping-taxable","25":"product-type-simple"},"_links":{"self":[{"href":"https:\/\/www.gasia.com.tr\/en\/wp-json\/wp\/v2\/product\/42721","targetHints":{"allow":["GET"]}}],"collection":[{"href":"https:\/\/www.gasia.com.tr\/en\/wp-json\/wp\/v2\/product"}],"about":[{"href":"https:\/\/www.gasia.com.tr\/en\/wp-json\/wp\/v2\/types\/product"}],"replies":[{"embeddable":true,"href":"https:\/\/www.gasia.com.tr\/en\/wp-json\/wp\/v2\/comments?post=42721"}],"version-history":[{"count":3,"href":"https:\/\/www.gasia.com.tr\/en\/wp-json\/wp\/v2\/product\/42721\/revisions"}],"predecessor-version":[{"id":42729,"href":"https:\/\/www.gasia.com.tr\/en\/wp-json\/wp\/v2\/product\/42721\/revisions\/42729"}],"wp:featuredmedia":[{"embeddable":true,"href":"https:\/\/www.gasia.com.tr\/en\/wp-json\/wp\/v2\/media\/42727"}],"wp:attachment":[{"href":"https:\/\/www.gasia.com.tr\/en\/wp-json\/wp\/v2\/media?parent=42721"}],"wp:term":[{"taxonomy":"product_brand","embeddable":true,"href":"https:\/\/www.gasia.com.tr\/en\/wp-json\/wp\/v2\/product_brand?post=42721"},{"taxonomy":"product_cat","embeddable":true,"href":"https:\/\/www.gasia.com.tr\/en\/wp-json\/wp\/v2\/product_cat?post=42721"},{"taxonomy":"product_tag","embeddable":true,"href":"https:\/\/www.gasia.com.tr\/en\/wp-json\/wp\/v2\/product_tag?post=42721"}],"curies":[{"name":"wp","href":"https:\/\/api.w.org\/{rel}","templated":true}]}}