{"id":42730,"date":"2026-04-25T23:02:36","date_gmt":"2026-04-25T20:02:36","guid":{"rendered":"https:\/\/www.gasia.com.tr\/?post_type=product&#038;p=42730"},"modified":"2026-04-25T23:36:08","modified_gmt":"2026-04-25T20:36:08","slug":"kalp-kesim-konyak-pirlanta-tasli-okside-gumus-altin-kolye","status":"publish","type":"product","link":"https:\/\/www.gasia.com.tr\/en\/collections\/kalp-kesim-konyak-pirlanta-tasli-okside-gumus-altin-kolye\/","title":{"rendered":"Kalp Kesim Konyak P\u0131rlanta Ta\u015fl\u0131 Okside G\u00fcm\u00fc\u015f-Alt\u0131n Kolye"},"content":{"rendered":"<p data-start=\"71\" data-end=\"359\">Romantik formu ve s\u0131cak tonlar\u0131yla \u00f6ne \u00e7\u0131kan bu oksitlenmi\u015f g\u00fcm\u00fc\u015f kolye, kalp kesim konyak renk p\u0131rlanta ta\u015f\u0131yla zarif bir \u0131\u015f\u0131lt\u0131 sunar. Derin amber tonlar\u0131na sahip ta\u015f, okside g\u00fcm\u00fc\u015f \u00e7er\u00e7eveyle \u00e7evrelenerek g\u00fc\u00e7l\u00fc bir kontrast ve sofistike bir g\u00f6r\u00fcn\u00fcm kazan\u0131r.<\/p>\n<p data-start=\"361\" data-end=\"533\">Kalp formunun duygusal ifadesi, modern okside y\u00fczey ile birle\u015ferek klasik romantizme \u00e7a\u011fda\u015f bir yorum getirir. Alt\u0131n zincir detay\u0131 ise tasar\u0131ma s\u0131cakl\u0131k ve zarafet katar.<\/p>\n<p data-start=\"535\" data-end=\"739\">G\u00fcnl\u00fck stilinize anlaml\u0131 bir dokunu\u015f eklerken, \u00f6zel anlarda da dikkat \u00e7ekici ve duygusal bir aksesuar olarak \u00f6ne \u00e7\u0131kar. Hem kendiniz hem de sevdikleriniz i\u00e7in \u00f6zel ve zamans\u0131z bir hediye alternatifidir.<\/p>","protected":false},"excerpt":{"rendered":"<p>Romantik formu ve s\u0131cak tonlar\u0131yla \u00f6ne \u00e7\u0131kan bu oksitlenmi\u015f g\u00fcm\u00fc\u015f kolye, kalp kesim konyak renk p\u0131rlanta ta\u015f\u0131yla zarif bir \u0131\u015f\u0131lt\u0131<\/p>","protected":false},"featured_media":42731,"comment_status":"open","ping_status":"closed","template":"","meta":[],"product_brand":[2718],"product_cat":[75,247],"product_tag":[1476,3674,1647,3672,2042,3671,3673,1365,490,3133,1434,2047],"class_list":{"0":"post-42730","1":"product","2":"type-product","3":"status-publish","4":"has-post-thumbnail","6":"product_brand-gasia-casuals","7":"product_cat-kolye","8":"product_cat-hediyelik","9":"product_tag-altin-zincir-kolye","10":"product_tag-cognac-diamond","11":"product_tag-gold-chain-necklace","12":"product_tag-heart-diamond-necklace","13":"product_tag-kadin-taki","14":"product_tag-kalp-pirlanta-kolye","15":"product_tag-konyak-pirlanta","16":"product_tag-okside-gumus-kolye","17":"product_tag-oxidized-silver-necklace","18":"product_tag-romantic-jewelry","19":"product_tag-romantik-kolye","20":"product_tag-women-jewelry","21":"pa_cinsiyet-kadin","23":"first","24":"instock","25":"shipping-taxable","26":"product-type-simple"},"_links":{"self":[{"href":"https:\/\/www.gasia.com.tr\/en\/wp-json\/wp\/v2\/product\/42730","targetHints":{"allow":["GET"]}}],"collection":[{"href":"https:\/\/www.gasia.com.tr\/en\/wp-json\/wp\/v2\/product"}],"about":[{"href":"https:\/\/www.gasia.com.tr\/en\/wp-json\/wp\/v2\/types\/product"}],"replies":[{"embeddable":true,"href":"https:\/\/www.gasia.com.tr\/en\/wp-json\/wp\/v2\/comments?post=42730"}],"version-history":[{"count":1,"href":"https:\/\/www.gasia.com.tr\/en\/wp-json\/wp\/v2\/product\/42730\/revisions"}],"predecessor-version":[{"id":42732,"href":"https:\/\/www.gasia.com.tr\/en\/wp-json\/wp\/v2\/product\/42730\/revisions\/42732"}],"wp:featuredmedia":[{"embeddable":true,"href":"https:\/\/www.gasia.com.tr\/en\/wp-json\/wp\/v2\/media\/42731"}],"wp:attachment":[{"href":"https:\/\/www.gasia.com.tr\/en\/wp-json\/wp\/v2\/media?parent=42730"}],"wp:term":[{"taxonomy":"product_brand","embeddable":true,"href":"https:\/\/www.gasia.com.tr\/en\/wp-json\/wp\/v2\/product_brand?post=42730"},{"taxonomy":"product_cat","embeddable":true,"href":"https:\/\/www.gasia.com.tr\/en\/wp-json\/wp\/v2\/product_cat?post=42730"},{"taxonomy":"product_tag","embeddable":true,"href":"https:\/\/www.gasia.com.tr\/en\/wp-json\/wp\/v2\/product_tag?post=42730"}],"curies":[{"name":"wp","href":"https:\/\/api.w.org\/{rel}","templated":true}]}}