{"id":42733,"date":"2026-04-25T23:04:08","date_gmt":"2026-04-25T20:04:08","guid":{"rendered":"https:\/\/www.gasia.com.tr\/?post_type=product&#038;p=42733"},"modified":"2026-04-25T23:36:00","modified_gmt":"2026-04-25T20:36:00","slug":"oval-kesim-konyak-tasli-okside-gumus-altin-kolye","status":"publish","type":"product","link":"https:\/\/www.gasia.com.tr\/en\/collections\/oval-kesim-konyak-tasli-okside-gumus-altin-kolye\/","title":{"rendered":"Oval Kesim Konyak Ta\u015fl\u0131 Okside G\u00fcm\u00fc\u015f-Alt\u0131n Kolye"},"content":{"rendered":"<p data-start=\"62\" data-end=\"363\">Minimal ve g\u00fc\u00e7l\u00fc bir esteti\u011fi bir araya getiren bu oksitlenmi\u015f g\u00fcm\u00fc\u015f kolye, oval kesim konyak tonlu ta\u015f detay\u0131yla sade \u015f\u0131kl\u0131\u011f\u0131n en zarif halini sunar. S\u0131cak kahve-alt\u0131n yans\u0131malara sahip ta\u015f, koyu okside \u00e7er\u00e7eveyle \u00e7evrelenerek derinlikli ve modern bir kontrast olu\u015fturur.<\/p>\n<p data-start=\"365\" data-end=\"568\">\u0130nce alt\u0131n zincir ile tamamlanan tasar\u0131m, hem g\u00fcnl\u00fck kullan\u0131ma uygun hafiflikte hem de \u00f6zel kombinlere uyum sa\u011flayacak kadar dikkat \u00e7ekicidir. Zamans\u0131z formu sayesinde farkl\u0131 stillerle kolayca e\u015fle\u015fir.<\/p>\n<p data-start=\"570\" data-end=\"686\">Do\u011fal tonlar\u0131 ve sade formu sevenler i\u00e7in sofistike bir se\u00e7im; ayn\u0131 zamanda anlaml\u0131 ve \u015f\u0131k bir hediye alternatifi.<\/p>","protected":false},"excerpt":{"rendered":"<p>Minimal ve g\u00fc\u00e7l\u00fc bir esteti\u011fi bir araya getiren bu oksitlenmi\u015f g\u00fcm\u00fc\u015f kolye, oval kesim konyak tonlu ta\u015f detay\u0131yla sade \u015f\u0131kl\u0131\u011f\u0131n<\/p>","protected":false},"featured_media":42734,"comment_status":"open","ping_status":"closed","template":"","meta":[],"product_brand":[2718],"product_cat":[247,75],"product_tag":[1476,3676,1647,473,3675,273,1639,1365,2929,1635,490,1632],"class_list":{"0":"post-42733","1":"product","2":"type-product","3":"status-publish","4":"has-post-thumbnail","6":"product_brand-gasia-casuals","7":"product_cat-hediyelik","8":"product_cat-kolye","9":"product_tag-altin-zincir-kolye","10":"product_tag-cognac-stone-necklace","11":"product_tag-gold-chain-necklace","12":"product_tag-kadin-kolye","13":"product_tag-konyak-tas-kolye","14":"product_tag-minimal-kolye","15":"product_tag-minimalist-jewelry","16":"product_tag-okside-gumus-kolye","17":"product_tag-oval-gemstone-necklace","18":"product_tag-oval-tas-kolye","19":"product_tag-oxidized-silver-necklace","20":"product_tag-women-necklace","21":"pa_cinsiyet-kadin","23":"first","24":"instock","25":"shipping-taxable","26":"product-type-simple"},"_links":{"self":[{"href":"https:\/\/www.gasia.com.tr\/en\/wp-json\/wp\/v2\/product\/42733","targetHints":{"allow":["GET"]}}],"collection":[{"href":"https:\/\/www.gasia.com.tr\/en\/wp-json\/wp\/v2\/product"}],"about":[{"href":"https:\/\/www.gasia.com.tr\/en\/wp-json\/wp\/v2\/types\/product"}],"replies":[{"embeddable":true,"href":"https:\/\/www.gasia.com.tr\/en\/wp-json\/wp\/v2\/comments?post=42733"}],"version-history":[{"count":2,"href":"https:\/\/www.gasia.com.tr\/en\/wp-json\/wp\/v2\/product\/42733\/revisions"}],"predecessor-version":[{"id":42736,"href":"https:\/\/www.gasia.com.tr\/en\/wp-json\/wp\/v2\/product\/42733\/revisions\/42736"}],"wp:featuredmedia":[{"embeddable":true,"href":"https:\/\/www.gasia.com.tr\/en\/wp-json\/wp\/v2\/media\/42734"}],"wp:attachment":[{"href":"https:\/\/www.gasia.com.tr\/en\/wp-json\/wp\/v2\/media?parent=42733"}],"wp:term":[{"taxonomy":"product_brand","embeddable":true,"href":"https:\/\/www.gasia.com.tr\/en\/wp-json\/wp\/v2\/product_brand?post=42733"},{"taxonomy":"product_cat","embeddable":true,"href":"https:\/\/www.gasia.com.tr\/en\/wp-json\/wp\/v2\/product_cat?post=42733"},{"taxonomy":"product_tag","embeddable":true,"href":"https:\/\/www.gasia.com.tr\/en\/wp-json\/wp\/v2\/product_tag?post=42733"}],"curies":[{"name":"wp","href":"https:\/\/api.w.org\/{rel}","templated":true}]}}