{"id":42737,"date":"2026-04-25T23:05:31","date_gmt":"2026-04-25T20:05:31","guid":{"rendered":"https:\/\/www.gasia.com.tr\/?post_type=product&#038;p=42737"},"modified":"2026-04-25T23:36:00","modified_gmt":"2026-04-25T20:36:00","slug":"baget-kesim-zumrut-tasli-altin-kolye","status":"publish","type":"product","link":"https:\/\/www.gasia.com.tr\/en\/collections\/baget-kesim-zumrut-tasli-altin-kolye\/","title":{"rendered":"Baget Kesim Z\u00fcmr\u00fct Ta\u015fl\u0131 Alt\u0131n Kolye"},"content":{"rendered":"<p data-start=\"56\" data-end=\"332\">Zarafetin en sade haliyle bulu\u015ftu\u011fu bu baget kesim z\u00fcmr\u00fct ta\u015fl\u0131 kolye, modern ve sofistike stilin g\u00fc\u00e7l\u00fc bir temsilcisidir. Canl\u0131 ye\u015fil tonlara sahip dikd\u00f6rtgen kesim ta\u015f, minimal alt\u0131n prong detaylarla sabitlenerek \u0131\u015f\u0131\u011f\u0131 maksimum \u015fekilde yans\u0131t\u0131r.<\/p>\n<p data-start=\"334\" data-end=\"535\">\u0130nce ve zarif alt\u0131n zincir ile tamamlanan tasar\u0131m, boyunda hafif ve \u015f\u0131k bir duru\u015f sa\u011flar. Ayarlanabilir yap\u0131s\u0131 sayesinde farkl\u0131 uzunluklarda kullan\u0131labilir ve katmanl\u0131 kolye kombinleri i\u00e7in idealdir.<\/p>\n<p data-start=\"537\" data-end=\"720\">G\u00fcnl\u00fck \u015f\u0131kl\u0131\u011fa do\u011fal bir \u0131\u015f\u0131lt\u0131 katmak ya da \u00f6zel anlarda zarif bir dokunu\u015f eklemek isteyenler i\u00e7in zamans\u0131z bir par\u00e7a. Ayn\u0131 zamanda anlaml\u0131 ve de\u011ferli bir hediye alternatifi sunar.<\/p>","protected":false},"excerpt":{"rendered":"<p>Zarafetin en sade haliyle bulu\u015ftu\u011fu bu baget kesim z\u00fcmr\u00fct ta\u015fl\u0131 kolye, modern ve sofistike stilin g\u00fc\u00e7l\u00fc bir temsilcisidir. Canl\u0131 ye\u015fil<\/p>","protected":false},"featured_media":42738,"comment_status":"open","ping_status":"closed","template":"","meta":[],"product_brand":[2718],"product_cat":[247,75],"product_tag":[278,3677,3678,1408,322,1764,473,273,1639,1632,2166,1401],"class_list":{"0":"post-42737","1":"product","2":"type-product","3":"status-publish","4":"has-post-thumbnail","6":"product_brand-gasia-casuals","7":"product_cat-hediyelik","8":"product_cat-kolye","9":"product_tag-altin-kolye","10":"product_tag-baget-tas-kolye","11":"product_tag-baguette-gemstone-necklace","12":"product_tag-emerald-necklace","13":"product_tag-gold-necklace","14":"product_tag-green-stone-necklace","15":"product_tag-kadin-kolye","16":"product_tag-minimal-kolye","17":"product_tag-minimalist-jewelry","18":"product_tag-women-necklace","19":"product_tag-yesil-tas-kolye","20":"product_tag-zumrut-kolye","21":"pa_cinsiyet-kadin","23":"first","24":"instock","25":"shipping-taxable","26":"product-type-simple"},"_links":{"self":[{"href":"https:\/\/www.gasia.com.tr\/en\/wp-json\/wp\/v2\/product\/42737","targetHints":{"allow":["GET"]}}],"collection":[{"href":"https:\/\/www.gasia.com.tr\/en\/wp-json\/wp\/v2\/product"}],"about":[{"href":"https:\/\/www.gasia.com.tr\/en\/wp-json\/wp\/v2\/types\/product"}],"replies":[{"embeddable":true,"href":"https:\/\/www.gasia.com.tr\/en\/wp-json\/wp\/v2\/comments?post=42737"}],"version-history":[{"count":2,"href":"https:\/\/www.gasia.com.tr\/en\/wp-json\/wp\/v2\/product\/42737\/revisions"}],"predecessor-version":[{"id":42740,"href":"https:\/\/www.gasia.com.tr\/en\/wp-json\/wp\/v2\/product\/42737\/revisions\/42740"}],"wp:featuredmedia":[{"embeddable":true,"href":"https:\/\/www.gasia.com.tr\/en\/wp-json\/wp\/v2\/media\/42738"}],"wp:attachment":[{"href":"https:\/\/www.gasia.com.tr\/en\/wp-json\/wp\/v2\/media?parent=42737"}],"wp:term":[{"taxonomy":"product_brand","embeddable":true,"href":"https:\/\/www.gasia.com.tr\/en\/wp-json\/wp\/v2\/product_brand?post=42737"},{"taxonomy":"product_cat","embeddable":true,"href":"https:\/\/www.gasia.com.tr\/en\/wp-json\/wp\/v2\/product_cat?post=42737"},{"taxonomy":"product_tag","embeddable":true,"href":"https:\/\/www.gasia.com.tr\/en\/wp-json\/wp\/v2\/product_tag?post=42737"}],"curies":[{"name":"wp","href":"https:\/\/api.w.org\/{rel}","templated":true}]}}